{"id":648,"date":"2018-02-13T10:29:15","date_gmt":"2018-02-13T09:29:15","guid":{"rendered":"http:\/\/naf.se\/?page_id=648"},"modified":"2018-06-07T14:18:56","modified_gmt":"2018-06-07T12:18:56","slug":"industning","status":"publish","type":"page","link":"https:\/\/nafse24.hamlet2.hamrenmedia.se\/sv\/applikationer\/kemisk-massaframstallning\/kemikalieatervinning\/industning\/","title":{"rendered":"Indunstning"},"content":{"rendered":"<p><div class=\"fusion-fullwidth fullwidth-box fusion-builder-row-1 nonhundred-percent-fullwidth non-hundred-percent-height-scrolling\" style=\"--awb-border-radius-top-left:0px;--awb-border-radius-top-right:0px;--awb-border-radius-bottom-right:0px;--awb-border-radius-bottom-left:0px;--awb-flex-wrap:wrap;\" ><div class=\"fusion-builder-row fusion-row\"><div class=\"fusion-layout-column fusion_builder_column fusion-builder-column-0 fusion_builder_column_1_1 1_1 fusion-one-full fusion-column-first fusion-column-last\" style=\"--awb-bg-size:cover;\"><div class=\"fusion-column-wrapper fusion-flex-column-wrapper-legacy\"><div class=\"fusion-title title fusion-title-1 fusion-sep-none fusion-title-text fusion-title-size-one\"><h1 class=\"fusion-title-heading title-heading-left\" style=\"margin:0;\">Indunstning<\/h1><\/div><div class=\"fusion-text fusion-text-1\"><pre>N\u00e4r den utsp\u00e4dda svartluten l\u00e4mnar tv\u00e4ttdelen har den cirka 15% torrhalt. Genom f\u00f6r\u00e5ngning m\u00e5ste torrhalten\u00a0 \u00f6ka till minst 60% f\u00f6r att g\u00f6ra den br\u00e4nnbar. Denna process kallas indunstning.<\/pre>\n<\/div><div class=\"fusion-clearfix\"><\/div><\/div><\/div><\/div><\/div><div class=\"fusion-fullwidth fullwidth-box fusion-builder-row-2 nonhundred-percent-fullwidth non-hundred-percent-height-scrolling\" style=\"--awb-border-radius-top-left:0px;--awb-border-radius-top-right:0px;--awb-border-radius-bottom-right:0px;--awb-border-radius-bottom-left:0px;--awb-flex-wrap:wrap;\" ><div class=\"fusion-builder-row fusion-row\"><div class=\"fusion-layout-column fusion_builder_column fusion-builder-column-1 fusion_builder_column_1_2 1_2 fusion-one-half fusion-column-first\" style=\"--awb-bg-size:cover;width:50%;width:calc(50% - ( ( 4% ) * 0.5 ) );margin-right: 4%;\"><div class=\"fusion-column-wrapper fusion-flex-column-wrapper-legacy\"><div class=\"fusion-text fusion-text-2\"><p>Genom en rad indunstare &#8211; i grunden v\u00e4rmev\u00e4xlare &#8211; som arbetar vid gradvis l\u00e4gre tryck, anv\u00e4nds \u00e5ngan fr\u00e5n ett steg f\u00f6r att v\u00e4rma n\u00e4sta steg. Normalt sker indunstning i sex eller sju steg, ofta kallade effekter. \u00c5nga vid tryck g\u00e5r in i den f\u00f6rsta effekten. Trycket och temperaturen sjunker fr\u00e5n effekt till effekt. I exemplet pumpas den svaga svartluten in i den fj\u00e4rde effekten och den tjocka svartluten avl\u00e4gsnas fr\u00e5n den f\u00f6rsta.<\/p>\n<p>Kondensatet fr\u00e5n den f\u00f6rsta effekten \u00e4r ren och g\u00e5r tillbaka till matarvattentanken. Kondensatet fr\u00e5n de andra stegen kan anv\u00e4ndas i andra delar av processen, t.ex.som tv\u00e4ttvatten. Ej kondenserbara gaser avl\u00e4gsnas och extraheras och br\u00e4nns.<\/p>\n<p>Den tunna svartluten inneh\u00e5ller r\u00e5talls\u00e5pa, som b\u00f6r separeras och \u00e5tervinnas f\u00f6r produktion av tallolja &#8211; en produkt f\u00f6r den kemiska industri och som ocks\u00e5 kan anv\u00e4ndas f\u00f6r att g\u00f6ra biobr\u00e4nslen.<\/p>\n<\/div><div class=\"fusion-clearfix\"><\/div><\/div><\/div><div class=\"fusion-layout-column fusion_builder_column fusion-builder-column-2 fusion_builder_column_1_2 1_2 fusion-one-half fusion-column-last\" style=\"--awb-bg-size:cover;width:50%;width:calc(50% - ( ( 4% ) * 0.5 ) );\"><div class=\"fusion-column-wrapper fusion-flex-column-wrapper-legacy\"><a class=\"awb-lightbox awb-lightbox-1\" href=\"https:\/\/nafse24.hamlet2.hamrenmedia.se\/wp-content\/uploads\/2018\/05\/Indunstning-1024x678.jpg\" data-rel=\"iLightbox\"><img src=\"https:\/\/nafse24.hamlet2.hamrenmedia.se\/wp-content\/uploads\/2018\/05\/Indunstning-1024x678.jpg\"><\/a><div class=\"fusion-text fusion-text-3\"><p style=\"text-align: right;\"><em>Tryck f\u00f6r st\u00f6rre bild.<\/em><\/p>\n<\/div><div class=\"fusion-clearfix\"><\/div><\/div><\/div><div class=\"fusion-layout-column fusion_builder_column fusion-builder-column-3 fusion_builder_column_1_1 1_1 fusion-one-full fusion-column-first fusion-column-last\" style=\"--awb-bg-size:cover;\"><div class=\"fusion-column-wrapper fusion-flex-column-wrapper-legacy\"><div class=\"fusion-title title fusion-title-2 fusion-sep-none fusion-title-text fusion-title-size-two\"><h2 class=\"fusion-title-heading title-heading-left\" style=\"margin:0;\"><h2 class=\"title-heading-left\"><b>Exempel p\u00e5 NAF-ventiler som anv\u00e4nds i denna\u00a0<\/b><b>process<\/b><\/h2><\/h2><\/div><div class=\"fusion-text fusion-text-4\"><ul>\n<li><b>NAF <\/b><b>Setball<\/b> V-ports kulsektorventil f\u00f6r reglering- reglering av svartlut med torrhalter upp till 85%, reglering av kondensat, reglering av mellantrycks\u00e5nga till indunstarna, vatten till \u00f6verhettad \u00e5nga<\/li>\n<li><b>NAF <\/b><b>Duball<\/b><b> DL <\/b>fullopps kulventil- svartlutsapplikationer med en torrhalt upp till 75% (reglering och on\/off).<\/li>\n<li><b>NAF <\/b><b>Turnex<\/b> pneumatisk man\u00f6verdon- f\u00f6r all anv\u00e4ndning p\u00e5 NAFs vridande on\/off- och reglerventiler<\/li>\n<li><b>NAF <\/b><b>Check <\/b>spj\u00e4llbackventil- allm\u00e4n anv\u00e4ndning p\u00e5 massa-, \u00e5ng- och svartlutsledningar<\/li>\n<li><b>NAF Triball <\/b>tredelad, fullopps kulventil- dr\u00e4nageventil, provtagningsventiler<\/li>\n<li><b>NAF Serie 48 <\/b>kilslidsventil- anv\u00e4ndning p\u00e5 tankar<\/li>\n<\/ul>\n<\/div><div class=\"fusion-clearfix\"><\/div><\/div><\/div><\/div><\/div><\/p>\n","protected":false},"excerpt":{"rendered":"","protected":false},"author":1,"featured_media":2027,"parent":535,"menu_order":8,"comment_status":"closed","ping_status":"closed","template":"templates\/undersidor.php","meta":{"footnotes":""},"acf":[],"yoast_head":"<!-- This site is optimized with the Yoast SEO plugin v21.0 - https:\/\/yoast.com\/wordpress\/plugins\/seo\/ -->\n<title>Indunstning | NAF Control Valves<\/title>\n<meta name=\"description\" content=\"N\u00e4r den utsp\u00e4dda svartluten l\u00e4mnar tv\u00e4ttdelen har den cirka 15% torrhalt. Genom f\u00f6r\u00e5ngning m\u00e5ste torrhalten \u00f6ka till minst 60% f\u00f6r att g\u00f6ra den br\u00e4nnbar. Denna process kallas indunstning.\" \/>\n<meta name=\"robots\" content=\"noindex, follow, max-snippet:-1, max-image-preview:large, max-video-preview:-1\" \/>\n<meta property=\"og:locale\" content=\"sv_SE\" \/>\n<meta property=\"og:type\" content=\"article\" \/>\n<meta property=\"og:title\" content=\"Indunstning | NAF Control Valves\" \/>\n<meta property=\"og:description\" content=\"N\u00e4r den utsp\u00e4dda svartluten l\u00e4mnar tv\u00e4ttdelen har den cirka 15% torrhalt. Genom f\u00f6r\u00e5ngning m\u00e5ste torrhalten \u00f6ka till minst 60% f\u00f6r att g\u00f6ra den br\u00e4nnbar. Denna process kallas indunstning.\" \/>\n<meta property=\"og:url\" content=\"https:\/\/nafse24.hamlet2.hamrenmedia.se\/sv\/applikationer\/kemisk-massaframstallning\/kemikalieatervinning\/industning\/\" \/>\n<meta property=\"og:site_name\" content=\"NAF Control Valves\" \/>\n<meta property=\"article:modified_time\" content=\"2018-06-07T12:18:56+00:00\" \/>\n<meta property=\"og:image\" content=\"https:\/\/nafse24.hamlet2.hamrenmedia.se\/wp-content\/uploads\/2018\/05\/Indunstning.jpg\" \/>\n\t<meta property=\"og:image:width\" content=\"1508\" \/>\n\t<meta property=\"og:image:height\" content=\"999\" \/>\n\t<meta property=\"og:image:type\" content=\"image\/jpeg\" \/>\n<meta name=\"twitter:card\" content=\"summary_large_image\" \/>\n<meta name=\"twitter:label1\" content=\"Ber\u00e4knad l\u00e4stid\" \/>\n\t<meta name=\"twitter:data1\" content=\"5 minuter\" \/>\n<script type=\"application\/ld+json\" class=\"yoast-schema-graph\">{\"@context\":\"https:\/\/schema.org\",\"@graph\":[{\"@type\":\"WebPage\",\"@id\":\"https:\/\/nafse24.hamlet2.hamrenmedia.se\/sv\/applikationer\/kemisk-massaframstallning\/kemikalieatervinning\/industning\/\",\"url\":\"https:\/\/nafse24.hamlet2.hamrenmedia.se\/sv\/applikationer\/kemisk-massaframstallning\/kemikalieatervinning\/industning\/\",\"name\":\"Indunstning | NAF Control Valves\",\"isPartOf\":{\"@id\":\"https:\/\/nafse24.hamlet2.hamrenmedia.se\/#website\"},\"datePublished\":\"2018-02-13T09:29:15+00:00\",\"dateModified\":\"2018-06-07T12:18:56+00:00\",\"description\":\"N\u00e4r den utsp\u00e4dda svartluten l\u00e4mnar tv\u00e4ttdelen har den cirka 15% torrhalt. Genom f\u00f6r\u00e5ngning m\u00e5ste torrhalten \u00f6ka till minst 60% f\u00f6r att g\u00f6ra den br\u00e4nnbar. Denna process kallas indunstning.\",\"breadcrumb\":{\"@id\":\"https:\/\/nafse24.hamlet2.hamrenmedia.se\/sv\/applikationer\/kemisk-massaframstallning\/kemikalieatervinning\/industning\/#breadcrumb\"},\"inLanguage\":\"sv-SE\",\"potentialAction\":[{\"@type\":\"ReadAction\",\"target\":[\"https:\/\/nafse24.hamlet2.hamrenmedia.se\/sv\/applikationer\/kemisk-massaframstallning\/kemikalieatervinning\/industning\/\"]}]},{\"@type\":\"BreadcrumbList\",\"@id\":\"https:\/\/nafse24.hamlet2.hamrenmedia.se\/sv\/applikationer\/kemisk-massaframstallning\/kemikalieatervinning\/industning\/#breadcrumb\",\"itemListElement\":[{\"@type\":\"ListItem\",\"position\":1,\"name\":\"Hem\",\"item\":\"https:\/\/nafse24.hamlet2.hamrenmedia.se\/sv\/\"},{\"@type\":\"ListItem\",\"position\":2,\"name\":\"Applikationer\",\"item\":\"https:\/\/nafse24.hamlet2.hamrenmedia.se\/sv\/applikationer\/\"},{\"@type\":\"ListItem\",\"position\":3,\"name\":\"Kemisk Massaframst\u00e4llning\",\"item\":\"https:\/\/nafse24.hamlet2.hamrenmedia.se\/sv\/applikationer\/kemisk-massaframstallning\/\"},{\"@type\":\"ListItem\",\"position\":4,\"name\":\"Kemikalie\u00e5tervinning och Energiproduktion\",\"item\":\"https:\/\/nafse24.hamlet2.hamrenmedia.se\/sv\/applikationer\/kemisk-massaframstallning\/kemikalieatervinning\/\"},{\"@type\":\"ListItem\",\"position\":5,\"name\":\"Indunstning\"}]},{\"@type\":\"WebSite\",\"@id\":\"https:\/\/nafse24.hamlet2.hamrenmedia.se\/#website\",\"url\":\"https:\/\/nafse24.hamlet2.hamrenmedia.se\/\",\"name\":\"NAF Control Valves\",\"description\":\"\",\"publisher\":{\"@id\":\"https:\/\/nafse24.hamlet2.hamrenmedia.se\/#organization\"},\"potentialAction\":[{\"@type\":\"SearchAction\",\"target\":{\"@type\":\"EntryPoint\",\"urlTemplate\":\"https:\/\/nafse24.hamlet2.hamrenmedia.se\/?s={search_term_string}\"},\"query-input\":\"required name=search_term_string\"}],\"inLanguage\":\"sv-SE\"},{\"@type\":\"Organization\",\"@id\":\"https:\/\/nafse24.hamlet2.hamrenmedia.se\/#organization\",\"name\":\"NAF Control Valves\",\"url\":\"https:\/\/nafse24.hamlet2.hamrenmedia.se\/\",\"logo\":{\"@type\":\"ImageObject\",\"inLanguage\":\"sv-SE\",\"@id\":\"https:\/\/nafse24.hamlet2.hamrenmedia.se\/#\/schema\/logo\/image\/\",\"url\":\"https:\/\/nafse24.hamlet2.hamrenmedia.se\/wp-content\/uploads\/2018\/08\/flowserve-naf-logo-white-retina.png\",\"contentUrl\":\"https:\/\/nafse24.hamlet2.hamrenmedia.se\/wp-content\/uploads\/2018\/08\/flowserve-naf-logo-white-retina.png\",\"width\":275,\"height\":146,\"caption\":\"NAF Control Valves\"},\"image\":{\"@id\":\"https:\/\/nafse24.hamlet2.hamrenmedia.se\/#\/schema\/logo\/image\/\"}}]}<\/script>\n<!-- \/ Yoast SEO plugin. -->","yoast_head_json":{"title":"Indunstning | NAF Control Valves","description":"N\u00e4r den utsp\u00e4dda svartluten l\u00e4mnar tv\u00e4ttdelen har den cirka 15% torrhalt. Genom f\u00f6r\u00e5ngning m\u00e5ste torrhalten \u00f6ka till minst 60% f\u00f6r att g\u00f6ra den br\u00e4nnbar. Denna process kallas indunstning.","robots":{"index":"noindex","follow":"follow","max-snippet":"max-snippet:-1","max-image-preview":"max-image-preview:large","max-video-preview":"max-video-preview:-1"},"og_locale":"sv_SE","og_type":"article","og_title":"Indunstning | NAF Control Valves","og_description":"N\u00e4r den utsp\u00e4dda svartluten l\u00e4mnar tv\u00e4ttdelen har den cirka 15% torrhalt. Genom f\u00f6r\u00e5ngning m\u00e5ste torrhalten \u00f6ka till minst 60% f\u00f6r att g\u00f6ra den br\u00e4nnbar. Denna process kallas indunstning.","og_url":"https:\/\/nafse24.hamlet2.hamrenmedia.se\/sv\/applikationer\/kemisk-massaframstallning\/kemikalieatervinning\/industning\/","og_site_name":"NAF Control Valves","article_modified_time":"2018-06-07T12:18:56+00:00","og_image":[{"width":1508,"height":999,"url":"https:\/\/nafse24.hamlet2.hamrenmedia.se\/wp-content\/uploads\/2018\/05\/Indunstning.jpg","type":"image\/jpeg"}],"twitter_card":"summary_large_image","twitter_misc":{"Ber\u00e4knad l\u00e4stid":"5 minuter"},"schema":{"@context":"https:\/\/schema.org","@graph":[{"@type":"WebPage","@id":"https:\/\/nafse24.hamlet2.hamrenmedia.se\/sv\/applikationer\/kemisk-massaframstallning\/kemikalieatervinning\/industning\/","url":"https:\/\/nafse24.hamlet2.hamrenmedia.se\/sv\/applikationer\/kemisk-massaframstallning\/kemikalieatervinning\/industning\/","name":"Indunstning | NAF Control Valves","isPartOf":{"@id":"https:\/\/nafse24.hamlet2.hamrenmedia.se\/#website"},"datePublished":"2018-02-13T09:29:15+00:00","dateModified":"2018-06-07T12:18:56+00:00","description":"N\u00e4r den utsp\u00e4dda svartluten l\u00e4mnar tv\u00e4ttdelen har den cirka 15% torrhalt. Genom f\u00f6r\u00e5ngning m\u00e5ste torrhalten \u00f6ka till minst 60% f\u00f6r att g\u00f6ra den br\u00e4nnbar. Denna process kallas indunstning.","breadcrumb":{"@id":"https:\/\/nafse24.hamlet2.hamrenmedia.se\/sv\/applikationer\/kemisk-massaframstallning\/kemikalieatervinning\/industning\/#breadcrumb"},"inLanguage":"sv-SE","potentialAction":[{"@type":"ReadAction","target":["https:\/\/nafse24.hamlet2.hamrenmedia.se\/sv\/applikationer\/kemisk-massaframstallning\/kemikalieatervinning\/industning\/"]}]},{"@type":"BreadcrumbList","@id":"https:\/\/nafse24.hamlet2.hamrenmedia.se\/sv\/applikationer\/kemisk-massaframstallning\/kemikalieatervinning\/industning\/#breadcrumb","itemListElement":[{"@type":"ListItem","position":1,"name":"Hem","item":"https:\/\/nafse24.hamlet2.hamrenmedia.se\/sv\/"},{"@type":"ListItem","position":2,"name":"Applikationer","item":"https:\/\/nafse24.hamlet2.hamrenmedia.se\/sv\/applikationer\/"},{"@type":"ListItem","position":3,"name":"Kemisk Massaframst\u00e4llning","item":"https:\/\/nafse24.hamlet2.hamrenmedia.se\/sv\/applikationer\/kemisk-massaframstallning\/"},{"@type":"ListItem","position":4,"name":"Kemikalie\u00e5tervinning och Energiproduktion","item":"https:\/\/nafse24.hamlet2.hamrenmedia.se\/sv\/applikationer\/kemisk-massaframstallning\/kemikalieatervinning\/"},{"@type":"ListItem","position":5,"name":"Indunstning"}]},{"@type":"WebSite","@id":"https:\/\/nafse24.hamlet2.hamrenmedia.se\/#website","url":"https:\/\/nafse24.hamlet2.hamrenmedia.se\/","name":"NAF Control Valves","description":"","publisher":{"@id":"https:\/\/nafse24.hamlet2.hamrenmedia.se\/#organization"},"potentialAction":[{"@type":"SearchAction","target":{"@type":"EntryPoint","urlTemplate":"https:\/\/nafse24.hamlet2.hamrenmedia.se\/?s={search_term_string}"},"query-input":"required name=search_term_string"}],"inLanguage":"sv-SE"},{"@type":"Organization","@id":"https:\/\/nafse24.hamlet2.hamrenmedia.se\/#organization","name":"NAF Control Valves","url":"https:\/\/nafse24.hamlet2.hamrenmedia.se\/","logo":{"@type":"ImageObject","inLanguage":"sv-SE","@id":"https:\/\/nafse24.hamlet2.hamrenmedia.se\/#\/schema\/logo\/image\/","url":"https:\/\/nafse24.hamlet2.hamrenmedia.se\/wp-content\/uploads\/2018\/08\/flowserve-naf-logo-white-retina.png","contentUrl":"https:\/\/nafse24.hamlet2.hamrenmedia.se\/wp-content\/uploads\/2018\/08\/flowserve-naf-logo-white-retina.png","width":275,"height":146,"caption":"NAF Control Valves"},"image":{"@id":"https:\/\/nafse24.hamlet2.hamrenmedia.se\/#\/schema\/logo\/image\/"}}]}},"_links":{"self":[{"href":"https:\/\/nafse24.hamlet2.hamrenmedia.se\/sv\/wp-json\/wp\/v2\/pages\/648"}],"collection":[{"href":"https:\/\/nafse24.hamlet2.hamrenmedia.se\/sv\/wp-json\/wp\/v2\/pages"}],"about":[{"href":"https:\/\/nafse24.hamlet2.hamrenmedia.se\/sv\/wp-json\/wp\/v2\/types\/page"}],"author":[{"embeddable":true,"href":"https:\/\/nafse24.hamlet2.hamrenmedia.se\/sv\/wp-json\/wp\/v2\/users\/1"}],"replies":[{"embeddable":true,"href":"https:\/\/nafse24.hamlet2.hamrenmedia.se\/sv\/wp-json\/wp\/v2\/comments?post=648"}],"version-history":[{"count":2,"href":"https:\/\/nafse24.hamlet2.hamrenmedia.se\/sv\/wp-json\/wp\/v2\/pages\/648\/revisions"}],"predecessor-version":[{"id":2033,"href":"https:\/\/nafse24.hamlet2.hamrenmedia.se\/sv\/wp-json\/wp\/v2\/pages\/648\/revisions\/2033"}],"up":[{"embeddable":true,"href":"https:\/\/nafse24.hamlet2.hamrenmedia.se\/sv\/wp-json\/wp\/v2\/pages\/535"}],"wp:featuredmedia":[{"embeddable":true,"href":"https:\/\/nafse24.hamlet2.hamrenmedia.se\/sv\/wp-json\/wp\/v2\/media\/2027"}],"wp:attachment":[{"href":"https:\/\/nafse24.hamlet2.hamrenmedia.se\/sv\/wp-json\/wp\/v2\/media?parent=648"}],"curies":[{"name":"wp","href":"https:\/\/api.w.org\/{rel}","templated":true}]}}