{"id":57,"date":"2017-10-19T16:07:27","date_gmt":"2017-10-19T14:07:27","guid":{"rendered":"http:\/\/naf.se\/?page_id=57"},"modified":"2018-06-07T13:48:51","modified_gmt":"2018-06-07T11:48:51","slug":"artiklar","status":"publish","type":"page","link":"https:\/\/nafse24.hamlet2.hamrenmedia.se\/sv\/onlineverktyg\/artiklar\/","title":{"rendered":"Artiklar"},"content":{"rendered":"<div class=\"fusion-fullwidth fullwidth-box fusion-builder-row-1 section nonhundred-percent-fullwidth non-hundred-percent-height-scrolling\" style=\"--awb-border-radius-top-left:0px;--awb-border-radius-top-right:0px;--awb-border-radius-bottom-right:0px;--awb-border-radius-bottom-left:0px;--awb-flex-wrap:wrap;\" ><div class=\"fusion-builder-row fusion-row\"><div class=\"fusion-layout-column fusion_builder_column fusion-builder-column-0 fusion_builder_column_1_1 1_1 fusion-one-full fusion-column-first fusion-column-last\" style=\"--awb-bg-size:cover;\"><div class=\"fusion-column-wrapper fusion-flex-column-wrapper-legacy\"><div class=\"fusion-title title fusion-title-1 fusion-sep-none fusion-title-text fusion-title-size-one\"><h1 class=\"fusion-title-heading title-heading-left\" style=\"margin:0;\">Nyheter och artiklar<\/h1><\/div><div class=\"fusion-clearfix\"><\/div><\/div><\/div><div class=\"fusion-layout-column fusion_builder_column fusion-builder-column-1 fusion_builder_column_1_1 1_1 fusion-one-full fusion-column-first fusion-column-last\" style=\"--awb-bg-size:cover;\"><div class=\"fusion-column-wrapper fusion-flex-column-wrapper-legacy\"><div class=\"articles-wrapper\">\n\t\t\t\n\t\t<a href=\"https:\/\/nafse24.hamlet2.hamrenmedia.se\/sv\/naf-control-valves-ar-nu-en-del-av-andritz\/\" class=\"article \" style=\"background-image: url(https:\/\/nafse24.hamlet2.hamrenmedia.se\/wp-content\/uploads\/2018\/05\/ANDRITZ-H1_LR-300x274.jpg)\">\n\t\t\t<div class=\"article-inner tester\">\n\t\t\t\t<span class=\"entry-title\">NAF Control Valves \u00e4r nu en del av ANDRITZ<\/span>\n\t\t\t\t<div class=\"entry-meta\">\n\t\t\t\t<span>Okategoriserad<\/span>\t\t\t\t<span>22 maj, 2024<\/span>\n\t\t\t\t<\/div>\n\t\t\t<\/div>\n\t\t<\/a>\n\t\t\t\n\t\t<a href=\"https:\/\/nafse24.hamlet2.hamrenmedia.se\/sv\/flowserve-naf-erhaller-amerikansk-utmarkelse-som-ett-av-de-sakraste-industriforetagen-att-arbeta-pa\/\" class=\"article \" style=\"background-image: url(https:\/\/nafse24.hamlet2.hamrenmedia.se\/wp-content\/uploads\/2019\/10\/Award-300x220.png)\">\n\t\t\t<div class=\"article-inner tester\">\n\t\t\t\t<span class=\"entry-title\">NAF erh\u00e5ller amerikansk utm\u00e4rkelse som ett av de s\u00e4kraste industrif\u00f6retagen att arbeta p\u00e5<\/span>\n\t\t\t\t<div class=\"entry-meta\">\n\t\t\t\t<span>Aktuellt<\/span>\t\t\t\t<span>3 oktober, 2019<\/span>\n\t\t\t\t<\/div>\n\t\t\t<\/div>\n\t\t<\/a>\n\t\t\t\n\t\t<a href=\"https:\/\/nafse24.hamlet2.hamrenmedia.se\/sv\/flowserve-nafs-produkter-atercertifierade-for-sil-3-av-exida\/\" class=\"article \" style=\"background-image: url(https:\/\/nafse24.hamlet2.hamrenmedia.se\/wp-content\/uploads\/2018\/08\/SIL-exida-300x180.jpg)\">\n\t\t\t<div class=\"article-inner tester\">\n\t\t\t\t<span class=\"entry-title\">NAF&#8217;s produkter \u00e5tercertifierade f\u00f6r SIL 3 av exida.<\/span>\n\t\t\t\t<div class=\"entry-meta\">\n\t\t\t\t<span>Produkter<\/span>\t\t\t\t<span>27 augusti, 2018<\/span>\n\t\t\t\t<\/div>\n\t\t\t<\/div>\n\t\t<\/a>\n\t\t\t\n\t\t<a href=\"https:\/\/nafse24.hamlet2.hamrenmedia.se\/sv\/2120\/\" class=\"article \" style=\"background-image: url(https:\/\/nafse24.hamlet2.hamrenmedia.se\/wp-content\/uploads\/2018\/05\/Success-stories-300x200.jpg)\">\n\t\t\t<div class=\"article-inner tester\">\n\t\t\t\t<span class=\"entry-title\">Globala leveranser, lokal n\u00e4rvaro- L\u00e4s om v\u00e5ra framg\u00e5ngar till massabruk i Brasilien<\/span>\n\t\t\t\t<div class=\"entry-meta\">\n\t\t\t\t<span>Aktuellt<\/span>\t\t\t\t<span>30 maj, 2018<\/span>\n\t\t\t\t<\/div>\n\t\t\t<\/div>\n\t\t<\/a>\n\t\t\t\n\t\t<a href=\"https:\/\/nafse24.hamlet2.hamrenmedia.se\/sv\/test\/\" class=\"article \" style=\"background-image: url(https:\/\/nafse24.hamlet2.hamrenmedia.se\/wp-content\/uploads\/2018\/04\/Setball-SF-300x180.jpg)\">\n\t\t\t<div class=\"article-inner tester\">\n\t\t\t\t<span class=\"entry-title\">Testa v\u00e5r interaktiva 3D-modell f\u00f6r NAF Setball SF!<\/span>\n\t\t\t\t<div class=\"entry-meta\">\n\t\t\t\t<span>Produkter<\/span>\t\t\t\t<span>18 april, 2018<\/span>\n\t\t\t\t<\/div>\n\t\t\t<\/div>\n\t\t<\/a>\n\t\t\t\n\t\t<a href=\"https:\/\/nafse24.hamlet2.hamrenmedia.se\/sv\/lansering-av-naf-setball\/\" class=\"article \" style=\"background-image: url(https:\/\/nafse24.hamlet2.hamrenmedia.se\/wp-content\/uploads\/2016\/02\/Setball-SF-skuren-uppifr\u00e5n-small-300x300.jpg)\">\n\t\t\t<div class=\"article-inner tester\">\n\t\t\t\t<span class=\"entry-title\">Flowserve NAF lanserar ny kulsektorventil NAF Setball SF<\/span>\n\t\t\t\t<div class=\"entry-meta\">\n\t\t\t\t<span>Produkter<\/span>\t\t\t\t<span>16 februari, 2016<\/span>\n\t\t\t\t<\/div>\n\t\t\t<\/div>\n\t\t<\/a>\n\t\t\t\n\t\t<a href=\"https:\/\/nafse24.hamlet2.hamrenmedia.se\/sv\/klabin\/\" class=\"article \" style=\"background-image: url(https:\/\/nafse24.hamlet2.hamrenmedia.se\/wp-content\/uploads\/2015\/04\/NAF_Eldorado_Deslignification-Reactor-Valve-235x300.jpg)\">\n\t\t\t<div class=\"article-inner tester\">\n\t\t\t\t<span class=\"entry-title\">Flowserve NAF utvald som leverant\u00f6r till Klabins nya massabruk i Brasilien<\/span>\n\t\t\t\t<div class=\"entry-meta\">\n\t\t\t\t<span>Aktuellt<\/span>\t\t\t\t<span>9 april, 2015<\/span>\n\t\t\t\t<\/div>\n\t\t\t<\/div>\n\t\t<\/a>\n\t<\/div><div class=\"fusion-clearfix\"><\/div><\/div><\/div><\/div><\/div>\n","protected":false},"excerpt":{"rendered":"","protected":false},"author":1,"featured_media":0,"parent":1683,"menu_order":3,"comment_status":"closed","ping_status":"closed","template":"templates\/undersidor.php","meta":{"footnotes":""},"acf":[],"yoast_head":"<!-- This site is optimized with the Yoast SEO plugin v21.0 - https:\/\/yoast.com\/wordpress\/plugins\/seo\/ -->\n<title>Artiklar | NAF Control Valves<\/title>\n<meta name=\"description\" content=\"NAF \u00e4r specialisten p\u00e5 90-graders ventiler \u2013 h\u00f6gpresterande, underh\u00e5llsfria och intelligenta reglerventilspaket med direktmontage, d\u00e4r alla delar \u00e4r moduluppbyggda och konstruerade f\u00f6r att prestera optimalt tillsammans. H\u00e5ll dig uppdaterad om verksamheten genom att l\u00e4sa v\u00e5ra artiklar!\" \/>\n<meta name=\"robots\" content=\"noindex, follow, max-snippet:-1, max-image-preview:large, max-video-preview:-1\" \/>\n<meta property=\"og:locale\" content=\"sv_SE\" \/>\n<meta property=\"og:type\" content=\"article\" \/>\n<meta property=\"og:title\" content=\"Artiklar | NAF Control Valves\" \/>\n<meta property=\"og:description\" content=\"NAF \u00e4r specialisten p\u00e5 90-graders ventiler \u2013 h\u00f6gpresterande, underh\u00e5llsfria och intelligenta reglerventilspaket med direktmontage, d\u00e4r alla delar \u00e4r moduluppbyggda och konstruerade f\u00f6r att prestera optimalt tillsammans. H\u00e5ll dig uppdaterad om verksamheten genom att l\u00e4sa v\u00e5ra artiklar!\" \/>\n<meta property=\"og:url\" content=\"https:\/\/nafse24.hamlet2.hamrenmedia.se\/sv\/onlineverktyg\/artiklar\/\" \/>\n<meta property=\"og:site_name\" content=\"NAF Control Valves\" \/>\n<meta property=\"article:modified_time\" content=\"2018-06-07T11:48:51+00:00\" \/>\n<meta name=\"twitter:card\" content=\"summary_large_image\" \/>\n<meta name=\"twitter:label1\" content=\"Ber\u00e4knad l\u00e4stid\" \/>\n\t<meta name=\"twitter:data1\" content=\"1 minut\" \/>\n<script type=\"application\/ld+json\" class=\"yoast-schema-graph\">{\"@context\":\"https:\/\/schema.org\",\"@graph\":[{\"@type\":\"WebPage\",\"@id\":\"https:\/\/nafse24.hamlet2.hamrenmedia.se\/sv\/onlineverktyg\/artiklar\/\",\"url\":\"https:\/\/nafse24.hamlet2.hamrenmedia.se\/sv\/onlineverktyg\/artiklar\/\",\"name\":\"Artiklar | NAF Control Valves\",\"isPartOf\":{\"@id\":\"https:\/\/nafse24.hamlet2.hamrenmedia.se\/#website\"},\"datePublished\":\"2017-10-19T14:07:27+00:00\",\"dateModified\":\"2018-06-07T11:48:51+00:00\",\"description\":\"NAF \u00e4r specialisten p\u00e5 90-graders ventiler \u2013 h\u00f6gpresterande, underh\u00e5llsfria och intelligenta reglerventilspaket med direktmontage, d\u00e4r alla delar \u00e4r moduluppbyggda och konstruerade f\u00f6r att prestera optimalt tillsammans. H\u00e5ll dig uppdaterad om verksamheten genom att l\u00e4sa v\u00e5ra artiklar!\",\"breadcrumb\":{\"@id\":\"https:\/\/nafse24.hamlet2.hamrenmedia.se\/sv\/onlineverktyg\/artiklar\/#breadcrumb\"},\"inLanguage\":\"sv-SE\",\"potentialAction\":[{\"@type\":\"ReadAction\",\"target\":[\"https:\/\/nafse24.hamlet2.hamrenmedia.se\/sv\/onlineverktyg\/artiklar\/\"]}]},{\"@type\":\"BreadcrumbList\",\"@id\":\"https:\/\/nafse24.hamlet2.hamrenmedia.se\/sv\/onlineverktyg\/artiklar\/#breadcrumb\",\"itemListElement\":[{\"@type\":\"ListItem\",\"position\":1,\"name\":\"Hem\",\"item\":\"https:\/\/nafse24.hamlet2.hamrenmedia.se\/sv\/\"},{\"@type\":\"ListItem\",\"position\":2,\"name\":\"Online-verktyg\",\"item\":\"https:\/\/nafse24.hamlet2.hamrenmedia.se\/sv\/onlineverktyg\/\"},{\"@type\":\"ListItem\",\"position\":3,\"name\":\"Artiklar\"}]},{\"@type\":\"WebSite\",\"@id\":\"https:\/\/nafse24.hamlet2.hamrenmedia.se\/#website\",\"url\":\"https:\/\/nafse24.hamlet2.hamrenmedia.se\/\",\"name\":\"NAF Control Valves\",\"description\":\"\",\"publisher\":{\"@id\":\"https:\/\/nafse24.hamlet2.hamrenmedia.se\/#organization\"},\"potentialAction\":[{\"@type\":\"SearchAction\",\"target\":{\"@type\":\"EntryPoint\",\"urlTemplate\":\"https:\/\/nafse24.hamlet2.hamrenmedia.se\/?s={search_term_string}\"},\"query-input\":\"required name=search_term_string\"}],\"inLanguage\":\"sv-SE\"},{\"@type\":\"Organization\",\"@id\":\"https:\/\/nafse24.hamlet2.hamrenmedia.se\/#organization\",\"name\":\"NAF Control Valves\",\"url\":\"https:\/\/nafse24.hamlet2.hamrenmedia.se\/\",\"logo\":{\"@type\":\"ImageObject\",\"inLanguage\":\"sv-SE\",\"@id\":\"https:\/\/nafse24.hamlet2.hamrenmedia.se\/#\/schema\/logo\/image\/\",\"url\":\"https:\/\/nafse24.hamlet2.hamrenmedia.se\/wp-content\/uploads\/2018\/08\/flowserve-naf-logo-white-retina.png\",\"contentUrl\":\"https:\/\/nafse24.hamlet2.hamrenmedia.se\/wp-content\/uploads\/2018\/08\/flowserve-naf-logo-white-retina.png\",\"width\":275,\"height\":146,\"caption\":\"NAF Control Valves\"},\"image\":{\"@id\":\"https:\/\/nafse24.hamlet2.hamrenmedia.se\/#\/schema\/logo\/image\/\"}}]}<\/script>\n<!-- \/ Yoast SEO plugin. -->","yoast_head_json":{"title":"Artiklar | NAF Control Valves","description":"NAF \u00e4r specialisten p\u00e5 90-graders ventiler \u2013 h\u00f6gpresterande, underh\u00e5llsfria och intelligenta reglerventilspaket med direktmontage, d\u00e4r alla delar \u00e4r moduluppbyggda och konstruerade f\u00f6r att prestera optimalt tillsammans. H\u00e5ll dig uppdaterad om verksamheten genom att l\u00e4sa v\u00e5ra artiklar!","robots":{"index":"noindex","follow":"follow","max-snippet":"max-snippet:-1","max-image-preview":"max-image-preview:large","max-video-preview":"max-video-preview:-1"},"og_locale":"sv_SE","og_type":"article","og_title":"Artiklar | NAF Control Valves","og_description":"NAF \u00e4r specialisten p\u00e5 90-graders ventiler \u2013 h\u00f6gpresterande, underh\u00e5llsfria och intelligenta reglerventilspaket med direktmontage, d\u00e4r alla delar \u00e4r moduluppbyggda och konstruerade f\u00f6r att prestera optimalt tillsammans. H\u00e5ll dig uppdaterad om verksamheten genom att l\u00e4sa v\u00e5ra artiklar!","og_url":"https:\/\/nafse24.hamlet2.hamrenmedia.se\/sv\/onlineverktyg\/artiklar\/","og_site_name":"NAF Control Valves","article_modified_time":"2018-06-07T11:48:51+00:00","twitter_card":"summary_large_image","twitter_misc":{"Ber\u00e4knad l\u00e4stid":"1 minut"},"schema":{"@context":"https:\/\/schema.org","@graph":[{"@type":"WebPage","@id":"https:\/\/nafse24.hamlet2.hamrenmedia.se\/sv\/onlineverktyg\/artiklar\/","url":"https:\/\/nafse24.hamlet2.hamrenmedia.se\/sv\/onlineverktyg\/artiklar\/","name":"Artiklar | NAF Control Valves","isPartOf":{"@id":"https:\/\/nafse24.hamlet2.hamrenmedia.se\/#website"},"datePublished":"2017-10-19T14:07:27+00:00","dateModified":"2018-06-07T11:48:51+00:00","description":"NAF \u00e4r specialisten p\u00e5 90-graders ventiler \u2013 h\u00f6gpresterande, underh\u00e5llsfria och intelligenta reglerventilspaket med direktmontage, d\u00e4r alla delar \u00e4r moduluppbyggda och konstruerade f\u00f6r att prestera optimalt tillsammans. H\u00e5ll dig uppdaterad om verksamheten genom att l\u00e4sa v\u00e5ra artiklar!","breadcrumb":{"@id":"https:\/\/nafse24.hamlet2.hamrenmedia.se\/sv\/onlineverktyg\/artiklar\/#breadcrumb"},"inLanguage":"sv-SE","potentialAction":[{"@type":"ReadAction","target":["https:\/\/nafse24.hamlet2.hamrenmedia.se\/sv\/onlineverktyg\/artiklar\/"]}]},{"@type":"BreadcrumbList","@id":"https:\/\/nafse24.hamlet2.hamrenmedia.se\/sv\/onlineverktyg\/artiklar\/#breadcrumb","itemListElement":[{"@type":"ListItem","position":1,"name":"Hem","item":"https:\/\/nafse24.hamlet2.hamrenmedia.se\/sv\/"},{"@type":"ListItem","position":2,"name":"Online-verktyg","item":"https:\/\/nafse24.hamlet2.hamrenmedia.se\/sv\/onlineverktyg\/"},{"@type":"ListItem","position":3,"name":"Artiklar"}]},{"@type":"WebSite","@id":"https:\/\/nafse24.hamlet2.hamrenmedia.se\/#website","url":"https:\/\/nafse24.hamlet2.hamrenmedia.se\/","name":"NAF Control Valves","description":"","publisher":{"@id":"https:\/\/nafse24.hamlet2.hamrenmedia.se\/#organization"},"potentialAction":[{"@type":"SearchAction","target":{"@type":"EntryPoint","urlTemplate":"https:\/\/nafse24.hamlet2.hamrenmedia.se\/?s={search_term_string}"},"query-input":"required name=search_term_string"}],"inLanguage":"sv-SE"},{"@type":"Organization","@id":"https:\/\/nafse24.hamlet2.hamrenmedia.se\/#organization","name":"NAF Control Valves","url":"https:\/\/nafse24.hamlet2.hamrenmedia.se\/","logo":{"@type":"ImageObject","inLanguage":"sv-SE","@id":"https:\/\/nafse24.hamlet2.hamrenmedia.se\/#\/schema\/logo\/image\/","url":"https:\/\/nafse24.hamlet2.hamrenmedia.se\/wp-content\/uploads\/2018\/08\/flowserve-naf-logo-white-retina.png","contentUrl":"https:\/\/nafse24.hamlet2.hamrenmedia.se\/wp-content\/uploads\/2018\/08\/flowserve-naf-logo-white-retina.png","width":275,"height":146,"caption":"NAF Control Valves"},"image":{"@id":"https:\/\/nafse24.hamlet2.hamrenmedia.se\/#\/schema\/logo\/image\/"}}]}},"_links":{"self":[{"href":"https:\/\/nafse24.hamlet2.hamrenmedia.se\/sv\/wp-json\/wp\/v2\/pages\/57"}],"collection":[{"href":"https:\/\/nafse24.hamlet2.hamrenmedia.se\/sv\/wp-json\/wp\/v2\/pages"}],"about":[{"href":"https:\/\/nafse24.hamlet2.hamrenmedia.se\/sv\/wp-json\/wp\/v2\/types\/page"}],"author":[{"embeddable":true,"href":"https:\/\/nafse24.hamlet2.hamrenmedia.se\/sv\/wp-json\/wp\/v2\/users\/1"}],"replies":[{"embeddable":true,"href":"https:\/\/nafse24.hamlet2.hamrenmedia.se\/sv\/wp-json\/wp\/v2\/comments?post=57"}],"version-history":[{"count":2,"href":"https:\/\/nafse24.hamlet2.hamrenmedia.se\/sv\/wp-json\/wp\/v2\/pages\/57\/revisions"}],"predecessor-version":[{"id":1957,"href":"https:\/\/nafse24.hamlet2.hamrenmedia.se\/sv\/wp-json\/wp\/v2\/pages\/57\/revisions\/1957"}],"up":[{"embeddable":true,"href":"https:\/\/nafse24.hamlet2.hamrenmedia.se\/sv\/wp-json\/wp\/v2\/pages\/1683"}],"wp:attachment":[{"href":"https:\/\/nafse24.hamlet2.hamrenmedia.se\/sv\/wp-json\/wp\/v2\/media?parent=57"}],"curies":[{"name":"wp","href":"https:\/\/api.w.org\/{rel}","templated":true}]}}