{"id":566,"date":"2017-11-20T11:18:27","date_gmt":"2017-11-20T10:18:27","guid":{"rendered":"http:\/\/naf.se\/?page_id=566"},"modified":"2018-06-07T14:19:50","modified_gmt":"2018-06-07T12:19:50","slug":"satsvisa-kokare","status":"publish","type":"page","link":"https:\/\/nafse24.hamlet2.hamrenmedia.se\/sv\/applikationer\/kemisk-massaframstallning\/fiberline\/kokeri\/satsvisa-kokare\/","title":{"rendered":"Satsvis kokare"},"content":{"rendered":"<p><div class=\"fusion-fullwidth fullwidth-box fusion-builder-row-1 nonhundred-percent-fullwidth non-hundred-percent-height-scrolling\" style=\"--awb-border-radius-top-left:0px;--awb-border-radius-top-right:0px;--awb-border-radius-bottom-right:0px;--awb-border-radius-bottom-left:0px;--awb-flex-wrap:wrap;\" ><div class=\"fusion-builder-row fusion-row\"><div class=\"fusion-layout-column fusion_builder_column fusion-builder-column-0 fusion_builder_column_1_1 1_1 fusion-one-full fusion-column-first fusion-column-last\" style=\"--awb-bg-size:cover;\"><div class=\"fusion-column-wrapper fusion-flex-column-wrapper-legacy\"><div class=\"fusion-title title fusion-title-1 fusion-sep-none fusion-title-text fusion-title-size-one\"><h1 class=\"fusion-title-heading title-heading-left\" style=\"margin:0;\">Satsvis (batch) kokare<\/h1><\/div><div class=\"fusion-clearfix\"><\/div><\/div><\/div><\/div><\/div><div class=\"fusion-fullwidth fullwidth-box fusion-builder-row-2 nonhundred-percent-fullwidth non-hundred-percent-height-scrolling\" style=\"--awb-border-radius-top-left:0px;--awb-border-radius-top-right:0px;--awb-border-radius-bottom-right:0px;--awb-border-radius-bottom-left:0px;--awb-flex-wrap:wrap;\" ><div class=\"fusion-builder-row fusion-row\"><div class=\"fusion-layout-column fusion_builder_column fusion-builder-column-1 fusion_builder_column_1_2 1_2 fusion-one-half fusion-column-first\" style=\"--awb-bg-size:cover;width:50%;width:calc(50% - ( ( 4% ) * 0.5 ) );margin-right: 4%;\"><div class=\"fusion-column-wrapper fusion-flex-column-wrapper-legacy\"><div class=\"fusion-text fusion-text-1\"><p>Vid denna process upphettas flisen och kokv\u00e4tskan under tryck enligt ett angivet temperatur-tidsprogram. I slutet av programmet t\u00f6ms kokaren genom att massan bl\u00e5ses eller pumpas ut till bl\u00e5stanken.<\/p>\n<p>Den f\u00f6rbrukade kokv\u00e4tskan, inneh\u00e5llande kemikalier, lignin och andra l\u00f6sta organiska \u00e4mnen, kallas svartlut (eller om den sp\u00e4ds ut med tv\u00e4ttvatten, &#8221;tunnlut&#8221;).<\/p>\n<p>\u00c5ngan som sl\u00e4pps ut i bl\u00e5stanken \u00e5tervinns i en kondensor d\u00e4r den kondenseras. Kondensatet kyles d\u00e4refter i en v\u00e4rmev\u00e4xlare, vilket skapar en stor volym varmvatten som kan anv\u00e4ndas f\u00f6r att tv\u00e4tta massan i blekeriet.<\/p>\n<p>Batchkokssystemet har utvecklats avsev\u00e4rt de senaste \u00e5ren. Nya system arbetar i cykler och anv\u00e4nder energi fr\u00e5n en kokare till n\u00e4sta. F\u00f6rdelarna \u00e4r l\u00e4gre energi- och lutf\u00f6rbrukning. Nackdelarna \u00e4r ett mer komplicerat styrsystem och st\u00f6rre slitage p\u00e5 utrustningen.<\/p>\n<p>Satsvisa (batch) kokare kan k\u00f6ras med antingen sulfatprocessen eller sulfitprocessen. Vid sulfatprocessen \u00e4r kokv\u00e4tskan alkalisk (h\u00f6gt pH), medan sulfitmassa vanligtvis \u00e4r sur (l\u00e5gt pH). Materialval i ventilerna \u00e4r mycket viktig.<\/p>\n<p>Den stora majoriteten av nya massafabriker utnyttjar sulfatprocessen.<\/p>\n<\/div><div class=\"fusion-clearfix\"><\/div><\/div><\/div><div class=\"fusion-layout-column fusion_builder_column fusion-builder-column-2 fusion_builder_column_1_2 1_2 fusion-one-half fusion-column-last\" style=\"--awb-bg-size:cover;width:50%;width:calc(50% - ( ( 4% ) * 0.5 ) );\"><div class=\"fusion-column-wrapper fusion-flex-column-wrapper-legacy\"><a class=\"awb-lightbox awb-lightbox-1\" href=\"https:\/\/nafse24.hamlet2.hamrenmedia.se\/wp-content\/uploads\/2018\/05\/Satsvis-kokare-2.jpg\" data-rel=\"iLightbox\"><img src=\"https:\/\/nafse24.hamlet2.hamrenmedia.se\/wp-content\/uploads\/2018\/05\/Satsvis-kokare-2.jpg\"><\/a><div class=\"fusion-text fusion-text-2\"><p style=\"text-align: right;\"><em>Tryck f\u00f6r st\u00f6rre bild.<\/em><\/p>\n<\/div><div class=\"fusion-clearfix\"><\/div><\/div><\/div><div class=\"fusion-layout-column fusion_builder_column fusion-builder-column-3 fusion_builder_column_1_1 1_1 fusion-one-full fusion-column-first fusion-column-last\" style=\"--awb-bg-size:cover;\"><div class=\"fusion-column-wrapper fusion-flex-column-wrapper-legacy\"><div class=\"fusion-title title fusion-title-2 fusion-sep-none fusion-title-text fusion-title-size-two\"><h2 class=\"fusion-title-heading title-heading-left\" style=\"margin:0;\">Exempel p\u00e5 NAF-ventiler som anv\u00e4nds i denna process<\/h2><\/div><div class=\"fusion-text fusion-text-3\"><ul>\n<li><b>NAF <\/b><b>Procap<\/b> flisfyllningsventil (\u201ccapping valve\u201d)- flisp\u00e5fyllnad till kokaren<\/li>\n<li><b>NAF Duball DL <\/b>fullopps kulventil- t\u00f6mningsventil f\u00f6r massan (bl\u00e5sventil), h\u00f6g- och l\u00e5gtrycks gasevakueringsventiler, tryckh\u00e5llningsventil, lutinmatningsventil, tryckregleringsventil f\u00f6r flisfyllningsaggregat<\/li>\n<li><b>NAF Trunnball DL <\/b>fullopps lagrad kulventil- matning av mellantrycks\u00e5nga till kokaren (reglering)<\/li>\n<li><b>NAF <\/b><b>Setball<\/b> V-ports kulsektorventil f\u00f6r reglering- niv\u00e5reglering av \u00e5ngkondensat, temperaturreglering av koklut efter v\u00e4rmev\u00e4xlare<\/li>\n<li><b>NAF <\/b><b>Torex<\/b> trippeleccentriskt vridspj\u00e4llsventil- koklutens toppcirkulation<\/li>\n<li><b>NAF <\/b><b>Turnex<\/b> pneumatisk man\u00f6verdon- f\u00f6r all anv\u00e4ndning p\u00e5 NAFs vridande on\/off- och regler-ventiler<\/li>\n<li><b>NAF <\/b><b>Duball<\/b><b> DL <\/b><b>Pocketventil<\/b>&#8211; sandavskiljning f\u00f6r separator<\/li>\n<li><b>NAF Check <\/b>spj\u00e4llbackventil<b>&#8211; <\/b>allm\u00e4n anv\u00e4ndning p\u00e5 massa-, \u00e5ng- och svartlutsledningar<\/li>\n<li><b>NAF Triball <\/b>tredelad, fullopps kulventil- dr\u00e4nageventil, provtagningsventiler<\/li>\n<\/ul>\n<\/div><div class=\"fusion-clearfix\"><\/div><\/div><\/div><\/div><\/div><\/p>\n","protected":false},"excerpt":{"rendered":"","protected":false},"author":1,"featured_media":1996,"parent":544,"menu_order":3,"comment_status":"closed","ping_status":"closed","template":"templates\/undersidor.php","meta":{"footnotes":""},"acf":[],"yoast_head":"<!-- This site is optimized with the Yoast SEO plugin v21.0 - https:\/\/yoast.com\/wordpress\/plugins\/seo\/ -->\n<title>Satsvis kokare | NAF Control Valves<\/title>\n<meta name=\"description\" content=\"Satsvisa (batch) kokare kan k\u00f6ras med antingen sulfatprocessen eller sulfitprocessen. Den stora majoriteten av nya massafabriker utnyttjar sulfatprocessen. Materialval i ventilerna \u00e4r mycket viktig, d\u00e4rf\u00f6r rekommenderar vi NAF-ventiler!\" \/>\n<meta name=\"robots\" content=\"noindex, follow, max-snippet:-1, max-image-preview:large, max-video-preview:-1\" \/>\n<meta property=\"og:locale\" content=\"sv_SE\" \/>\n<meta property=\"og:type\" content=\"article\" \/>\n<meta property=\"og:title\" content=\"Satsvis kokare | NAF Control Valves\" \/>\n<meta property=\"og:description\" content=\"Satsvisa (batch) kokare kan k\u00f6ras med antingen sulfatprocessen eller sulfitprocessen. Den stora majoriteten av nya massafabriker utnyttjar sulfatprocessen. Materialval i ventilerna \u00e4r mycket viktig, d\u00e4rf\u00f6r rekommenderar vi NAF-ventiler!\" \/>\n<meta property=\"og:url\" content=\"https:\/\/nafse24.hamlet2.hamrenmedia.se\/sv\/applikationer\/kemisk-massaframstallning\/fiberline\/kokeri\/satsvisa-kokare\/\" \/>\n<meta property=\"og:site_name\" content=\"NAF Control Valves\" \/>\n<meta property=\"article:modified_time\" content=\"2018-06-07T12:19:50+00:00\" \/>\n<meta property=\"og:image\" content=\"https:\/\/nafse24.hamlet2.hamrenmedia.se\/wp-content\/uploads\/2018\/05\/Kokeri-Satsvis-kokare-1.jpg\" \/>\n\t<meta property=\"og:image:width\" content=\"1306\" \/>\n\t<meta property=\"og:image:height\" content=\"797\" \/>\n\t<meta property=\"og:image:type\" content=\"image\/jpeg\" \/>\n<meta name=\"twitter:card\" content=\"summary_large_image\" \/>\n<meta name=\"twitter:label1\" content=\"Ber\u00e4knad l\u00e4stid\" \/>\n\t<meta name=\"twitter:data1\" content=\"5 minuter\" \/>\n<script type=\"application\/ld+json\" class=\"yoast-schema-graph\">{\"@context\":\"https:\/\/schema.org\",\"@graph\":[{\"@type\":\"WebPage\",\"@id\":\"https:\/\/nafse24.hamlet2.hamrenmedia.se\/sv\/applikationer\/kemisk-massaframstallning\/fiberline\/kokeri\/satsvisa-kokare\/\",\"url\":\"https:\/\/nafse24.hamlet2.hamrenmedia.se\/sv\/applikationer\/kemisk-massaframstallning\/fiberline\/kokeri\/satsvisa-kokare\/\",\"name\":\"Satsvis kokare | NAF Control Valves\",\"isPartOf\":{\"@id\":\"https:\/\/nafse24.hamlet2.hamrenmedia.se\/#website\"},\"datePublished\":\"2017-11-20T10:18:27+00:00\",\"dateModified\":\"2018-06-07T12:19:50+00:00\",\"description\":\"Satsvisa (batch) kokare kan k\u00f6ras med antingen sulfatprocessen eller sulfitprocessen. Den stora majoriteten av nya massafabriker utnyttjar sulfatprocessen. Materialval i ventilerna \u00e4r mycket viktig, d\u00e4rf\u00f6r rekommenderar vi NAF-ventiler!\",\"breadcrumb\":{\"@id\":\"https:\/\/nafse24.hamlet2.hamrenmedia.se\/sv\/applikationer\/kemisk-massaframstallning\/fiberline\/kokeri\/satsvisa-kokare\/#breadcrumb\"},\"inLanguage\":\"sv-SE\",\"potentialAction\":[{\"@type\":\"ReadAction\",\"target\":[\"https:\/\/nafse24.hamlet2.hamrenmedia.se\/sv\/applikationer\/kemisk-massaframstallning\/fiberline\/kokeri\/satsvisa-kokare\/\"]}]},{\"@type\":\"BreadcrumbList\",\"@id\":\"https:\/\/nafse24.hamlet2.hamrenmedia.se\/sv\/applikationer\/kemisk-massaframstallning\/fiberline\/kokeri\/satsvisa-kokare\/#breadcrumb\",\"itemListElement\":[{\"@type\":\"ListItem\",\"position\":1,\"name\":\"Hem\",\"item\":\"https:\/\/nafse24.hamlet2.hamrenmedia.se\/sv\/\"},{\"@type\":\"ListItem\",\"position\":2,\"name\":\"Applikationer\",\"item\":\"https:\/\/nafse24.hamlet2.hamrenmedia.se\/sv\/applikationer\/\"},{\"@type\":\"ListItem\",\"position\":3,\"name\":\"Kemisk Massaframst\u00e4llning\",\"item\":\"https:\/\/nafse24.hamlet2.hamrenmedia.se\/sv\/applikationer\/kemisk-massaframstallning\/\"},{\"@type\":\"ListItem\",\"position\":4,\"name\":\"Fiberlinjen\",\"item\":\"https:\/\/nafse24.hamlet2.hamrenmedia.se\/sv\/applikationer\/kemisk-massaframstallning\/fiberline\/\"},{\"@type\":\"ListItem\",\"position\":5,\"name\":\"Kokeri\",\"item\":\"https:\/\/nafse24.hamlet2.hamrenmedia.se\/sv\/applikationer\/kemisk-massaframstallning\/fiberline\/kokeri\/\"},{\"@type\":\"ListItem\",\"position\":6,\"name\":\"Satsvis kokare\"}]},{\"@type\":\"WebSite\",\"@id\":\"https:\/\/nafse24.hamlet2.hamrenmedia.se\/#website\",\"url\":\"https:\/\/nafse24.hamlet2.hamrenmedia.se\/\",\"name\":\"NAF Control Valves\",\"description\":\"\",\"publisher\":{\"@id\":\"https:\/\/nafse24.hamlet2.hamrenmedia.se\/#organization\"},\"potentialAction\":[{\"@type\":\"SearchAction\",\"target\":{\"@type\":\"EntryPoint\",\"urlTemplate\":\"https:\/\/nafse24.hamlet2.hamrenmedia.se\/?s={search_term_string}\"},\"query-input\":\"required name=search_term_string\"}],\"inLanguage\":\"sv-SE\"},{\"@type\":\"Organization\",\"@id\":\"https:\/\/nafse24.hamlet2.hamrenmedia.se\/#organization\",\"name\":\"NAF Control Valves\",\"url\":\"https:\/\/nafse24.hamlet2.hamrenmedia.se\/\",\"logo\":{\"@type\":\"ImageObject\",\"inLanguage\":\"sv-SE\",\"@id\":\"https:\/\/nafse24.hamlet2.hamrenmedia.se\/#\/schema\/logo\/image\/\",\"url\":\"https:\/\/nafse24.hamlet2.hamrenmedia.se\/wp-content\/uploads\/2018\/08\/flowserve-naf-logo-white-retina.png\",\"contentUrl\":\"https:\/\/nafse24.hamlet2.hamrenmedia.se\/wp-content\/uploads\/2018\/08\/flowserve-naf-logo-white-retina.png\",\"width\":275,\"height\":146,\"caption\":\"NAF Control Valves\"},\"image\":{\"@id\":\"https:\/\/nafse24.hamlet2.hamrenmedia.se\/#\/schema\/logo\/image\/\"}}]}<\/script>\n<!-- \/ Yoast SEO plugin. -->","yoast_head_json":{"title":"Satsvis kokare | NAF Control Valves","description":"Satsvisa (batch) kokare kan k\u00f6ras med antingen sulfatprocessen eller sulfitprocessen. Den stora majoriteten av nya massafabriker utnyttjar sulfatprocessen. Materialval i ventilerna \u00e4r mycket viktig, d\u00e4rf\u00f6r rekommenderar vi NAF-ventiler!","robots":{"index":"noindex","follow":"follow","max-snippet":"max-snippet:-1","max-image-preview":"max-image-preview:large","max-video-preview":"max-video-preview:-1"},"og_locale":"sv_SE","og_type":"article","og_title":"Satsvis kokare | NAF Control Valves","og_description":"Satsvisa (batch) kokare kan k\u00f6ras med antingen sulfatprocessen eller sulfitprocessen. Den stora majoriteten av nya massafabriker utnyttjar sulfatprocessen. Materialval i ventilerna \u00e4r mycket viktig, d\u00e4rf\u00f6r rekommenderar vi NAF-ventiler!","og_url":"https:\/\/nafse24.hamlet2.hamrenmedia.se\/sv\/applikationer\/kemisk-massaframstallning\/fiberline\/kokeri\/satsvisa-kokare\/","og_site_name":"NAF Control Valves","article_modified_time":"2018-06-07T12:19:50+00:00","og_image":[{"width":1306,"height":797,"url":"https:\/\/nafse24.hamlet2.hamrenmedia.se\/wp-content\/uploads\/2018\/05\/Kokeri-Satsvis-kokare-1.jpg","type":"image\/jpeg"}],"twitter_card":"summary_large_image","twitter_misc":{"Ber\u00e4knad l\u00e4stid":"5 minuter"},"schema":{"@context":"https:\/\/schema.org","@graph":[{"@type":"WebPage","@id":"https:\/\/nafse24.hamlet2.hamrenmedia.se\/sv\/applikationer\/kemisk-massaframstallning\/fiberline\/kokeri\/satsvisa-kokare\/","url":"https:\/\/nafse24.hamlet2.hamrenmedia.se\/sv\/applikationer\/kemisk-massaframstallning\/fiberline\/kokeri\/satsvisa-kokare\/","name":"Satsvis kokare | NAF Control Valves","isPartOf":{"@id":"https:\/\/nafse24.hamlet2.hamrenmedia.se\/#website"},"datePublished":"2017-11-20T10:18:27+00:00","dateModified":"2018-06-07T12:19:50+00:00","description":"Satsvisa (batch) kokare kan k\u00f6ras med antingen sulfatprocessen eller sulfitprocessen. Den stora majoriteten av nya massafabriker utnyttjar sulfatprocessen. Materialval i ventilerna \u00e4r mycket viktig, d\u00e4rf\u00f6r rekommenderar vi NAF-ventiler!","breadcrumb":{"@id":"https:\/\/nafse24.hamlet2.hamrenmedia.se\/sv\/applikationer\/kemisk-massaframstallning\/fiberline\/kokeri\/satsvisa-kokare\/#breadcrumb"},"inLanguage":"sv-SE","potentialAction":[{"@type":"ReadAction","target":["https:\/\/nafse24.hamlet2.hamrenmedia.se\/sv\/applikationer\/kemisk-massaframstallning\/fiberline\/kokeri\/satsvisa-kokare\/"]}]},{"@type":"BreadcrumbList","@id":"https:\/\/nafse24.hamlet2.hamrenmedia.se\/sv\/applikationer\/kemisk-massaframstallning\/fiberline\/kokeri\/satsvisa-kokare\/#breadcrumb","itemListElement":[{"@type":"ListItem","position":1,"name":"Hem","item":"https:\/\/nafse24.hamlet2.hamrenmedia.se\/sv\/"},{"@type":"ListItem","position":2,"name":"Applikationer","item":"https:\/\/nafse24.hamlet2.hamrenmedia.se\/sv\/applikationer\/"},{"@type":"ListItem","position":3,"name":"Kemisk Massaframst\u00e4llning","item":"https:\/\/nafse24.hamlet2.hamrenmedia.se\/sv\/applikationer\/kemisk-massaframstallning\/"},{"@type":"ListItem","position":4,"name":"Fiberlinjen","item":"https:\/\/nafse24.hamlet2.hamrenmedia.se\/sv\/applikationer\/kemisk-massaframstallning\/fiberline\/"},{"@type":"ListItem","position":5,"name":"Kokeri","item":"https:\/\/nafse24.hamlet2.hamrenmedia.se\/sv\/applikationer\/kemisk-massaframstallning\/fiberline\/kokeri\/"},{"@type":"ListItem","position":6,"name":"Satsvis kokare"}]},{"@type":"WebSite","@id":"https:\/\/nafse24.hamlet2.hamrenmedia.se\/#website","url":"https:\/\/nafse24.hamlet2.hamrenmedia.se\/","name":"NAF Control Valves","description":"","publisher":{"@id":"https:\/\/nafse24.hamlet2.hamrenmedia.se\/#organization"},"potentialAction":[{"@type":"SearchAction","target":{"@type":"EntryPoint","urlTemplate":"https:\/\/nafse24.hamlet2.hamrenmedia.se\/?s={search_term_string}"},"query-input":"required name=search_term_string"}],"inLanguage":"sv-SE"},{"@type":"Organization","@id":"https:\/\/nafse24.hamlet2.hamrenmedia.se\/#organization","name":"NAF Control Valves","url":"https:\/\/nafse24.hamlet2.hamrenmedia.se\/","logo":{"@type":"ImageObject","inLanguage":"sv-SE","@id":"https:\/\/nafse24.hamlet2.hamrenmedia.se\/#\/schema\/logo\/image\/","url":"https:\/\/nafse24.hamlet2.hamrenmedia.se\/wp-content\/uploads\/2018\/08\/flowserve-naf-logo-white-retina.png","contentUrl":"https:\/\/nafse24.hamlet2.hamrenmedia.se\/wp-content\/uploads\/2018\/08\/flowserve-naf-logo-white-retina.png","width":275,"height":146,"caption":"NAF Control Valves"},"image":{"@id":"https:\/\/nafse24.hamlet2.hamrenmedia.se\/#\/schema\/logo\/image\/"}}]}},"_links":{"self":[{"href":"https:\/\/nafse24.hamlet2.hamrenmedia.se\/sv\/wp-json\/wp\/v2\/pages\/566"}],"collection":[{"href":"https:\/\/nafse24.hamlet2.hamrenmedia.se\/sv\/wp-json\/wp\/v2\/pages"}],"about":[{"href":"https:\/\/nafse24.hamlet2.hamrenmedia.se\/sv\/wp-json\/wp\/v2\/types\/page"}],"author":[{"embeddable":true,"href":"https:\/\/nafse24.hamlet2.hamrenmedia.se\/sv\/wp-json\/wp\/v2\/users\/1"}],"replies":[{"embeddable":true,"href":"https:\/\/nafse24.hamlet2.hamrenmedia.se\/sv\/wp-json\/wp\/v2\/comments?post=566"}],"version-history":[{"count":2,"href":"https:\/\/nafse24.hamlet2.hamrenmedia.se\/sv\/wp-json\/wp\/v2\/pages\/566\/revisions"}],"predecessor-version":[{"id":3117,"href":"https:\/\/nafse24.hamlet2.hamrenmedia.se\/sv\/wp-json\/wp\/v2\/pages\/566\/revisions\/3117"}],"up":[{"embeddable":true,"href":"https:\/\/nafse24.hamlet2.hamrenmedia.se\/sv\/wp-json\/wp\/v2\/pages\/544"}],"wp:featuredmedia":[{"embeddable":true,"href":"https:\/\/nafse24.hamlet2.hamrenmedia.se\/sv\/wp-json\/wp\/v2\/media\/1996"}],"wp:attachment":[{"href":"https:\/\/nafse24.hamlet2.hamrenmedia.se\/sv\/wp-json\/wp\/v2\/media?parent=566"}],"curies":[{"name":"wp","href":"https:\/\/api.w.org\/{rel}","templated":true}]}}