{"id":563,"date":"2017-11-20T11:16:49","date_gmt":"2017-11-20T10:16:49","guid":{"rendered":"http:\/\/naf.se\/?page_id=563"},"modified":"2018-06-07T14:19:41","modified_gmt":"2018-06-07T12:19:41","slug":"continuous-digester","status":"publish","type":"page","link":"https:\/\/nafse24.hamlet2.hamrenmedia.se\/sv\/applikationer\/kemisk-massaframstallning\/fiberline\/kokeri\/continuous-digester\/","title":{"rendered":"Kontinuerlig kokare"},"content":{"rendered":"<p><div class=\"fusion-fullwidth fullwidth-box fusion-builder-row-1 nonhundred-percent-fullwidth non-hundred-percent-height-scrolling\" style=\"--awb-border-radius-top-left:0px;--awb-border-radius-top-right:0px;--awb-border-radius-bottom-right:0px;--awb-border-radius-bottom-left:0px;--awb-flex-wrap:wrap;\" ><div class=\"fusion-builder-row fusion-row\"><div class=\"fusion-layout-column fusion_builder_column fusion-builder-column-0 fusion_builder_column_1_1 1_1 fusion-one-full fusion-column-first fusion-column-last\" style=\"--awb-bg-size:cover;\"><div class=\"fusion-column-wrapper fusion-flex-column-wrapper-legacy\"><div class=\"fusion-title title fusion-title-1 fusion-sep-none fusion-title-text fusion-title-size-one\"><h1 class=\"fusion-title-heading title-heading-left\" style=\"margin:0;\">Kontinuerliga kokare<\/h1><\/div><div class=\"fusion-clearfix\"><\/div><\/div><\/div><\/div><\/div><div class=\"fusion-fullwidth fullwidth-box fusion-builder-row-2 nonhundred-percent-fullwidth non-hundred-percent-height-scrolling\" style=\"--awb-border-radius-top-left:0px;--awb-border-radius-top-right:0px;--awb-border-radius-bottom-right:0px;--awb-border-radius-bottom-left:0px;--awb-flex-wrap:wrap;\" ><div class=\"fusion-builder-row fusion-row\"><div class=\"fusion-layout-column fusion_builder_column fusion-builder-column-1 fusion_builder_column_1_1 1_1 fusion-one-full fusion-column-first fusion-column-last\" style=\"--awb-bg-size:cover;\"><div class=\"fusion-column-wrapper fusion-flex-column-wrapper-legacy\"><div class=\"fusion-clearfix\"><\/div><\/div><\/div><div class=\"fusion-layout-column fusion_builder_column fusion-builder-column-2 fusion_builder_column_1_2 1_2 fusion-one-half fusion-column-first\" style=\"--awb-bg-size:cover;width:50%;width:calc(50% - ( ( 4% ) * 0.5 ) );margin-right: 4%;\"><div class=\"fusion-column-wrapper fusion-flex-column-wrapper-legacy\"><div class=\"fusion-text fusion-text-1\"><p>H\u00e4r matas flis och lut in i\u00a0 en trycksatt kokare. Inneh\u00e5llet upphettas av olika cirkulationssystem n\u00e4r det r\u00f6r sig ned\u00e5t genom kokaren. Den kokta och delvis tv\u00e4ttade massan matas ut fr\u00e5n kokarens botten.<\/p>\n<p>Den f\u00f6rbrukade kokv\u00e4tskan (svartlut) separeras av silar i kokaren och leds till flashtankarna, d\u00e4r trycket s\u00e4nks till under \u00e5ngbildningstrycket. Den genererade \u00e5ngan anv\u00e4nds f\u00f6r att basa och f\u00f6rv\u00e4rma flisen och svartluten skickas till indunstningsprocessen.<\/p>\n<p>Kontinuerliga kokare \u00e4r till \u00f6verv\u00e4gande del baserade p\u00e5\u00a0<b>sulfatprocessen<\/b> (ofta \u00e4ven kallad <b>kraftprocessen<\/b> eller <b>kraftmassan<\/b>)<\/p>\n<\/div><div class=\"fusion-clearfix\"><\/div><\/div><\/div><div class=\"fusion-layout-column fusion_builder_column fusion-builder-column-3 fusion_builder_column_1_2 1_2 fusion-one-half fusion-column-last\" style=\"--awb-bg-size:cover;width:50%;width:calc(50% - ( ( 4% ) * 0.5 ) );\"><div class=\"fusion-column-wrapper fusion-flex-column-wrapper-legacy\"><a class=\"awb-lightbox awb-lightbox-1\" href=\"https:\/\/nafse24.hamlet2.hamrenmedia.se\/wp-content\/uploads\/2018\/05\/Kontinuerlig-kokare-1024x634.jpg\" data-rel=\"iLightbox\"><img src=\"https:\/\/nafse24.hamlet2.hamrenmedia.se\/wp-content\/uploads\/2018\/05\/Kontinuerlig-kokare-1024x634.jpg\"><\/a><div class=\"fusion-text fusion-text-2\"><p style=\"text-align: right;\"><em>Tryck f\u00f6r st\u00f6rre bild.<\/em><\/p>\n<\/div><div class=\"fusion-clearfix\"><\/div><\/div><\/div><div class=\"fusion-layout-column fusion_builder_column fusion-builder-column-4 fusion_builder_column_1_1 1_1 fusion-one-full fusion-column-first fusion-column-last\" style=\"--awb-bg-size:cover;\"><div class=\"fusion-column-wrapper fusion-flex-column-wrapper-legacy\"><div class=\"fusion-title title fusion-title-2 fusion-sep-none fusion-title-text fusion-title-size-two\"><h2 class=\"fusion-title-heading title-heading-left\" style=\"margin:0;\"><b>Exempel p\u00e5 NAF-ventiler som anv\u00e4nds i denna <\/b><b>process<\/b><\/h2><\/div><div class=\"fusion-text fusion-text-3\"><ul>\n<li><b>NAF Duball DL <\/b>fullopps kulventil- flisfyllning till kokaren, bl\u00e5sventil, kokarens toppcirkulation, vitlut till kokaren, kokarens tryckh\u00e5llning<\/li>\n<li><b>NAF Trunnball DL <\/b>fullopps lagrad kulventil- flisfyllning till kokaren, matning av mellantrycks\u00e5nga till kokaren, avst\u00e4ngning av t\u00f6mningsledning<\/li>\n<li><b>NAF <\/b><b>Setball<\/b> V-ports kulsektorventil f\u00f6r reglering- matning av mellantrycks\u00e5nga till kokaren, reglering av l\u00e5gtrycks\u00e5nga till kokaren,<\/li>\n<li><b>NAF <\/b><b>Torex<\/b> trippeleccentriskt vridspj\u00e4llsventil- v\u00e4xelventil f\u00f6r silning, dr\u00e4nageventil<\/li>\n<li><b>NAF <\/b><b>Turnex<\/b> pneumatisk man\u00f6verdon- f\u00f6r all anv\u00e4ndning p\u00e5 NAFs vridande on\/off- och regler-ventiler<\/li>\n<li><b>NAF <\/b><b>Duball<\/b><b> DL <\/b><b>Pocketventil<\/b>&#8211; sandavskiljning f\u00f6r separator<\/li>\n<li><b>NAF <\/b><b>Check <\/b>spj\u00e4llbackventil<b>&#8211; <\/b>allm\u00e4n anv\u00e4ndning p\u00e5 massa-, \u00e5ng- och svartlutsledningar<\/li>\n<li><b>NAF <\/b><b>Triball <\/b>tredelad, fullopps kulventil- dr\u00e4nageventil, provtagningsventiler<\/li>\n<li><b>NAF Serie 48 <\/b>kilslidsventil- anv\u00e4ndning f\u00f6r avst\u00e4ngning p\u00e5 tankar<\/li>\n<\/ul>\n<\/div><div class=\"fusion-clearfix\"><\/div><\/div><\/div><\/div><\/div><\/p>\n","protected":false},"excerpt":{"rendered":"","protected":false},"author":1,"featured_media":2009,"parent":544,"menu_order":4,"comment_status":"closed","ping_status":"closed","template":"templates\/undersidor.php","meta":{"footnotes":""},"acf":[],"yoast_head":"<!-- This site is optimized with the Yoast SEO plugin v21.0 - https:\/\/yoast.com\/wordpress\/plugins\/seo\/ -->\n<title>Kontinuerlig kokare | NAF Control Valves<\/title>\n<meta name=\"description\" content=\"Kontinuerliga kokare \u00e4r till \u00f6verv\u00e4gande del baserade p\u00e5 sulfatprocessen (ofta \u00e4ven kallad kraftprocessen eller kraftmassan). Exempel p\u00e5 NAF-ventiler som anv\u00e4nds i denna process: NAF Duball DL, NAF Trunnball DL, NAF Setball, NAF Torex, NAF Turnex, NAF Duball DL Pocketventil, NAF Check, NAF Triball, NAF Serie 48.\" \/>\n<meta name=\"robots\" content=\"noindex, follow, max-snippet:-1, max-image-preview:large, max-video-preview:-1\" \/>\n<meta property=\"og:locale\" content=\"sv_SE\" \/>\n<meta property=\"og:type\" content=\"article\" \/>\n<meta property=\"og:title\" content=\"Kontinuerlig kokare | NAF Control Valves\" \/>\n<meta property=\"og:description\" content=\"Kontinuerliga kokare \u00e4r till \u00f6verv\u00e4gande del baserade p\u00e5 sulfatprocessen (ofta \u00e4ven kallad kraftprocessen eller kraftmassan). Exempel p\u00e5 NAF-ventiler som anv\u00e4nds i denna process: NAF Duball DL, NAF Trunnball DL, NAF Setball, NAF Torex, NAF Turnex, NAF Duball DL Pocketventil, NAF Check, NAF Triball, NAF Serie 48.\" \/>\n<meta property=\"og:url\" content=\"https:\/\/nafse24.hamlet2.hamrenmedia.se\/sv\/applikationer\/kemisk-massaframstallning\/fiberline\/kokeri\/continuous-digester\/\" \/>\n<meta property=\"og:site_name\" content=\"NAF Control Valves\" \/>\n<meta property=\"article:modified_time\" content=\"2018-06-07T12:19:41+00:00\" \/>\n<meta property=\"og:image\" content=\"https:\/\/nafse24.hamlet2.hamrenmedia.se\/wp-content\/uploads\/2018\/05\/Kontinuerlig-kokare.jpg\" \/>\n\t<meta property=\"og:image:width\" content=\"1359\" \/>\n\t<meta property=\"og:image:height\" content=\"842\" \/>\n\t<meta property=\"og:image:type\" content=\"image\/jpeg\" \/>\n<meta name=\"twitter:card\" content=\"summary_large_image\" \/>\n<meta name=\"twitter:label1\" content=\"Ber\u00e4knad l\u00e4stid\" \/>\n\t<meta name=\"twitter:data1\" content=\"5 minuter\" \/>\n<script type=\"application\/ld+json\" class=\"yoast-schema-graph\">{\"@context\":\"https:\/\/schema.org\",\"@graph\":[{\"@type\":\"WebPage\",\"@id\":\"https:\/\/nafse24.hamlet2.hamrenmedia.se\/sv\/applikationer\/kemisk-massaframstallning\/fiberline\/kokeri\/continuous-digester\/\",\"url\":\"https:\/\/nafse24.hamlet2.hamrenmedia.se\/sv\/applikationer\/kemisk-massaframstallning\/fiberline\/kokeri\/continuous-digester\/\",\"name\":\"Kontinuerlig kokare | NAF Control Valves\",\"isPartOf\":{\"@id\":\"https:\/\/nafse24.hamlet2.hamrenmedia.se\/#website\"},\"datePublished\":\"2017-11-20T10:16:49+00:00\",\"dateModified\":\"2018-06-07T12:19:41+00:00\",\"description\":\"Kontinuerliga kokare \u00e4r till \u00f6verv\u00e4gande del baserade p\u00e5 sulfatprocessen (ofta \u00e4ven kallad kraftprocessen eller kraftmassan). Exempel p\u00e5 NAF-ventiler som anv\u00e4nds i denna process: NAF Duball DL, NAF Trunnball DL, NAF Setball, NAF Torex, NAF Turnex, NAF Duball DL Pocketventil, NAF Check, NAF Triball, NAF Serie 48.\",\"breadcrumb\":{\"@id\":\"https:\/\/nafse24.hamlet2.hamrenmedia.se\/sv\/applikationer\/kemisk-massaframstallning\/fiberline\/kokeri\/continuous-digester\/#breadcrumb\"},\"inLanguage\":\"sv-SE\",\"potentialAction\":[{\"@type\":\"ReadAction\",\"target\":[\"https:\/\/nafse24.hamlet2.hamrenmedia.se\/sv\/applikationer\/kemisk-massaframstallning\/fiberline\/kokeri\/continuous-digester\/\"]}]},{\"@type\":\"BreadcrumbList\",\"@id\":\"https:\/\/nafse24.hamlet2.hamrenmedia.se\/sv\/applikationer\/kemisk-massaframstallning\/fiberline\/kokeri\/continuous-digester\/#breadcrumb\",\"itemListElement\":[{\"@type\":\"ListItem\",\"position\":1,\"name\":\"Hem\",\"item\":\"https:\/\/nafse24.hamlet2.hamrenmedia.se\/sv\/\"},{\"@type\":\"ListItem\",\"position\":2,\"name\":\"Applikationer\",\"item\":\"https:\/\/nafse24.hamlet2.hamrenmedia.se\/sv\/applikationer\/\"},{\"@type\":\"ListItem\",\"position\":3,\"name\":\"Kemisk Massaframst\u00e4llning\",\"item\":\"https:\/\/nafse24.hamlet2.hamrenmedia.se\/sv\/applikationer\/kemisk-massaframstallning\/\"},{\"@type\":\"ListItem\",\"position\":4,\"name\":\"Fiberlinjen\",\"item\":\"https:\/\/nafse24.hamlet2.hamrenmedia.se\/sv\/applikationer\/kemisk-massaframstallning\/fiberline\/\"},{\"@type\":\"ListItem\",\"position\":5,\"name\":\"Kokeri\",\"item\":\"https:\/\/nafse24.hamlet2.hamrenmedia.se\/sv\/applikationer\/kemisk-massaframstallning\/fiberline\/kokeri\/\"},{\"@type\":\"ListItem\",\"position\":6,\"name\":\"Kontinuerlig kokare\"}]},{\"@type\":\"WebSite\",\"@id\":\"https:\/\/nafse24.hamlet2.hamrenmedia.se\/#website\",\"url\":\"https:\/\/nafse24.hamlet2.hamrenmedia.se\/\",\"name\":\"NAF Control Valves\",\"description\":\"\",\"publisher\":{\"@id\":\"https:\/\/nafse24.hamlet2.hamrenmedia.se\/#organization\"},\"potentialAction\":[{\"@type\":\"SearchAction\",\"target\":{\"@type\":\"EntryPoint\",\"urlTemplate\":\"https:\/\/nafse24.hamlet2.hamrenmedia.se\/?s={search_term_string}\"},\"query-input\":\"required name=search_term_string\"}],\"inLanguage\":\"sv-SE\"},{\"@type\":\"Organization\",\"@id\":\"https:\/\/nafse24.hamlet2.hamrenmedia.se\/#organization\",\"name\":\"NAF Control Valves\",\"url\":\"https:\/\/nafse24.hamlet2.hamrenmedia.se\/\",\"logo\":{\"@type\":\"ImageObject\",\"inLanguage\":\"sv-SE\",\"@id\":\"https:\/\/nafse24.hamlet2.hamrenmedia.se\/#\/schema\/logo\/image\/\",\"url\":\"https:\/\/nafse24.hamlet2.hamrenmedia.se\/wp-content\/uploads\/2018\/08\/flowserve-naf-logo-white-retina.png\",\"contentUrl\":\"https:\/\/nafse24.hamlet2.hamrenmedia.se\/wp-content\/uploads\/2018\/08\/flowserve-naf-logo-white-retina.png\",\"width\":275,\"height\":146,\"caption\":\"NAF Control Valves\"},\"image\":{\"@id\":\"https:\/\/nafse24.hamlet2.hamrenmedia.se\/#\/schema\/logo\/image\/\"}}]}<\/script>\n<!-- \/ Yoast SEO plugin. -->","yoast_head_json":{"title":"Kontinuerlig kokare | NAF Control Valves","description":"Kontinuerliga kokare \u00e4r till \u00f6verv\u00e4gande del baserade p\u00e5 sulfatprocessen (ofta \u00e4ven kallad kraftprocessen eller kraftmassan). Exempel p\u00e5 NAF-ventiler som anv\u00e4nds i denna process: NAF Duball DL, NAF Trunnball DL, NAF Setball, NAF Torex, NAF Turnex, NAF Duball DL Pocketventil, NAF Check, NAF Triball, NAF Serie 48.","robots":{"index":"noindex","follow":"follow","max-snippet":"max-snippet:-1","max-image-preview":"max-image-preview:large","max-video-preview":"max-video-preview:-1"},"og_locale":"sv_SE","og_type":"article","og_title":"Kontinuerlig kokare | NAF Control Valves","og_description":"Kontinuerliga kokare \u00e4r till \u00f6verv\u00e4gande del baserade p\u00e5 sulfatprocessen (ofta \u00e4ven kallad kraftprocessen eller kraftmassan). Exempel p\u00e5 NAF-ventiler som anv\u00e4nds i denna process: NAF Duball DL, NAF Trunnball DL, NAF Setball, NAF Torex, NAF Turnex, NAF Duball DL Pocketventil, NAF Check, NAF Triball, NAF Serie 48.","og_url":"https:\/\/nafse24.hamlet2.hamrenmedia.se\/sv\/applikationer\/kemisk-massaframstallning\/fiberline\/kokeri\/continuous-digester\/","og_site_name":"NAF Control Valves","article_modified_time":"2018-06-07T12:19:41+00:00","og_image":[{"width":1359,"height":842,"url":"https:\/\/nafse24.hamlet2.hamrenmedia.se\/wp-content\/uploads\/2018\/05\/Kontinuerlig-kokare.jpg","type":"image\/jpeg"}],"twitter_card":"summary_large_image","twitter_misc":{"Ber\u00e4knad l\u00e4stid":"5 minuter"},"schema":{"@context":"https:\/\/schema.org","@graph":[{"@type":"WebPage","@id":"https:\/\/nafse24.hamlet2.hamrenmedia.se\/sv\/applikationer\/kemisk-massaframstallning\/fiberline\/kokeri\/continuous-digester\/","url":"https:\/\/nafse24.hamlet2.hamrenmedia.se\/sv\/applikationer\/kemisk-massaframstallning\/fiberline\/kokeri\/continuous-digester\/","name":"Kontinuerlig kokare | NAF Control Valves","isPartOf":{"@id":"https:\/\/nafse24.hamlet2.hamrenmedia.se\/#website"},"datePublished":"2017-11-20T10:16:49+00:00","dateModified":"2018-06-07T12:19:41+00:00","description":"Kontinuerliga kokare \u00e4r till \u00f6verv\u00e4gande del baserade p\u00e5 sulfatprocessen (ofta \u00e4ven kallad kraftprocessen eller kraftmassan). Exempel p\u00e5 NAF-ventiler som anv\u00e4nds i denna process: NAF Duball DL, NAF Trunnball DL, NAF Setball, NAF Torex, NAF Turnex, NAF Duball DL Pocketventil, NAF Check, NAF Triball, NAF Serie 48.","breadcrumb":{"@id":"https:\/\/nafse24.hamlet2.hamrenmedia.se\/sv\/applikationer\/kemisk-massaframstallning\/fiberline\/kokeri\/continuous-digester\/#breadcrumb"},"inLanguage":"sv-SE","potentialAction":[{"@type":"ReadAction","target":["https:\/\/nafse24.hamlet2.hamrenmedia.se\/sv\/applikationer\/kemisk-massaframstallning\/fiberline\/kokeri\/continuous-digester\/"]}]},{"@type":"BreadcrumbList","@id":"https:\/\/nafse24.hamlet2.hamrenmedia.se\/sv\/applikationer\/kemisk-massaframstallning\/fiberline\/kokeri\/continuous-digester\/#breadcrumb","itemListElement":[{"@type":"ListItem","position":1,"name":"Hem","item":"https:\/\/nafse24.hamlet2.hamrenmedia.se\/sv\/"},{"@type":"ListItem","position":2,"name":"Applikationer","item":"https:\/\/nafse24.hamlet2.hamrenmedia.se\/sv\/applikationer\/"},{"@type":"ListItem","position":3,"name":"Kemisk Massaframst\u00e4llning","item":"https:\/\/nafse24.hamlet2.hamrenmedia.se\/sv\/applikationer\/kemisk-massaframstallning\/"},{"@type":"ListItem","position":4,"name":"Fiberlinjen","item":"https:\/\/nafse24.hamlet2.hamrenmedia.se\/sv\/applikationer\/kemisk-massaframstallning\/fiberline\/"},{"@type":"ListItem","position":5,"name":"Kokeri","item":"https:\/\/nafse24.hamlet2.hamrenmedia.se\/sv\/applikationer\/kemisk-massaframstallning\/fiberline\/kokeri\/"},{"@type":"ListItem","position":6,"name":"Kontinuerlig kokare"}]},{"@type":"WebSite","@id":"https:\/\/nafse24.hamlet2.hamrenmedia.se\/#website","url":"https:\/\/nafse24.hamlet2.hamrenmedia.se\/","name":"NAF Control Valves","description":"","publisher":{"@id":"https:\/\/nafse24.hamlet2.hamrenmedia.se\/#organization"},"potentialAction":[{"@type":"SearchAction","target":{"@type":"EntryPoint","urlTemplate":"https:\/\/nafse24.hamlet2.hamrenmedia.se\/?s={search_term_string}"},"query-input":"required name=search_term_string"}],"inLanguage":"sv-SE"},{"@type":"Organization","@id":"https:\/\/nafse24.hamlet2.hamrenmedia.se\/#organization","name":"NAF Control Valves","url":"https:\/\/nafse24.hamlet2.hamrenmedia.se\/","logo":{"@type":"ImageObject","inLanguage":"sv-SE","@id":"https:\/\/nafse24.hamlet2.hamrenmedia.se\/#\/schema\/logo\/image\/","url":"https:\/\/nafse24.hamlet2.hamrenmedia.se\/wp-content\/uploads\/2018\/08\/flowserve-naf-logo-white-retina.png","contentUrl":"https:\/\/nafse24.hamlet2.hamrenmedia.se\/wp-content\/uploads\/2018\/08\/flowserve-naf-logo-white-retina.png","width":275,"height":146,"caption":"NAF Control Valves"},"image":{"@id":"https:\/\/nafse24.hamlet2.hamrenmedia.se\/#\/schema\/logo\/image\/"}}]}},"_links":{"self":[{"href":"https:\/\/nafse24.hamlet2.hamrenmedia.se\/sv\/wp-json\/wp\/v2\/pages\/563"}],"collection":[{"href":"https:\/\/nafse24.hamlet2.hamrenmedia.se\/sv\/wp-json\/wp\/v2\/pages"}],"about":[{"href":"https:\/\/nafse24.hamlet2.hamrenmedia.se\/sv\/wp-json\/wp\/v2\/types\/page"}],"author":[{"embeddable":true,"href":"https:\/\/nafse24.hamlet2.hamrenmedia.se\/sv\/wp-json\/wp\/v2\/users\/1"}],"replies":[{"embeddable":true,"href":"https:\/\/nafse24.hamlet2.hamrenmedia.se\/sv\/wp-json\/wp\/v2\/comments?post=563"}],"version-history":[{"count":2,"href":"https:\/\/nafse24.hamlet2.hamrenmedia.se\/sv\/wp-json\/wp\/v2\/pages\/563\/revisions"}],"predecessor-version":[{"id":3113,"href":"https:\/\/nafse24.hamlet2.hamrenmedia.se\/sv\/wp-json\/wp\/v2\/pages\/563\/revisions\/3113"}],"up":[{"embeddable":true,"href":"https:\/\/nafse24.hamlet2.hamrenmedia.se\/sv\/wp-json\/wp\/v2\/pages\/544"}],"wp:featuredmedia":[{"embeddable":true,"href":"https:\/\/nafse24.hamlet2.hamrenmedia.se\/sv\/wp-json\/wp\/v2\/media\/2009"}],"wp:attachment":[{"href":"https:\/\/nafse24.hamlet2.hamrenmedia.se\/sv\/wp-json\/wp\/v2\/media?parent=563"}],"curies":[{"name":"wp","href":"https:\/\/api.w.org\/{rel}","templated":true}]}}