{"id":56,"date":"2017-10-19T16:07:27","date_gmt":"2017-10-19T14:07:27","guid":{"rendered":"http:\/\/naf.se\/?page_id=56"},"modified":"2018-06-07T13:48:11","modified_gmt":"2018-06-07T11:48:11","slug":"dokument","status":"publish","type":"page","link":"https:\/\/nafse24.hamlet2.hamrenmedia.se\/sv\/dokument\/","title":{"rendered":"Dokument"},"content":{"rendered":"<p><div class=\"fusion-fullwidth fullwidth-box fusion-builder-row-1 nonhundred-percent-fullwidth non-hundred-percent-height-scrolling\" style=\"--awb-border-radius-top-left:0px;--awb-border-radius-top-right:0px;--awb-border-radius-bottom-right:0px;--awb-border-radius-bottom-left:0px;--awb-flex-wrap:wrap;\" ><div class=\"fusion-builder-row fusion-row\"><div class=\"fusion-layout-column fusion_builder_column fusion-builder-column-0 fusion_builder_column_1_1 1_1 fusion-one-full fusion-column-first fusion-column-last\" style=\"--awb-bg-size:cover;\"><div class=\"fusion-column-wrapper fusion-flex-column-wrapper-legacy\"><div class=\"fusion-title title fusion-title-1 fusion-sep-none fusion-title-text fusion-title-size-one\"><h1 class=\"fusion-title-heading title-heading-left\" style=\"margin:0;\">Nedladdningsbart material<\/h1><\/div><div class=\"fusion-text fusion-text-1\"><pre>H\u00e4r hittar du n\u00f6dv\u00e4ndiga instruktioner och dokument f\u00f6r v\u00e5ra produkter och v\u00e5rt f\u00f6retag. S\u00f6k fram \u00f6nskat dokument genom att anv\u00e4nda filtreringsfunktionen nedan. Hittar du inte vad du s\u00f6ker? Kontakta oss, s\u00e5 hj\u00e4lper vi dig!<\/pre>\n<\/div><div class=\"fusion-clearfix\"><\/div><\/div><\/div><\/div><\/div><div class=\"fusion-fullwidth fullwidth-box fusion-builder-row-2 section nonhundred-percent-fullwidth non-hundred-percent-height-scrolling\" style=\"--awb-border-radius-top-left:0px;--awb-border-radius-top-right:0px;--awb-border-radius-bottom-right:0px;--awb-border-radius-bottom-left:0px;--awb-flex-wrap:wrap;\" ><div class=\"fusion-builder-row fusion-row\"><div class=\"fusion-layout-column fusion_builder_column fusion-builder-column-1 fusion_builder_column_1_1 1_1 fusion-one-full fusion-column-first fusion-column-last\" style=\"--awb-bg-size:cover;\"><div class=\"fusion-column-wrapper fusion-flex-column-wrapper-legacy\"><div class=\"fusion-title title fusion-title-2 fusion-sep-none fusion-title-text fusion-title-size-two\"><h2 class=\"fusion-title-heading title-heading-left\" style=\"margin:0;\">S\u00f6k dokument<\/h2><\/div><form data-sf-form-id='214' data-is-rtl='0' data-maintain-state='' data-results-url='\/sv\/dokument' data-ajax-form-url='https:\/\/nafse24.hamlet2.hamrenmedia.se\/sv\/?sfid=214&amp;sf_action=get_data&amp;sf_data=form' data-display-result-method='custom' data-use-history-api='1' data-template-loaded='0' data-lang-code='sv' data-ajax='0' data-init-paged='1' data-auto-update='' data-auto-count='1' action='\/sv\/dokument' method='post' class='searchandfilter' id='search-filter-form-214' autocomplete='off' data-instance-count='1'><ul><li class=\"sf-field-taxonomy-dokumentkategori\" data-sf-field-name=\"_sft_dokumentkategori\" data-sf-field-type=\"taxonomy\" data-sf-field-input-type=\"select\"><h4>Kategori<\/h4>\t\t<label>\n\t\t\t\t   \t\t<select name=\"_sft_dokumentkategori[]\" class=\"sf-input-select\" title=\"\">\n\t\t\t\t\t\t  \t\t\t<option class=\"sf-level-0 sf-item-0 sf-option-active\" selected=\"selected\" data-sf-count=\"0\" data-sf-depth=\"0\" value=\"\">V\u00e4lj kategori<\/option>\n\t\t\t\t\t\t\t\t\t\t\t<option class=\"sf-level-0 sf-item-302\" data-sf-count=\"1\" data-sf-depth=\"0\" value=\"company-and-product-presentation\">Company and Product Presentation<\/option>\n\t\t\t\t\t\t\t\t\t\t\t<option class=\"sf-level-0 sf-item-356\" data-sf-count=\"2\" data-sf-depth=\"0\" value=\"company-information\">Company Information<\/option>\n\t\t\t\t\t\t\t\t\t\t\t<option class=\"sf-level-0 sf-item-312\" data-sf-count=\"113\" data-sf-depth=\"0\" value=\"datasheet\">Datasheet<\/option>\n\t\t\t\t\t\t\t\t\t\t\t<option class=\"sf-level-0 sf-item-359\" data-sf-count=\"12\" data-sf-depth=\"0\" value=\"general-guidelines\">General Guidelines<\/option>\n\t\t\t\t\t\t\t\t\t\t\t<option class=\"sf-level-0 sf-item-307\" data-sf-count=\"25\" data-sf-depth=\"0\" value=\"other\">Other<\/option>\n\t\t\t\t\t\t\t\t\t\t\t<option class=\"sf-level-0 sf-item-401\" data-sf-count=\"10\" data-sf-depth=\"0\" value=\"product-brochure\">Product Brochure<\/option>\n\t\t\t\t\t\t\t\t\t\t\t<option class=\"sf-level-0 sf-item-357\" data-sf-count=\"3\" data-sf-depth=\"0\" value=\"product-overview\">Product Overview<\/option>\n\t\t\t\t\t\t\t\t\t\t\t<option class=\"sf-level-0 sf-item-358\" data-sf-count=\"23\" data-sf-depth=\"0\" value=\"quality-documents\">Quality Documents<\/option>\n\t\t\t\t\t\t\t\t\t\t\t<option class=\"sf-level-0 sf-item-279\" data-sf-count=\"2\" data-sf-depth=\"0\" value=\"service\">Service<\/option>\n\t\t\t\t\t\t\t\t\t\t\t<option class=\"sf-level-0 sf-item-367\" data-sf-count=\"23\" data-sf-depth=\"0\" value=\"service-manual\">Service Manual<\/option>\n\t\t\t\t\t\t\t\t\t\t\t<option class=\"sf-level-0 sf-item-305\" data-sf-count=\"2\" data-sf-depth=\"0\" value=\"software\">Software<\/option>\n\t\t\t\t\t\t\t\t\t\t\t<\/select><\/label>\t\t\t\t\t\t\t\t\t\t<\/li><li class=\"sf-field-post-meta-doc_prod\" data-sf-field-name=\"_sfm_doc_prod\" data-sf-field-type=\"post_meta\" data-sf-field-input-type=\"select\" data-sf-meta-type=\"choice\"><h4>Produkt<\/h4>\t\t<label>\n\t\t\t\t   \t\t<select name=\"_sfm_doc_prod[]\" class=\"sf-input-select\" title=\"\">\n\t\t\t\t\t\t  \t\t\t<option class=\"sf-level-0 sf-item-0 sf-option-active\" selected=\"selected\" data-sf-depth=\"0\" value=\"\">V\u00e4lj produkt<\/option>\n\t\t\t\t\t\t\t\t\t\t\t<option class=\"sf-level-0 \" data-sf-count=\"1\" data-sf-depth=\"0\" value=\"1885\">NAF Duball DL Pocket Valve&nbsp;&nbsp;(1)<\/option>\n\t\t\t\t\t\t\t\t\t\t\t<option class=\"sf-level-0 \" data-sf-count=\"1\" data-sf-depth=\"0\" value=\"1889\">NAF Duball DL Ceramic Valve&nbsp;&nbsp;(1)<\/option>\n\t\t\t\t\t\t\t\t\t\t\t<option class=\"sf-level-0 \" data-sf-count=\"1\" data-sf-depth=\"0\" value=\"1890\">NAF Check ANSI&nbsp;&nbsp;(1)<\/option>\n\t\t\t\t\t\t\t\t\t\t\t<option class=\"sf-level-0 \" data-sf-count=\"1\" data-sf-depth=\"0\" value=\"1892\">NAF Setball for MC-pulp&nbsp;&nbsp;(1)<\/option>\n\t\t\t\t\t\t\t\t\t\t\t<option class=\"sf-level-0 \" data-sf-count=\"2\" data-sf-depth=\"0\" value=\"1893\">NAF ProCap&nbsp;&nbsp;(2)<\/option>\n\t\t\t\t\t\t\t\t\t\t\t<option class=\"sf-level-0 \" data-sf-count=\"1\" data-sf-depth=\"0\" value=\"1894\">NAF Duball DL&nbsp;&nbsp;(1)<\/option>\n\t\t\t\t\t\t\t\t\t\t\t<option class=\"sf-level-0 \" data-sf-count=\"1\" data-sf-depth=\"0\" value=\"1895\">NAF Trunnball DL&nbsp;&nbsp;(1)<\/option>\n\t\t\t\t\t\t\t\t\t\t\t<option class=\"sf-level-0 \" data-sf-count=\"1\" data-sf-depth=\"0\" value=\"1897\">NAF Check&nbsp;&nbsp;(1)<\/option>\n\t\t\t\t\t\t\t\t\t\t\t<option class=\"sf-level-0 \" data-sf-count=\"1\" data-sf-depth=\"0\" value=\"1903\">NAF Unex&nbsp;&nbsp;(1)<\/option>\n\t\t\t\t\t\t\t\t\t\t\t<option class=\"sf-level-0 \" data-sf-count=\"1\" data-sf-depth=\"0\" value=\"1904\">NAF Torex&nbsp;&nbsp;(1)<\/option>\n\t\t\t\t\t\t\t\t\t\t\t<option class=\"sf-level-0 \" data-sf-count=\"2\" data-sf-depth=\"0\" value=\"1906\">NAF Setball&nbsp;&nbsp;(2)<\/option>\n\t\t\t\t\t\t\t\t\t\t\t<option class=\"sf-level-0 \" data-sf-count=\"1\" data-sf-depth=\"0\" value=\"1910\">NAF Triball&nbsp;&nbsp;(1)<\/option>\n\t\t\t\t\t\t\t\t\t\t\t<option class=\"sf-level-0 \" data-sf-count=\"1\" data-sf-depth=\"0\" value=\"1913\">NAF Turnex&nbsp;&nbsp;(1)<\/option>\n\t\t\t\t\t\t\t\t\t\t\t<option class=\"sf-level-0 \" data-sf-count=\"1\" data-sf-depth=\"0\" value=\"1914\">NAF LinkIT&nbsp;&nbsp;(1)<\/option>\n\t\t\t\t\t\t\t\t\t\t\t<option class=\"sf-level-0 \" data-sf-count=\"1\" data-sf-depth=\"0\" value=\"1916\">NAF Setball SF&nbsp;&nbsp;(1)<\/option>\n\t\t\t\t\t\t\t\t\t\t\t<option class=\"sf-level-0 \" data-sf-count=\"3\" data-sf-depth=\"0\" value=\"3086\">D30&nbsp;&nbsp;(3)<\/option>\n\t\t\t\t\t\t\t\t\t\t\t<option class=\"sf-level-0 \" data-sf-count=\"2\" data-sf-depth=\"0\" value=\"3122\">EP5 och P5&nbsp;&nbsp;(2)<\/option>\n\t\t\t\t\t\t\t\t\t\t\t<option class=\"sf-level-0 \" data-sf-count=\"1\" data-sf-depth=\"0\" value=\"3148\">WS\/WM&nbsp;&nbsp;(1)<\/option>\n\t\t\t\t\t\t\t\t\t\t\t<option class=\"sf-level-0 \" data-sf-count=\"1\" data-sf-depth=\"0\" value=\"3169\">PS\/PM&nbsp;&nbsp;(1)<\/option>\n\t\t\t\t\t\t\t\t\t\t\t<option class=\"sf-level-0 \" data-sf-count=\"1\" data-sf-depth=\"0\" value=\"3174\">XCL\/XML&nbsp;&nbsp;(1)<\/option>\n\t\t\t\t\t\t\t\t\t\t\t<option class=\"sf-level-0 \" data-sf-count=\"2\" data-sf-depth=\"0\" value=\"3189\">ValveSight&nbsp;&nbsp;(2)<\/option>\n\t\t\t\t\t\t\t\t\t\t\t<option class=\"sf-level-0 \" data-sf-count=\"9\" data-sf-depth=\"0\" value=\"327\">NAF LinkIT&nbsp;&nbsp;(9)<\/option>\n\t\t\t\t\t\t\t\t\t\t\t<option class=\"sf-level-0 \" data-sf-count=\"9\" data-sf-depth=\"0\" value=\"329\">NAF Turnex&nbsp;&nbsp;(9)<\/option>\n\t\t\t\t\t\t\t\t\t\t\t<option class=\"sf-level-0 \" data-sf-count=\"3\" data-sf-depth=\"0\" value=\"331\">NAF RC&nbsp;&nbsp;(3)<\/option>\n\t\t\t\t\t\t\t\t\t\t\t<option class=\"sf-level-0 \" data-sf-count=\"3\" data-sf-depth=\"0\" value=\"333\">Handspak&nbsp;&nbsp;(3)<\/option>\n\t\t\t\t\t\t\t\t\t\t\t<option class=\"sf-level-0 \" data-sf-count=\"3\" data-sf-depth=\"0\" value=\"334\">&nbsp;&nbsp;(3)<\/option>\n\t\t\t\t\t\t\t\t\t\t\t<option class=\"sf-level-0 \" data-sf-count=\"6\" data-sf-depth=\"0\" value=\"335\">NAF Triball&nbsp;&nbsp;(6)<\/option>\n\t\t\t\t\t\t\t\t\t\t\t<option class=\"sf-level-0 \" data-sf-count=\"3\" data-sf-depth=\"0\" value=\"337\">Navalball, rostfritt st\u00e5l&nbsp;&nbsp;(3)<\/option>\n\t\t\t\t\t\t\t\t\t\t\t<option class=\"sf-level-0 \" data-sf-count=\"3\" data-sf-depth=\"0\" value=\"339\">Navalball, kolst\u00e5l&nbsp;&nbsp;(3)<\/option>\n\t\t\t\t\t\t\t\t\t\t\t<option class=\"sf-level-0 \" data-sf-count=\"3\" data-sf-depth=\"0\" value=\"341\">Navalsteam, kolst\u00e5l&nbsp;&nbsp;(3)<\/option>\n\t\t\t\t\t\t\t\t\t\t\t<option class=\"sf-level-0 \" data-sf-count=\"14\" data-sf-depth=\"0\" value=\"342\">NAF Setball&nbsp;&nbsp;(14)<\/option>\n\t\t\t\t\t\t\t\t\t\t\t<option class=\"sf-level-0 \" data-sf-count=\"3\" data-sf-depth=\"0\" value=\"344\">NAF Trimsector&nbsp;&nbsp;(3)<\/option>\n\t\t\t\t\t\t\t\t\t\t\t<option class=\"sf-level-0 \" data-sf-count=\"12\" data-sf-depth=\"0\" value=\"346\">NAF Torex&nbsp;&nbsp;(12)<\/option>\n\t\t\t\t\t\t\t\t\t\t\t<option class=\"sf-level-0 \" data-sf-count=\"5\" data-sf-depth=\"0\" value=\"348\">NAF Unex&nbsp;&nbsp;(5)<\/option>\n\t\t\t\t\t\t\t\t\t\t\t<option class=\"sf-level-0 \" data-sf-count=\"3\" data-sf-depth=\"0\" value=\"352\">&nbsp;&nbsp;(3)<\/option>\n\t\t\t\t\t\t\t\t\t\t\t<option class=\"sf-level-0 \" data-sf-count=\"7\" data-sf-depth=\"0\" value=\"353\">NAF Check&nbsp;&nbsp;(7)<\/option>\n\t\t\t\t\t\t\t\t\t\t\t<option class=\"sf-level-0 \" data-sf-count=\"3\" data-sf-depth=\"0\" value=\"355\">&nbsp;&nbsp;(3)<\/option>\n\t\t\t\t\t\t\t\t\t\t\t<option class=\"sf-level-0 \" data-sf-count=\"3\" data-sf-depth=\"0\" value=\"357\">&nbsp;&nbsp;(3)<\/option>\n\t\t\t\t\t\t\t\t\t\t\t<option class=\"sf-level-0 \" data-sf-count=\"3\" data-sf-depth=\"0\" value=\"359\">&nbsp;&nbsp;(3)<\/option>\n\t\t\t\t\t\t\t\t\t\t\t<option class=\"sf-level-0 \" data-sf-count=\"3\" data-sf-depth=\"0\" value=\"361\">&nbsp;&nbsp;(3)<\/option>\n\t\t\t\t\t\t\t\t\t\t\t<option class=\"sf-level-0 \" data-sf-count=\"3\" data-sf-depth=\"0\" value=\"363\">&nbsp;&nbsp;(3)<\/option>\n\t\t\t\t\t\t\t\t\t\t\t<option class=\"sf-level-0 \" data-sf-count=\"1\" data-sf-depth=\"0\" value=\"367\">NAF eValuate&nbsp;&nbsp;(1)<\/option>\n\t\t\t\t\t\t\t\t\t\t\t<option class=\"sf-level-0 \" data-sf-count=\"6\" data-sf-depth=\"0\" value=\"368\">NAF Duball DL Keramventil&nbsp;&nbsp;(6)<\/option>\n\t\t\t\t\t\t\t\t\t\t\t<option class=\"sf-level-0 \" data-sf-count=\"3\" data-sf-depth=\"0\" value=\"370\">V\u00e4xel&nbsp;&nbsp;(3)<\/option>\n\t\t\t\t\t\t\t\t\t\t\t<option class=\"sf-level-0 \" data-sf-count=\"5\" data-sf-depth=\"0\" value=\"372\">NAF Check ANSI&nbsp;&nbsp;(5)<\/option>\n\t\t\t\t\t\t\t\t\t\t\t<option class=\"sf-level-0 \" data-sf-count=\"7\" data-sf-depth=\"0\" value=\"374\">NAF Setball f\u00f6r MC-massa&nbsp;&nbsp;(7)<\/option>\n\t\t\t\t\t\t\t\t\t\t\t<option class=\"sf-level-0 \" data-sf-count=\"4\" data-sf-depth=\"0\" value=\"376\">NAF ProCap&nbsp;&nbsp;(4)<\/option>\n\t\t\t\t\t\t\t\t\t\t\t<option class=\"sf-level-0 \" data-sf-count=\"17\" data-sf-depth=\"0\" value=\"378\">NAF Duball DL&nbsp;&nbsp;(17)<\/option>\n\t\t\t\t\t\t\t\t\t\t\t<option class=\"sf-level-0 \" data-sf-count=\"15\" data-sf-depth=\"0\" value=\"380\">NAF Trunnball DL&nbsp;&nbsp;(15)<\/option>\n\t\t\t\t\t\t\t\t\t\t\t<option class=\"sf-level-0 \" data-sf-count=\"6\" data-sf-depth=\"0\" value=\"382\">NAF Setball SF&nbsp;&nbsp;(6)<\/option>\n\t\t\t\t\t\t\t\t\t\t\t<option class=\"sf-level-0 \" data-sf-count=\"5\" data-sf-depth=\"0\" value=\"384\">NAF Duball DL Pocketventil&nbsp;&nbsp;(5)<\/option>\n\t\t\t\t\t\t\t\t\t\t\t<\/select><\/label>\t\t\t\t\t\t\t\t\t\t<\/li><li class=\"sf-field-taxonomy-language\" data-sf-field-name=\"_sft_language\" data-sf-field-type=\"taxonomy\" data-sf-field-input-type=\"select\"><h4>Spr\u00e5k<\/h4>\t\t<label>\n\t\t\t\t   \t\t<select name=\"_sft_language[]\" class=\"sf-input-select\" title=\"\">\n\t\t\t\t\t\t  \t\t\t<option class=\"sf-level-0 sf-item-0 sf-option-active\" selected=\"selected\" data-sf-count=\"0\" data-sf-depth=\"0\" value=\"\">V\u00e4lj spr\u00e5k<\/option>\n\t\t\t\t\t\t\t\t\t\t\t<option class=\"sf-level-0 sf-item-384\" data-sf-count=\"2\" data-sf-depth=\"0\" value=\"cn\">Chinese<\/option>\n\t\t\t\t\t\t\t\t\t\t\t<option class=\"sf-level-0 sf-item-382\" data-sf-count=\"90\" data-sf-depth=\"0\" value=\"en\">English<\/option>\n\t\t\t\t\t\t\t\t\t\t\t<option class=\"sf-level-0 sf-item-1889\" data-sf-count=\"1\" data-sf-depth=\"0\" value=\"french\">French<\/option>\n\t\t\t\t\t\t\t\t\t\t\t<option class=\"sf-level-0 sf-item-385\" data-sf-count=\"34\" data-sf-depth=\"0\" value=\"de\">German<\/option>\n\t\t\t\t\t\t\t\t\t\t\t<option class=\"sf-level-0 sf-item-412\" data-sf-count=\"1\" data-sf-depth=\"0\" value=\"multi-language\">Multi language<\/option>\n\t\t\t\t\t\t\t\t\t\t\t<option class=\"sf-level-0 sf-item-386\" data-sf-count=\"2\" data-sf-depth=\"0\" value=\"pt\">Portugese<\/option>\n\t\t\t\t\t\t\t\t\t\t\t<option class=\"sf-level-0 sf-item-383\" data-sf-count=\"9\" data-sf-depth=\"0\" value=\"ru\">Russian<\/option>\n\t\t\t\t\t\t\t\t\t\t\t<option class=\"sf-level-0 sf-item-381\" data-sf-count=\"42\" data-sf-depth=\"0\" value=\"se\">Swedish<\/option>\n\t\t\t\t\t\t\t\t\t\t\t<\/select><\/label>\t\t\t\t\t\t\t\t\t\t<\/li><li class=\"sf-field-submit\" data-sf-field-name=\"submit\" data-sf-field-type=\"submit\" data-sf-field-input-type=\"\"><input type=\"submit\" name=\"_sf_submit\" value=\"S\u00f6k dokument\"><\/li><li class=\"sf-field-reset\" data-sf-field-name=\"reset\" data-sf-field-type=\"reset\" data-sf-field-input-type=\"button\"><input type=\"submit\" class=\"search-filter-reset\" name=\"_sf_reset\" value=\"Nollst\u00e4ll s\u00f6kning\" data-search-form-id=\"214\" data-sf-submit-form=\"always\"><\/li><\/ul><\/form><div class=\"results-wrapper\"><p>V\u00e4lj ett eller flera filtreringsalternativ ovan.<\/p><\/div>\n\n\t\t\n<div class=\"fusion-clearfix\"><\/div><\/div><\/div><\/div><\/div><\/p>\n","protected":false},"excerpt":{"rendered":"","protected":false},"author":1,"featured_media":0,"parent":0,"menu_order":7,"comment_status":"closed","ping_status":"closed","template":"templates\/undersidor.php","meta":{"footnotes":""},"acf":[],"yoast_head":"<!-- This site is optimized with the Yoast SEO plugin v21.0 - https:\/\/yoast.com\/wordpress\/plugins\/seo\/ -->\n<title>Dokument | NAF Control Valves<\/title>\n<meta name=\"description\" content=\"H\u00e4r hittar du n\u00f6dv\u00e4ndiga instruktioner och dokument f\u00f6r v\u00e5ra produkter och v\u00e5rt f\u00f6retag. S\u00f6k fram \u00f6nskat dokument genom att anv\u00e4nda filtreringsfunktionen nedan. Hittar du inte vad du s\u00f6ker? Kontakta oss, s\u00e5 hj\u00e4lper vi dig!\" \/>\n<meta name=\"robots\" content=\"noindex, follow, max-snippet:-1, max-image-preview:large, max-video-preview:-1\" \/>\n<meta property=\"og:locale\" content=\"sv_SE\" \/>\n<meta property=\"og:type\" content=\"article\" \/>\n<meta property=\"og:title\" content=\"Dokument | NAF Control Valves\" \/>\n<meta property=\"og:description\" content=\"H\u00e4r hittar du n\u00f6dv\u00e4ndiga instruktioner och dokument f\u00f6r v\u00e5ra produkter och v\u00e5rt f\u00f6retag. S\u00f6k fram \u00f6nskat dokument genom att anv\u00e4nda filtreringsfunktionen nedan. Hittar du inte vad du s\u00f6ker? Kontakta oss, s\u00e5 hj\u00e4lper vi dig!\" \/>\n<meta property=\"og:url\" content=\"https:\/\/nafse24.hamlet2.hamrenmedia.se\/sv\/dokument\/\" \/>\n<meta property=\"og:site_name\" content=\"NAF Control Valves\" \/>\n<meta property=\"article:modified_time\" content=\"2018-06-07T11:48:11+00:00\" \/>\n<meta name=\"twitter:card\" content=\"summary_large_image\" \/>\n<meta name=\"twitter:label1\" content=\"Ber\u00e4knad l\u00e4stid\" \/>\n\t<meta name=\"twitter:data1\" content=\"2 minuter\" \/>\n<script type=\"application\/ld+json\" class=\"yoast-schema-graph\">{\"@context\":\"https:\/\/schema.org\",\"@graph\":[{\"@type\":\"WebPage\",\"@id\":\"https:\/\/nafse24.hamlet2.hamrenmedia.se\/sv\/dokument\/\",\"url\":\"https:\/\/nafse24.hamlet2.hamrenmedia.se\/sv\/dokument\/\",\"name\":\"Dokument | NAF Control Valves\",\"isPartOf\":{\"@id\":\"https:\/\/nafse24.hamlet2.hamrenmedia.se\/#website\"},\"datePublished\":\"2017-10-19T14:07:27+00:00\",\"dateModified\":\"2018-06-07T11:48:11+00:00\",\"description\":\"H\u00e4r hittar du n\u00f6dv\u00e4ndiga instruktioner och dokument f\u00f6r v\u00e5ra produkter och v\u00e5rt f\u00f6retag. S\u00f6k fram \u00f6nskat dokument genom att anv\u00e4nda filtreringsfunktionen nedan. Hittar du inte vad du s\u00f6ker? Kontakta oss, s\u00e5 hj\u00e4lper vi dig!\",\"breadcrumb\":{\"@id\":\"https:\/\/nafse24.hamlet2.hamrenmedia.se\/sv\/dokument\/#breadcrumb\"},\"inLanguage\":\"sv-SE\",\"potentialAction\":[{\"@type\":\"ReadAction\",\"target\":[\"https:\/\/nafse24.hamlet2.hamrenmedia.se\/sv\/dokument\/\"]}]},{\"@type\":\"BreadcrumbList\",\"@id\":\"https:\/\/nafse24.hamlet2.hamrenmedia.se\/sv\/dokument\/#breadcrumb\",\"itemListElement\":[{\"@type\":\"ListItem\",\"position\":1,\"name\":\"Hem\",\"item\":\"https:\/\/nafse24.hamlet2.hamrenmedia.se\/sv\/\"},{\"@type\":\"ListItem\",\"position\":2,\"name\":\"Dokument\"}]},{\"@type\":\"WebSite\",\"@id\":\"https:\/\/nafse24.hamlet2.hamrenmedia.se\/#website\",\"url\":\"https:\/\/nafse24.hamlet2.hamrenmedia.se\/\",\"name\":\"NAF Control Valves\",\"description\":\"\",\"publisher\":{\"@id\":\"https:\/\/nafse24.hamlet2.hamrenmedia.se\/#organization\"},\"potentialAction\":[{\"@type\":\"SearchAction\",\"target\":{\"@type\":\"EntryPoint\",\"urlTemplate\":\"https:\/\/nafse24.hamlet2.hamrenmedia.se\/?s={search_term_string}\"},\"query-input\":\"required name=search_term_string\"}],\"inLanguage\":\"sv-SE\"},{\"@type\":\"Organization\",\"@id\":\"https:\/\/nafse24.hamlet2.hamrenmedia.se\/#organization\",\"name\":\"NAF Control Valves\",\"url\":\"https:\/\/nafse24.hamlet2.hamrenmedia.se\/\",\"logo\":{\"@type\":\"ImageObject\",\"inLanguage\":\"sv-SE\",\"@id\":\"https:\/\/nafse24.hamlet2.hamrenmedia.se\/#\/schema\/logo\/image\/\",\"url\":\"https:\/\/nafse24.hamlet2.hamrenmedia.se\/wp-content\/uploads\/2018\/08\/flowserve-naf-logo-white-retina.png\",\"contentUrl\":\"https:\/\/nafse24.hamlet2.hamrenmedia.se\/wp-content\/uploads\/2018\/08\/flowserve-naf-logo-white-retina.png\",\"width\":275,\"height\":146,\"caption\":\"NAF Control Valves\"},\"image\":{\"@id\":\"https:\/\/nafse24.hamlet2.hamrenmedia.se\/#\/schema\/logo\/image\/\"}}]}<\/script>\n<!-- \/ Yoast SEO plugin. -->","yoast_head_json":{"title":"Dokument | NAF Control Valves","description":"H\u00e4r hittar du n\u00f6dv\u00e4ndiga instruktioner och dokument f\u00f6r v\u00e5ra produkter och v\u00e5rt f\u00f6retag. S\u00f6k fram \u00f6nskat dokument genom att anv\u00e4nda filtreringsfunktionen nedan. Hittar du inte vad du s\u00f6ker? Kontakta oss, s\u00e5 hj\u00e4lper vi dig!","robots":{"index":"noindex","follow":"follow","max-snippet":"max-snippet:-1","max-image-preview":"max-image-preview:large","max-video-preview":"max-video-preview:-1"},"og_locale":"sv_SE","og_type":"article","og_title":"Dokument | NAF Control Valves","og_description":"H\u00e4r hittar du n\u00f6dv\u00e4ndiga instruktioner och dokument f\u00f6r v\u00e5ra produkter och v\u00e5rt f\u00f6retag. S\u00f6k fram \u00f6nskat dokument genom att anv\u00e4nda filtreringsfunktionen nedan. Hittar du inte vad du s\u00f6ker? Kontakta oss, s\u00e5 hj\u00e4lper vi dig!","og_url":"https:\/\/nafse24.hamlet2.hamrenmedia.se\/sv\/dokument\/","og_site_name":"NAF Control Valves","article_modified_time":"2018-06-07T11:48:11+00:00","twitter_card":"summary_large_image","twitter_misc":{"Ber\u00e4knad l\u00e4stid":"2 minuter"},"schema":{"@context":"https:\/\/schema.org","@graph":[{"@type":"WebPage","@id":"https:\/\/nafse24.hamlet2.hamrenmedia.se\/sv\/dokument\/","url":"https:\/\/nafse24.hamlet2.hamrenmedia.se\/sv\/dokument\/","name":"Dokument | NAF Control Valves","isPartOf":{"@id":"https:\/\/nafse24.hamlet2.hamrenmedia.se\/#website"},"datePublished":"2017-10-19T14:07:27+00:00","dateModified":"2018-06-07T11:48:11+00:00","description":"H\u00e4r hittar du n\u00f6dv\u00e4ndiga instruktioner och dokument f\u00f6r v\u00e5ra produkter och v\u00e5rt f\u00f6retag. S\u00f6k fram \u00f6nskat dokument genom att anv\u00e4nda filtreringsfunktionen nedan. Hittar du inte vad du s\u00f6ker? Kontakta oss, s\u00e5 hj\u00e4lper vi dig!","breadcrumb":{"@id":"https:\/\/nafse24.hamlet2.hamrenmedia.se\/sv\/dokument\/#breadcrumb"},"inLanguage":"sv-SE","potentialAction":[{"@type":"ReadAction","target":["https:\/\/nafse24.hamlet2.hamrenmedia.se\/sv\/dokument\/"]}]},{"@type":"BreadcrumbList","@id":"https:\/\/nafse24.hamlet2.hamrenmedia.se\/sv\/dokument\/#breadcrumb","itemListElement":[{"@type":"ListItem","position":1,"name":"Hem","item":"https:\/\/nafse24.hamlet2.hamrenmedia.se\/sv\/"},{"@type":"ListItem","position":2,"name":"Dokument"}]},{"@type":"WebSite","@id":"https:\/\/nafse24.hamlet2.hamrenmedia.se\/#website","url":"https:\/\/nafse24.hamlet2.hamrenmedia.se\/","name":"NAF Control Valves","description":"","publisher":{"@id":"https:\/\/nafse24.hamlet2.hamrenmedia.se\/#organization"},"potentialAction":[{"@type":"SearchAction","target":{"@type":"EntryPoint","urlTemplate":"https:\/\/nafse24.hamlet2.hamrenmedia.se\/?s={search_term_string}"},"query-input":"required name=search_term_string"}],"inLanguage":"sv-SE"},{"@type":"Organization","@id":"https:\/\/nafse24.hamlet2.hamrenmedia.se\/#organization","name":"NAF Control Valves","url":"https:\/\/nafse24.hamlet2.hamrenmedia.se\/","logo":{"@type":"ImageObject","inLanguage":"sv-SE","@id":"https:\/\/nafse24.hamlet2.hamrenmedia.se\/#\/schema\/logo\/image\/","url":"https:\/\/nafse24.hamlet2.hamrenmedia.se\/wp-content\/uploads\/2018\/08\/flowserve-naf-logo-white-retina.png","contentUrl":"https:\/\/nafse24.hamlet2.hamrenmedia.se\/wp-content\/uploads\/2018\/08\/flowserve-naf-logo-white-retina.png","width":275,"height":146,"caption":"NAF Control Valves"},"image":{"@id":"https:\/\/nafse24.hamlet2.hamrenmedia.se\/#\/schema\/logo\/image\/"}}]}},"_links":{"self":[{"href":"https:\/\/nafse24.hamlet2.hamrenmedia.se\/sv\/wp-json\/wp\/v2\/pages\/56"}],"collection":[{"href":"https:\/\/nafse24.hamlet2.hamrenmedia.se\/sv\/wp-json\/wp\/v2\/pages"}],"about":[{"href":"https:\/\/nafse24.hamlet2.hamrenmedia.se\/sv\/wp-json\/wp\/v2\/types\/page"}],"author":[{"embeddable":true,"href":"https:\/\/nafse24.hamlet2.hamrenmedia.se\/sv\/wp-json\/wp\/v2\/users\/1"}],"replies":[{"embeddable":true,"href":"https:\/\/nafse24.hamlet2.hamrenmedia.se\/sv\/wp-json\/wp\/v2\/comments?post=56"}],"version-history":[{"count":2,"href":"https:\/\/nafse24.hamlet2.hamrenmedia.se\/sv\/wp-json\/wp\/v2\/pages\/56\/revisions"}],"predecessor-version":[{"id":1947,"href":"https:\/\/nafse24.hamlet2.hamrenmedia.se\/sv\/wp-json\/wp\/v2\/pages\/56\/revisions\/1947"}],"wp:attachment":[{"href":"https:\/\/nafse24.hamlet2.hamrenmedia.se\/sv\/wp-json\/wp\/v2\/media?parent=56"}],"curies":[{"name":"wp","href":"https:\/\/api.w.org\/{rel}","templated":true}]}}