{"id":542,"date":"2017-11-20T10:37:32","date_gmt":"2017-11-20T09:37:32","guid":{"rendered":"http:\/\/naf.se\/?page_id=542"},"modified":"2018-06-07T14:18:35","modified_gmt":"2018-06-07T12:18:35","slug":"syrgasdelignifiering-blekning","status":"publish","type":"page","link":"https:\/\/nafse24.hamlet2.hamrenmedia.se\/sv\/applikationer\/kemisk-massaframstallning\/fiberline\/syrgasdelignifiering-blekning\/","title":{"rendered":"Syrgasdelignifiering och Blekeri"},"content":{"rendered":"<p><div class=\"fusion-fullwidth fullwidth-box fusion-builder-row-1 nonhundred-percent-fullwidth non-hundred-percent-height-scrolling\" style=\"--awb-border-radius-top-left:0px;--awb-border-radius-top-right:0px;--awb-border-radius-bottom-right:0px;--awb-border-radius-bottom-left:0px;--awb-flex-wrap:wrap;\" ><div class=\"fusion-builder-row fusion-row\"><div class=\"fusion-layout-column fusion_builder_column fusion-builder-column-0 fusion_builder_column_1_1 1_1 fusion-one-full fusion-column-first fusion-column-last\" style=\"--awb-bg-size:cover;\"><div class=\"fusion-column-wrapper fusion-flex-column-wrapper-legacy\"><div class=\"fusion-title title fusion-title-1 fusion-sep-none fusion-title-text fusion-title-size-one\"><h1 class=\"fusion-title-heading title-heading-left\" style=\"margin:0;\">Syrgasdelignifiering och Blekeri<\/h1><\/div><div class=\"fusion-clearfix\"><\/div><\/div><\/div><\/div><\/div><div class=\"fusion-fullwidth fullwidth-box fusion-builder-row-2 nonhundred-percent-fullwidth non-hundred-percent-height-scrolling\" style=\"--awb-border-radius-top-left:0px;--awb-border-radius-top-right:0px;--awb-border-radius-bottom-right:0px;--awb-border-radius-bottom-left:0px;--awb-flex-wrap:wrap;\" ><div class=\"fusion-builder-row fusion-row\"><div class=\"fusion-layout-column fusion_builder_column fusion-builder-column-1 fusion_builder_column_1_1 1_1 fusion-one-full fusion-column-first fusion-column-last\" style=\"--awb-bg-size:cover;\"><div class=\"fusion-column-wrapper fusion-flex-column-wrapper-legacy\"><div class=\"fusion-text fusion-text-1 awb-text-cols fusion-text-columns-2\" style=\"--awb-columns:2;--awb-column-spacing:2em;--awb-column-min-width:100px;\"><p>Sulfatmassa \u00e4r brun i f\u00e4rgen som ett resultat av den kemiska behandlingen som l\u00f6ser upp ligninet. <b>Blekeriet<\/b> f\u00f6r\u00e4ndrar f\u00e4rgen p\u00e5 massan genom att behandla den i flera steg med olika kemikalier, inklusive syre, peroxid och klordioxid. Eftersom sulfitmassa \u00e4r betydligt ljusare kan den anv\u00e4ndas f\u00f6r tidningspapper (och andra till\u00e4mpningar) utan blekning.<\/p>\n<p>Antalet, och ordningen p\u00e5, de anv\u00e4nda stegen varierar beroende p\u00e5 den avsedda anv\u00e4ndningen av massan, liksom med vilken typ av tr\u00e4 som anv\u00e4nds. En blekningssekvens &#8211; en serie av olika bleksteg &#8211; beskrivs med en internationellt accepterad terminologi, d\u00e4r varje steg eller blektorn har en bokstav som indikerar vilken kemikalie som anv\u00e4nds. N\u00e5gra av de mest anv\u00e4nda blekstegen \u00e4r:<\/p>\n<p>D = Klordioxidsteg<\/p>\n<p>E = Alkalisteg<\/p>\n<p>O = Syrgassteg<\/p>\n<p>P = Peroxidsteg<\/p>\n<p>Varje bleksteg best\u00e5r i grunden av tre delar: en mixer, ett blektorn och en tv\u00e4tt.<\/p>\n<p><b>Syrgasdelignifiering <\/b>(ofta kallad <b>syrgasblekeri<\/b>) f\u00f6reg\u00e5r vanligtvis blekeriet. Detta processteg placeras vanligtvis mellan sileriet och tv\u00e4ttanl\u00e4ggningen.<\/p>\n<p>De flesta blekningskemikalier kan k\u00f6pas f\u00e4rdiga f\u00f6r att anv\u00e4ndas och levereras med v\u00e4g eller j\u00e4rnv\u00e4g. Klordioxid m\u00e5ste emellertid tillverkas i massafabriken, eftersom den \u00e4r f\u00f6r farlig att transportera. Den \u00e4r extremt giftigt och instabilt och kan explodera i h\u00f6ga koncentrationer.<\/p>\n<p>M\u00e5nga blekmedel \u00e4r mycket fr\u00e4tande. R\u00f6r, pumpar och ventiler tillverkas d\u00e4rf\u00f6r av glasfiberf\u00f6rst\u00e4rkt plast, syrafast h\u00f6glegerat st\u00e5l eller titan.<\/p>\n<\/div><div class=\"fusion-clearfix\"><\/div><\/div><\/div><div class=\"fusion-layout-column fusion_builder_column fusion-builder-column-2 fusion_builder_column_1_1 1_1 fusion-one-full fusion-column-first fusion-column-last\" style=\"--awb-bg-size:cover;\"><div class=\"fusion-column-wrapper fusion-flex-column-wrapper-legacy\"><a class=\"awb-lightbox awb-lightbox-1\" href=\"https:\/\/nafse24.hamlet2.hamrenmedia.se\/wp-content\/uploads\/2018\/05\/Syrgasdelignifiering-och-Blekeri-1.jpg\" data-rel=\"iLightbox\"><img src=\"https:\/\/nafse24.hamlet2.hamrenmedia.se\/wp-content\/uploads\/2018\/05\/Syrgasdelignifiering-och-Blekeri-1-1024x482.jpg\"><\/a><div class=\"fusion-text fusion-text-2\"><p><em>Blekningsprocessen. Tryck f\u00f6r st\u00f6rre bild.<\/em><\/p>\n<\/div><div class=\"fusion-clearfix\"><\/div><\/div><\/div><div class=\"fusion-layout-column fusion_builder_column fusion-builder-column-3 fusion_builder_column_1_1 1_1 fusion-one-full fusion-column-first fusion-column-last\" style=\"--awb-bg-size:cover;\"><div class=\"fusion-column-wrapper fusion-flex-column-wrapper-legacy\"><div class=\"fusion-title title fusion-title-2 fusion-sep-none fusion-title-text fusion-title-size-two\"><h2 class=\"fusion-title-heading title-heading-left\" style=\"margin:0;\">Exempel p\u00e5 NAF-ventiler som anv\u00e4nds i denna process<\/h2><\/div><div class=\"fusion-text fusion-text-3\"><ul>\n<li><b>NAF <\/b><b>Setball<\/b> V-ports kulsektorventil f\u00f6r reglering, <b>MC-pulp version<\/b> \u2013 reglering av MC-massa (MC=medium consistency)<\/li>\n<li><b>NAF <\/b><b>Setball<\/b> V-ports kulsektorventil f\u00f6r reglering- svartlutstv\u00e4tt, reglering av vitlutsfiltrat , kemikaliebehandlat vatten till reaktorer, syra till matningspump, utsp\u00e4dning I fallr\u00f6r (\u201cdropleg\u201d), klordioxid till D-steg (titan), reglering av klordioxidvatten (Z-trim)<\/li>\n<li><b>NAF <\/b><b>Duball<\/b><b> DL <\/b>fullopps kulventil- matning till massatorn f\u00f6r klordioxidblekt massa (titan) , oxiderad vitlut till kylning, t\u00e4tningsvatten, tryckreglering av mellantrycks\u00e5nga (Z-trim), avst\u00e4ngningsventil f\u00f6r syra till matningspump (Hastelloy)<\/li>\n<li><b>NAF <\/b><b>Trunnball<\/b><b> DL <\/b>fullopps lagrad kulventil- matning till massatorn f\u00f6r klordioxidblekt massa (titan), tryckavlastning f\u00f6r reaktorer, massa i alkalisteget<\/li>\n<li><b>NAF <\/b><b>Torex<\/b> trippeleccentriskt vridspj\u00e4llsventil- svartlutstv\u00e4tt, backspolning och t\u00f6mning till kylning,<\/li>\n<li><b>NAF <\/b><b>Turnex<\/b> pneumatisk man\u00f6verdon- f\u00f6r all anv\u00e4ndning p\u00e5 NAFs vridande on\/off- och regler-ventiler<\/li>\n<li><b>NAF Check <\/b>spj\u00e4llbackventil<b>&#8211; <\/b>allm\u00e4n anv\u00e4ndning p\u00e5 massa-, \u00e5ng- och svartlutsledningar<\/li>\n<li><b>NAF Triball <\/b>tredelad, fullopps kulventil- dr\u00e4nageventil, provtagningsventiler<\/li>\n<\/ul>\n<\/div><div class=\"fusion-clearfix\"><\/div><\/div><\/div><\/div><\/div><\/p>\n","protected":false},"excerpt":{"rendered":"","protected":false},"author":1,"featured_media":1987,"parent":537,"menu_order":6,"comment_status":"closed","ping_status":"closed","template":"templates\/undersidor.php","meta":{"footnotes":""},"acf":[],"yoast_head":"<!-- This site is optimized with the Yoast SEO plugin v21.0 - https:\/\/yoast.com\/wordpress\/plugins\/seo\/ -->\n<title>Syrgasdelignifiering och Blekeri | NAF Control Valves<\/title>\n<meta name=\"description\" content=\"Blekeri f\u00f6r\u00e4ndrar f\u00e4rgen p\u00e5 massan genom att behandla den i flera steg med olika kemikalier, inklusive syre, peroxid och klordioxid. Syrgasdelignifiering (ofta kallad syrgasblekeri) f\u00f6reg\u00e5r vanligtvis blekeriet. Detta processteg placeras vanligtvis mellan sileriet och tv\u00e4ttanl\u00e4ggningen.\" \/>\n<meta name=\"robots\" content=\"noindex, follow, max-snippet:-1, max-image-preview:large, max-video-preview:-1\" \/>\n<meta property=\"og:locale\" content=\"sv_SE\" \/>\n<meta property=\"og:type\" content=\"article\" \/>\n<meta property=\"og:title\" content=\"Syrgasdelignifiering och Blekeri | NAF Control Valves\" \/>\n<meta property=\"og:description\" content=\"Blekeri f\u00f6r\u00e4ndrar f\u00e4rgen p\u00e5 massan genom att behandla den i flera steg med olika kemikalier, inklusive syre, peroxid och klordioxid. Syrgasdelignifiering (ofta kallad syrgasblekeri) f\u00f6reg\u00e5r vanligtvis blekeriet. Detta processteg placeras vanligtvis mellan sileriet och tv\u00e4ttanl\u00e4ggningen.\" \/>\n<meta property=\"og:url\" content=\"https:\/\/nafse24.hamlet2.hamrenmedia.se\/sv\/applikationer\/kemisk-massaframstallning\/fiberline\/syrgasdelignifiering-blekning\/\" \/>\n<meta property=\"og:site_name\" content=\"NAF Control Valves\" \/>\n<meta property=\"article:modified_time\" content=\"2018-06-07T12:18:35+00:00\" \/>\n<meta property=\"og:image\" content=\"https:\/\/nafse24.hamlet2.hamrenmedia.se\/wp-content\/uploads\/2018\/05\/Syrgasdelignifiering-och-Blekeri-1.jpg\" \/>\n\t<meta property=\"og:image:width\" content=\"1507\" \/>\n\t<meta property=\"og:image:height\" content=\"710\" \/>\n\t<meta property=\"og:image:type\" content=\"image\/jpeg\" \/>\n<meta name=\"twitter:card\" content=\"summary_large_image\" \/>\n<meta name=\"twitter:label1\" content=\"Ber\u00e4knad l\u00e4stid\" \/>\n\t<meta name=\"twitter:data1\" content=\"5 minuter\" \/>\n<script type=\"application\/ld+json\" class=\"yoast-schema-graph\">{\"@context\":\"https:\/\/schema.org\",\"@graph\":[{\"@type\":\"WebPage\",\"@id\":\"https:\/\/nafse24.hamlet2.hamrenmedia.se\/sv\/applikationer\/kemisk-massaframstallning\/fiberline\/syrgasdelignifiering-blekning\/\",\"url\":\"https:\/\/nafse24.hamlet2.hamrenmedia.se\/sv\/applikationer\/kemisk-massaframstallning\/fiberline\/syrgasdelignifiering-blekning\/\",\"name\":\"Syrgasdelignifiering och Blekeri | NAF Control Valves\",\"isPartOf\":{\"@id\":\"https:\/\/nafse24.hamlet2.hamrenmedia.se\/#website\"},\"datePublished\":\"2017-11-20T09:37:32+00:00\",\"dateModified\":\"2018-06-07T12:18:35+00:00\",\"description\":\"Blekeri f\u00f6r\u00e4ndrar f\u00e4rgen p\u00e5 massan genom att behandla den i flera steg med olika kemikalier, inklusive syre, peroxid och klordioxid. Syrgasdelignifiering (ofta kallad syrgasblekeri) f\u00f6reg\u00e5r vanligtvis blekeriet. Detta processteg placeras vanligtvis mellan sileriet och tv\u00e4ttanl\u00e4ggningen.\",\"breadcrumb\":{\"@id\":\"https:\/\/nafse24.hamlet2.hamrenmedia.se\/sv\/applikationer\/kemisk-massaframstallning\/fiberline\/syrgasdelignifiering-blekning\/#breadcrumb\"},\"inLanguage\":\"sv-SE\",\"potentialAction\":[{\"@type\":\"ReadAction\",\"target\":[\"https:\/\/nafse24.hamlet2.hamrenmedia.se\/sv\/applikationer\/kemisk-massaframstallning\/fiberline\/syrgasdelignifiering-blekning\/\"]}]},{\"@type\":\"BreadcrumbList\",\"@id\":\"https:\/\/nafse24.hamlet2.hamrenmedia.se\/sv\/applikationer\/kemisk-massaframstallning\/fiberline\/syrgasdelignifiering-blekning\/#breadcrumb\",\"itemListElement\":[{\"@type\":\"ListItem\",\"position\":1,\"name\":\"Hem\",\"item\":\"https:\/\/nafse24.hamlet2.hamrenmedia.se\/sv\/\"},{\"@type\":\"ListItem\",\"position\":2,\"name\":\"Applikationer\",\"item\":\"https:\/\/nafse24.hamlet2.hamrenmedia.se\/sv\/applikationer\/\"},{\"@type\":\"ListItem\",\"position\":3,\"name\":\"Kemisk Massaframst\u00e4llning\",\"item\":\"https:\/\/nafse24.hamlet2.hamrenmedia.se\/sv\/applikationer\/kemisk-massaframstallning\/\"},{\"@type\":\"ListItem\",\"position\":4,\"name\":\"Fiberlinjen\",\"item\":\"https:\/\/nafse24.hamlet2.hamrenmedia.se\/sv\/applikationer\/kemisk-massaframstallning\/fiberline\/\"},{\"@type\":\"ListItem\",\"position\":5,\"name\":\"Syrgasdelignifiering och Blekeri\"}]},{\"@type\":\"WebSite\",\"@id\":\"https:\/\/nafse24.hamlet2.hamrenmedia.se\/#website\",\"url\":\"https:\/\/nafse24.hamlet2.hamrenmedia.se\/\",\"name\":\"NAF Control Valves\",\"description\":\"\",\"publisher\":{\"@id\":\"https:\/\/nafse24.hamlet2.hamrenmedia.se\/#organization\"},\"potentialAction\":[{\"@type\":\"SearchAction\",\"target\":{\"@type\":\"EntryPoint\",\"urlTemplate\":\"https:\/\/nafse24.hamlet2.hamrenmedia.se\/?s={search_term_string}\"},\"query-input\":\"required name=search_term_string\"}],\"inLanguage\":\"sv-SE\"},{\"@type\":\"Organization\",\"@id\":\"https:\/\/nafse24.hamlet2.hamrenmedia.se\/#organization\",\"name\":\"NAF Control Valves\",\"url\":\"https:\/\/nafse24.hamlet2.hamrenmedia.se\/\",\"logo\":{\"@type\":\"ImageObject\",\"inLanguage\":\"sv-SE\",\"@id\":\"https:\/\/nafse24.hamlet2.hamrenmedia.se\/#\/schema\/logo\/image\/\",\"url\":\"https:\/\/nafse24.hamlet2.hamrenmedia.se\/wp-content\/uploads\/2018\/08\/flowserve-naf-logo-white-retina.png\",\"contentUrl\":\"https:\/\/nafse24.hamlet2.hamrenmedia.se\/wp-content\/uploads\/2018\/08\/flowserve-naf-logo-white-retina.png\",\"width\":275,\"height\":146,\"caption\":\"NAF Control Valves\"},\"image\":{\"@id\":\"https:\/\/nafse24.hamlet2.hamrenmedia.se\/#\/schema\/logo\/image\/\"}}]}<\/script>\n<!-- \/ Yoast SEO plugin. -->","yoast_head_json":{"title":"Syrgasdelignifiering och Blekeri | NAF Control Valves","description":"Blekeri f\u00f6r\u00e4ndrar f\u00e4rgen p\u00e5 massan genom att behandla den i flera steg med olika kemikalier, inklusive syre, peroxid och klordioxid. Syrgasdelignifiering (ofta kallad syrgasblekeri) f\u00f6reg\u00e5r vanligtvis blekeriet. Detta processteg placeras vanligtvis mellan sileriet och tv\u00e4ttanl\u00e4ggningen.","robots":{"index":"noindex","follow":"follow","max-snippet":"max-snippet:-1","max-image-preview":"max-image-preview:large","max-video-preview":"max-video-preview:-1"},"og_locale":"sv_SE","og_type":"article","og_title":"Syrgasdelignifiering och Blekeri | NAF Control Valves","og_description":"Blekeri f\u00f6r\u00e4ndrar f\u00e4rgen p\u00e5 massan genom att behandla den i flera steg med olika kemikalier, inklusive syre, peroxid och klordioxid. Syrgasdelignifiering (ofta kallad syrgasblekeri) f\u00f6reg\u00e5r vanligtvis blekeriet. Detta processteg placeras vanligtvis mellan sileriet och tv\u00e4ttanl\u00e4ggningen.","og_url":"https:\/\/nafse24.hamlet2.hamrenmedia.se\/sv\/applikationer\/kemisk-massaframstallning\/fiberline\/syrgasdelignifiering-blekning\/","og_site_name":"NAF Control Valves","article_modified_time":"2018-06-07T12:18:35+00:00","og_image":[{"width":1507,"height":710,"url":"https:\/\/nafse24.hamlet2.hamrenmedia.se\/wp-content\/uploads\/2018\/05\/Syrgasdelignifiering-och-Blekeri-1.jpg","type":"image\/jpeg"}],"twitter_card":"summary_large_image","twitter_misc":{"Ber\u00e4knad l\u00e4stid":"5 minuter"},"schema":{"@context":"https:\/\/schema.org","@graph":[{"@type":"WebPage","@id":"https:\/\/nafse24.hamlet2.hamrenmedia.se\/sv\/applikationer\/kemisk-massaframstallning\/fiberline\/syrgasdelignifiering-blekning\/","url":"https:\/\/nafse24.hamlet2.hamrenmedia.se\/sv\/applikationer\/kemisk-massaframstallning\/fiberline\/syrgasdelignifiering-blekning\/","name":"Syrgasdelignifiering och Blekeri | NAF Control Valves","isPartOf":{"@id":"https:\/\/nafse24.hamlet2.hamrenmedia.se\/#website"},"datePublished":"2017-11-20T09:37:32+00:00","dateModified":"2018-06-07T12:18:35+00:00","description":"Blekeri f\u00f6r\u00e4ndrar f\u00e4rgen p\u00e5 massan genom att behandla den i flera steg med olika kemikalier, inklusive syre, peroxid och klordioxid. Syrgasdelignifiering (ofta kallad syrgasblekeri) f\u00f6reg\u00e5r vanligtvis blekeriet. Detta processteg placeras vanligtvis mellan sileriet och tv\u00e4ttanl\u00e4ggningen.","breadcrumb":{"@id":"https:\/\/nafse24.hamlet2.hamrenmedia.se\/sv\/applikationer\/kemisk-massaframstallning\/fiberline\/syrgasdelignifiering-blekning\/#breadcrumb"},"inLanguage":"sv-SE","potentialAction":[{"@type":"ReadAction","target":["https:\/\/nafse24.hamlet2.hamrenmedia.se\/sv\/applikationer\/kemisk-massaframstallning\/fiberline\/syrgasdelignifiering-blekning\/"]}]},{"@type":"BreadcrumbList","@id":"https:\/\/nafse24.hamlet2.hamrenmedia.se\/sv\/applikationer\/kemisk-massaframstallning\/fiberline\/syrgasdelignifiering-blekning\/#breadcrumb","itemListElement":[{"@type":"ListItem","position":1,"name":"Hem","item":"https:\/\/nafse24.hamlet2.hamrenmedia.se\/sv\/"},{"@type":"ListItem","position":2,"name":"Applikationer","item":"https:\/\/nafse24.hamlet2.hamrenmedia.se\/sv\/applikationer\/"},{"@type":"ListItem","position":3,"name":"Kemisk Massaframst\u00e4llning","item":"https:\/\/nafse24.hamlet2.hamrenmedia.se\/sv\/applikationer\/kemisk-massaframstallning\/"},{"@type":"ListItem","position":4,"name":"Fiberlinjen","item":"https:\/\/nafse24.hamlet2.hamrenmedia.se\/sv\/applikationer\/kemisk-massaframstallning\/fiberline\/"},{"@type":"ListItem","position":5,"name":"Syrgasdelignifiering och Blekeri"}]},{"@type":"WebSite","@id":"https:\/\/nafse24.hamlet2.hamrenmedia.se\/#website","url":"https:\/\/nafse24.hamlet2.hamrenmedia.se\/","name":"NAF Control Valves","description":"","publisher":{"@id":"https:\/\/nafse24.hamlet2.hamrenmedia.se\/#organization"},"potentialAction":[{"@type":"SearchAction","target":{"@type":"EntryPoint","urlTemplate":"https:\/\/nafse24.hamlet2.hamrenmedia.se\/?s={search_term_string}"},"query-input":"required name=search_term_string"}],"inLanguage":"sv-SE"},{"@type":"Organization","@id":"https:\/\/nafse24.hamlet2.hamrenmedia.se\/#organization","name":"NAF Control Valves","url":"https:\/\/nafse24.hamlet2.hamrenmedia.se\/","logo":{"@type":"ImageObject","inLanguage":"sv-SE","@id":"https:\/\/nafse24.hamlet2.hamrenmedia.se\/#\/schema\/logo\/image\/","url":"https:\/\/nafse24.hamlet2.hamrenmedia.se\/wp-content\/uploads\/2018\/08\/flowserve-naf-logo-white-retina.png","contentUrl":"https:\/\/nafse24.hamlet2.hamrenmedia.se\/wp-content\/uploads\/2018\/08\/flowserve-naf-logo-white-retina.png","width":275,"height":146,"caption":"NAF Control Valves"},"image":{"@id":"https:\/\/nafse24.hamlet2.hamrenmedia.se\/#\/schema\/logo\/image\/"}}]}},"_links":{"self":[{"href":"https:\/\/nafse24.hamlet2.hamrenmedia.se\/sv\/wp-json\/wp\/v2\/pages\/542"}],"collection":[{"href":"https:\/\/nafse24.hamlet2.hamrenmedia.se\/sv\/wp-json\/wp\/v2\/pages"}],"about":[{"href":"https:\/\/nafse24.hamlet2.hamrenmedia.se\/sv\/wp-json\/wp\/v2\/types\/page"}],"author":[{"embeddable":true,"href":"https:\/\/nafse24.hamlet2.hamrenmedia.se\/sv\/wp-json\/wp\/v2\/users\/1"}],"replies":[{"embeddable":true,"href":"https:\/\/nafse24.hamlet2.hamrenmedia.se\/sv\/wp-json\/wp\/v2\/comments?post=542"}],"version-history":[{"count":2,"href":"https:\/\/nafse24.hamlet2.hamrenmedia.se\/sv\/wp-json\/wp\/v2\/pages\/542\/revisions"}],"predecessor-version":[{"id":1989,"href":"https:\/\/nafse24.hamlet2.hamrenmedia.se\/sv\/wp-json\/wp\/v2\/pages\/542\/revisions\/1989"}],"up":[{"embeddable":true,"href":"https:\/\/nafse24.hamlet2.hamrenmedia.se\/sv\/wp-json\/wp\/v2\/pages\/537"}],"wp:featuredmedia":[{"embeddable":true,"href":"https:\/\/nafse24.hamlet2.hamrenmedia.se\/sv\/wp-json\/wp\/v2\/media\/1987"}],"wp:attachment":[{"href":"https:\/\/nafse24.hamlet2.hamrenmedia.se\/sv\/wp-json\/wp\/v2\/media?parent=542"}],"curies":[{"name":"wp","href":"https:\/\/api.w.org\/{rel}","templated":true}]}}