{"id":540,"date":"2017-11-20T10:37:12","date_gmt":"2017-11-20T09:37:12","guid":{"rendered":"http:\/\/naf.se\/?page_id=540"},"modified":"2018-06-07T14:18:26","modified_gmt":"2018-06-07T12:18:26","slug":"tvattning-sileri","status":"publish","type":"page","link":"https:\/\/nafse24.hamlet2.hamrenmedia.se\/sv\/applikationer\/kemisk-massaframstallning\/fiberline\/tvattning-sileri\/","title":{"rendered":"Tv\u00e4ttning och Sileri"},"content":{"rendered":"<p><div class=\"fusion-fullwidth fullwidth-box fusion-builder-row-1 nonhundred-percent-fullwidth non-hundred-percent-height-scrolling\" style=\"--awb-border-radius-top-left:0px;--awb-border-radius-top-right:0px;--awb-border-radius-bottom-right:0px;--awb-border-radius-bottom-left:0px;--awb-flex-wrap:wrap;\" ><div class=\"fusion-builder-row fusion-row\"><div class=\"fusion-layout-column fusion_builder_column fusion-builder-column-0 fusion_builder_column_1_1 1_1 fusion-one-full fusion-column-first fusion-column-last\" style=\"--awb-bg-size:cover;\"><div class=\"fusion-column-wrapper fusion-flex-column-wrapper-legacy\"><div class=\"fusion-title title fusion-title-1 fusion-sep-none fusion-title-text fusion-title-size-one\"><h1 class=\"fusion-title-heading title-heading-left\" style=\"margin:0;\">Tv\u00e4ttning och Sileri<\/h1><\/div><div class=\"fusion-clearfix\"><\/div><\/div><\/div><\/div><\/div><div class=\"fusion-fullwidth fullwidth-box fusion-builder-row-2 nonhundred-percent-fullwidth non-hundred-percent-height-scrolling\" style=\"--awb-border-radius-top-left:0px;--awb-border-radius-top-right:0px;--awb-border-radius-bottom-right:0px;--awb-border-radius-bottom-left:0px;--awb-flex-wrap:wrap;\" ><div class=\"fusion-builder-row fusion-row\"><div class=\"fusion-layout-column fusion_builder_column fusion-builder-column-1 fusion_builder_column_1_2 1_2 fusion-one-half fusion-column-first\" style=\"--awb-bg-size:cover;width:50%;width:calc(50% - ( ( 4% ) * 0.5 ) );margin-right: 4%;\"><div class=\"fusion-column-wrapper fusion-flex-column-wrapper-legacy\"><div class=\"fusion-title title fusion-title-2 fusion-sep-none fusion-title-text fusion-title-size-two\"><h2 class=\"fusion-title-heading title-heading-left\" style=\"margin:0;\">Tv\u00e4ttning<\/h2><\/div><div class=\"fusion-text fusion-text-1\"><p>Tv\u00e4ttning av massan \u00e4r den vanligast f\u00f6rekommande processteget under massaframst\u00e4llningen.<\/p>\n<p>Tv\u00e4ttprocessen \u00e4r utformad f\u00f6r att separera svartluten fr\u00e5n massafibrerna s\u00e5 effektivt som m\u00f6jligt med minst utsp\u00e4dning av luten. Den utrustning som anv\u00e4nds kan vara tv\u00e4ttfilter, tv\u00e4ttpressar, kontinuerliga diffus\u00f6rer etc.<\/p>\n<p>Tv\u00e4ttning sker ocks\u00e5 i den l\u00e4gre delen hos en kontinuerliga kokaren, efter syrgasdelignifiering, samt i de olika blekstegen.<\/p>\n<\/div><div class=\"fusion-clearfix\"><\/div><\/div><\/div><div class=\"fusion-layout-column fusion_builder_column fusion-builder-column-2 fusion_builder_column_1_2 1_2 fusion-one-half fusion-column-last\" style=\"--awb-bg-size:cover;width:50%;width:calc(50% - ( ( 4% ) * 0.5 ) );\"><div class=\"fusion-column-wrapper fusion-flex-column-wrapper-legacy\"><a class=\"awb-lightbox awb-lightbox-1\" href=\"https:\/\/nafse24.hamlet2.hamrenmedia.se\/wp-content\/uploads\/2018\/05\/Tv\u00e4ttning-och-Sileri-1024x713.jpg\" data-rel=\"iLightbox\"><img src=\"https:\/\/nafse24.hamlet2.hamrenmedia.se\/wp-content\/uploads\/2018\/05\/Tv\u00e4ttning-och-Sileri-1024x713.jpg\"><\/a><div class=\"fusion-text fusion-text-2\"><p style=\"text-align: right;\"><em>Tryck f\u00f6r st\u00f6rre bild.<\/em><\/p>\n<\/div><div class=\"fusion-clearfix\"><\/div><\/div><\/div><\/div><\/div><div class=\"fusion-fullwidth fullwidth-box fusion-builder-row-3 nonhundred-percent-fullwidth non-hundred-percent-height-scrolling\" style=\"--awb-border-radius-top-left:0px;--awb-border-radius-top-right:0px;--awb-border-radius-bottom-right:0px;--awb-border-radius-bottom-left:0px;--awb-flex-wrap:wrap;\" ><div class=\"fusion-builder-row fusion-row\"><div class=\"fusion-layout-column fusion_builder_column fusion-builder-column-3 fusion_builder_column_1_1 1_1 fusion-one-full fusion-column-first fusion-column-last\" style=\"--awb-bg-size:cover;\"><div class=\"fusion-column-wrapper fusion-flex-column-wrapper-legacy\"><div class=\"fusion-title title fusion-title-3 fusion-sep-none fusion-title-text fusion-title-size-two\"><h2 class=\"fusion-title-heading title-heading-left\" style=\"margin:0;\">Sileri<\/h2><\/div><div class=\"fusion-text fusion-text-3 awb-text-cols fusion-text-columns-2\" style=\"--awb-columns:2;--awb-column-spacing:2em;--awb-column-min-width:100px;\"><p>I sileriet tar man bort okokt flis, stora kvistar, fiberbuntar (spet), sand och stenar.<\/p>\n<p>Flera typer av utrustning kan anv\u00e4ndas. Dessa arbetar med olika principer som t.ex filtrering, centrifugalkrafter eller fluidiserade b\u00e4ddar.<\/p>\n<p>I de flesta silerier, avvisas den s.k. rejekten i en sekund\u00e4r sil medan den s.k. accepten \u00e5tercirkuleras till den prim\u00e4ra silen. Tv\u00e5 silar kopplade p\u00e5 detta s\u00e4tt s\u00e4gs fungera i kaskad. Del av rejekten kan g\u00e5 tillbaka till kokaren f\u00f6r \u00e5terkokning eller till f\u00f6rbr\u00e4nning, medan andra delar, t.ex sand, avskiljs i en separator.<\/p>\n<\/div><div class=\"fusion-clearfix\"><\/div><\/div><\/div><\/div><\/div><div class=\"fusion-fullwidth fullwidth-box fusion-builder-row-4 nonhundred-percent-fullwidth non-hundred-percent-height-scrolling\" style=\"--awb-border-radius-top-left:0px;--awb-border-radius-top-right:0px;--awb-border-radius-bottom-right:0px;--awb-border-radius-bottom-left:0px;--awb-flex-wrap:wrap;\" ><div class=\"fusion-builder-row fusion-row\"><div class=\"fusion-layout-column fusion_builder_column fusion-builder-column-4 fusion_builder_column_1_1 1_1 fusion-one-full fusion-column-first fusion-column-last\" style=\"--awb-bg-size:cover;\"><div class=\"fusion-column-wrapper fusion-flex-column-wrapper-legacy\"><div class=\"fusion-title title fusion-title-4 fusion-sep-none fusion-title-text fusion-title-size-two\"><h2 class=\"fusion-title-heading title-heading-left\" style=\"margin:0;\">Exempel p\u00e5 NAF-ventiler som anv\u00e4nds i denna process<\/h2><\/div><div class=\"fusion-text fusion-text-4\"><ul>\n<li><b>NAF Duball DL <\/b>fullopps kulventil- applikationer p\u00e5 massaledningen, rejektledningar, ventiler f\u00f6r trumfilter, kylvatten, t\u00e4tningsvatten, rejektavskiljning<\/li>\n<li><b>NAF <\/b><b>Trunnball<\/b><b> DL <\/b>fullopps lagrad kulventil- applikationer p\u00e5 massaledningen, retur fr\u00e5n filtrattank<\/li>\n<li><b>NAF <\/b><b>Setball<\/b> V-ports kulsektorventil f\u00f6r reglering, <b>MC-pulp version <\/b>\u2013 Matning till tv\u00e4ttsteg<\/li>\n<li><b>NAF <\/b><b>Setball<\/b> V-ports kulsektorventil f\u00f6r reglering &#8211; svartlutstv\u00e4tt, matning till kvistavskiljare, rejektventiler, circulation av filtrat<\/li>\n<li><b>NAF <\/b><b>Torex<\/b> trippeleccentriskt vridspj\u00e4llsventil- vatten med fibrer to tankar och bypass, avst\u00e4ngning av vakuumtank, matning till silpl\u00e5tar, ventiler f\u00f6r utsp\u00e4dningspumpar, ventiler f\u00f6r filtratpumpar<\/li>\n<li><b>NAF <\/b><b>Turnex<\/b> pneumatisk man\u00f6verdon- f\u00f6r all anv\u00e4ndning p\u00e5 NAFs vridande on\/off- och regler-ventiler<\/li>\n<li><b>NAF <\/b><b>Duball<\/b><b> DL <\/b><b>Pocketventil<\/b>&#8211; sandavskiljning f\u00f6r separator, rejektavskillning<\/li>\n<li><b>NAF <\/b><b>Duball<\/b><b> DL Keramkulventil\u00a0<\/b>f\u00f6r reglering- koncentrerad magnesiumsulfat<\/li>\n<li><b>NAF Check <\/b>spj\u00e4llbackventil<b>&#8211; <\/b>allm\u00e4n anv\u00e4ndning p\u00e5 massa-, \u00e5ng- och svartlutsledningar<\/li>\n<li><b>NAF Triball <\/b>tredelad, fullopps kulventil- dr\u00e4nageventil, provtagningsventiler<\/li>\n<\/ul>\n<\/div><div class=\"fusion-clearfix\"><\/div><\/div><\/div><\/div><\/div><\/p>\n","protected":false},"excerpt":{"rendered":"","protected":false},"author":1,"featured_media":1990,"parent":537,"menu_order":5,"comment_status":"closed","ping_status":"closed","template":"templates\/undersidor.php","meta":{"footnotes":""},"acf":[],"yoast_head":"<!-- This site is optimized with the Yoast SEO plugin v21.0 - https:\/\/yoast.com\/wordpress\/plugins\/seo\/ -->\n<title>Tv\u00e4ttning och Sileri | NAF Control Valves<\/title>\n<meta name=\"description\" content=\"Tv\u00e4ttning av massan \u00e4r den vanligast f\u00f6rekommande processteget under massaframst\u00e4llningen. I ett sileri tar man bort okokt flis, stora kvistar, fiberbuntar (spet), sand och stenar.\" \/>\n<meta name=\"robots\" content=\"noindex, follow, max-snippet:-1, max-image-preview:large, max-video-preview:-1\" \/>\n<meta property=\"og:locale\" content=\"sv_SE\" \/>\n<meta property=\"og:type\" content=\"article\" \/>\n<meta property=\"og:title\" content=\"Tv\u00e4ttning och Sileri | NAF Control Valves\" \/>\n<meta property=\"og:description\" content=\"Tv\u00e4ttning av massan \u00e4r den vanligast f\u00f6rekommande processteget under massaframst\u00e4llningen. I ett sileri tar man bort okokt flis, stora kvistar, fiberbuntar (spet), sand och stenar.\" \/>\n<meta property=\"og:url\" content=\"https:\/\/nafse24.hamlet2.hamrenmedia.se\/sv\/applikationer\/kemisk-massaframstallning\/fiberline\/tvattning-sileri\/\" \/>\n<meta property=\"og:site_name\" content=\"NAF Control Valves\" \/>\n<meta property=\"article:modified_time\" content=\"2018-06-07T12:18:26+00:00\" \/>\n<meta property=\"og:image\" content=\"https:\/\/nafse24.hamlet2.hamrenmedia.se\/wp-content\/uploads\/2018\/05\/Tv\u00e4ttning-och-Sileri.jpg\" \/>\n\t<meta property=\"og:image:width\" content=\"1507\" \/>\n\t<meta property=\"og:image:height\" content=\"1050\" \/>\n\t<meta property=\"og:image:type\" content=\"image\/jpeg\" \/>\n<meta name=\"twitter:card\" content=\"summary_large_image\" \/>\n<meta name=\"twitter:label1\" content=\"Ber\u00e4knad l\u00e4stid\" \/>\n\t<meta name=\"twitter:data1\" content=\"7 minuter\" \/>\n<script type=\"application\/ld+json\" class=\"yoast-schema-graph\">{\"@context\":\"https:\/\/schema.org\",\"@graph\":[{\"@type\":\"WebPage\",\"@id\":\"https:\/\/nafse24.hamlet2.hamrenmedia.se\/sv\/applikationer\/kemisk-massaframstallning\/fiberline\/tvattning-sileri\/\",\"url\":\"https:\/\/nafse24.hamlet2.hamrenmedia.se\/sv\/applikationer\/kemisk-massaframstallning\/fiberline\/tvattning-sileri\/\",\"name\":\"Tv\u00e4ttning och Sileri | NAF Control Valves\",\"isPartOf\":{\"@id\":\"https:\/\/nafse24.hamlet2.hamrenmedia.se\/#website\"},\"datePublished\":\"2017-11-20T09:37:12+00:00\",\"dateModified\":\"2018-06-07T12:18:26+00:00\",\"description\":\"Tv\u00e4ttning av massan \u00e4r den vanligast f\u00f6rekommande processteget under massaframst\u00e4llningen. I ett sileri tar man bort okokt flis, stora kvistar, fiberbuntar (spet), sand och stenar.\",\"breadcrumb\":{\"@id\":\"https:\/\/nafse24.hamlet2.hamrenmedia.se\/sv\/applikationer\/kemisk-massaframstallning\/fiberline\/tvattning-sileri\/#breadcrumb\"},\"inLanguage\":\"sv-SE\",\"potentialAction\":[{\"@type\":\"ReadAction\",\"target\":[\"https:\/\/nafse24.hamlet2.hamrenmedia.se\/sv\/applikationer\/kemisk-massaframstallning\/fiberline\/tvattning-sileri\/\"]}]},{\"@type\":\"BreadcrumbList\",\"@id\":\"https:\/\/nafse24.hamlet2.hamrenmedia.se\/sv\/applikationer\/kemisk-massaframstallning\/fiberline\/tvattning-sileri\/#breadcrumb\",\"itemListElement\":[{\"@type\":\"ListItem\",\"position\":1,\"name\":\"Hem\",\"item\":\"https:\/\/nafse24.hamlet2.hamrenmedia.se\/sv\/\"},{\"@type\":\"ListItem\",\"position\":2,\"name\":\"Applikationer\",\"item\":\"https:\/\/nafse24.hamlet2.hamrenmedia.se\/sv\/applikationer\/\"},{\"@type\":\"ListItem\",\"position\":3,\"name\":\"Kemisk Massaframst\u00e4llning\",\"item\":\"https:\/\/nafse24.hamlet2.hamrenmedia.se\/sv\/applikationer\/kemisk-massaframstallning\/\"},{\"@type\":\"ListItem\",\"position\":4,\"name\":\"Fiberlinjen\",\"item\":\"https:\/\/nafse24.hamlet2.hamrenmedia.se\/sv\/applikationer\/kemisk-massaframstallning\/fiberline\/\"},{\"@type\":\"ListItem\",\"position\":5,\"name\":\"Tv\u00e4ttning och Sileri\"}]},{\"@type\":\"WebSite\",\"@id\":\"https:\/\/nafse24.hamlet2.hamrenmedia.se\/#website\",\"url\":\"https:\/\/nafse24.hamlet2.hamrenmedia.se\/\",\"name\":\"NAF Control Valves\",\"description\":\"\",\"publisher\":{\"@id\":\"https:\/\/nafse24.hamlet2.hamrenmedia.se\/#organization\"},\"potentialAction\":[{\"@type\":\"SearchAction\",\"target\":{\"@type\":\"EntryPoint\",\"urlTemplate\":\"https:\/\/nafse24.hamlet2.hamrenmedia.se\/?s={search_term_string}\"},\"query-input\":\"required name=search_term_string\"}],\"inLanguage\":\"sv-SE\"},{\"@type\":\"Organization\",\"@id\":\"https:\/\/nafse24.hamlet2.hamrenmedia.se\/#organization\",\"name\":\"NAF Control Valves\",\"url\":\"https:\/\/nafse24.hamlet2.hamrenmedia.se\/\",\"logo\":{\"@type\":\"ImageObject\",\"inLanguage\":\"sv-SE\",\"@id\":\"https:\/\/nafse24.hamlet2.hamrenmedia.se\/#\/schema\/logo\/image\/\",\"url\":\"https:\/\/nafse24.hamlet2.hamrenmedia.se\/wp-content\/uploads\/2018\/08\/flowserve-naf-logo-white-retina.png\",\"contentUrl\":\"https:\/\/nafse24.hamlet2.hamrenmedia.se\/wp-content\/uploads\/2018\/08\/flowserve-naf-logo-white-retina.png\",\"width\":275,\"height\":146,\"caption\":\"NAF Control Valves\"},\"image\":{\"@id\":\"https:\/\/nafse24.hamlet2.hamrenmedia.se\/#\/schema\/logo\/image\/\"}}]}<\/script>\n<!-- \/ Yoast SEO plugin. -->","yoast_head_json":{"title":"Tv\u00e4ttning och Sileri | NAF Control Valves","description":"Tv\u00e4ttning av massan \u00e4r den vanligast f\u00f6rekommande processteget under massaframst\u00e4llningen. I ett sileri tar man bort okokt flis, stora kvistar, fiberbuntar (spet), sand och stenar.","robots":{"index":"noindex","follow":"follow","max-snippet":"max-snippet:-1","max-image-preview":"max-image-preview:large","max-video-preview":"max-video-preview:-1"},"og_locale":"sv_SE","og_type":"article","og_title":"Tv\u00e4ttning och Sileri | NAF Control Valves","og_description":"Tv\u00e4ttning av massan \u00e4r den vanligast f\u00f6rekommande processteget under massaframst\u00e4llningen. I ett sileri tar man bort okokt flis, stora kvistar, fiberbuntar (spet), sand och stenar.","og_url":"https:\/\/nafse24.hamlet2.hamrenmedia.se\/sv\/applikationer\/kemisk-massaframstallning\/fiberline\/tvattning-sileri\/","og_site_name":"NAF Control Valves","article_modified_time":"2018-06-07T12:18:26+00:00","og_image":[{"width":1507,"height":1050,"url":"https:\/\/nafse24.hamlet2.hamrenmedia.se\/wp-content\/uploads\/2018\/05\/Tv\u00e4ttning-och-Sileri.jpg","type":"image\/jpeg"}],"twitter_card":"summary_large_image","twitter_misc":{"Ber\u00e4knad l\u00e4stid":"7 minuter"},"schema":{"@context":"https:\/\/schema.org","@graph":[{"@type":"WebPage","@id":"https:\/\/nafse24.hamlet2.hamrenmedia.se\/sv\/applikationer\/kemisk-massaframstallning\/fiberline\/tvattning-sileri\/","url":"https:\/\/nafse24.hamlet2.hamrenmedia.se\/sv\/applikationer\/kemisk-massaframstallning\/fiberline\/tvattning-sileri\/","name":"Tv\u00e4ttning och Sileri | NAF Control Valves","isPartOf":{"@id":"https:\/\/nafse24.hamlet2.hamrenmedia.se\/#website"},"datePublished":"2017-11-20T09:37:12+00:00","dateModified":"2018-06-07T12:18:26+00:00","description":"Tv\u00e4ttning av massan \u00e4r den vanligast f\u00f6rekommande processteget under massaframst\u00e4llningen. I ett sileri tar man bort okokt flis, stora kvistar, fiberbuntar (spet), sand och stenar.","breadcrumb":{"@id":"https:\/\/nafse24.hamlet2.hamrenmedia.se\/sv\/applikationer\/kemisk-massaframstallning\/fiberline\/tvattning-sileri\/#breadcrumb"},"inLanguage":"sv-SE","potentialAction":[{"@type":"ReadAction","target":["https:\/\/nafse24.hamlet2.hamrenmedia.se\/sv\/applikationer\/kemisk-massaframstallning\/fiberline\/tvattning-sileri\/"]}]},{"@type":"BreadcrumbList","@id":"https:\/\/nafse24.hamlet2.hamrenmedia.se\/sv\/applikationer\/kemisk-massaframstallning\/fiberline\/tvattning-sileri\/#breadcrumb","itemListElement":[{"@type":"ListItem","position":1,"name":"Hem","item":"https:\/\/nafse24.hamlet2.hamrenmedia.se\/sv\/"},{"@type":"ListItem","position":2,"name":"Applikationer","item":"https:\/\/nafse24.hamlet2.hamrenmedia.se\/sv\/applikationer\/"},{"@type":"ListItem","position":3,"name":"Kemisk Massaframst\u00e4llning","item":"https:\/\/nafse24.hamlet2.hamrenmedia.se\/sv\/applikationer\/kemisk-massaframstallning\/"},{"@type":"ListItem","position":4,"name":"Fiberlinjen","item":"https:\/\/nafse24.hamlet2.hamrenmedia.se\/sv\/applikationer\/kemisk-massaframstallning\/fiberline\/"},{"@type":"ListItem","position":5,"name":"Tv\u00e4ttning och Sileri"}]},{"@type":"WebSite","@id":"https:\/\/nafse24.hamlet2.hamrenmedia.se\/#website","url":"https:\/\/nafse24.hamlet2.hamrenmedia.se\/","name":"NAF Control Valves","description":"","publisher":{"@id":"https:\/\/nafse24.hamlet2.hamrenmedia.se\/#organization"},"potentialAction":[{"@type":"SearchAction","target":{"@type":"EntryPoint","urlTemplate":"https:\/\/nafse24.hamlet2.hamrenmedia.se\/?s={search_term_string}"},"query-input":"required name=search_term_string"}],"inLanguage":"sv-SE"},{"@type":"Organization","@id":"https:\/\/nafse24.hamlet2.hamrenmedia.se\/#organization","name":"NAF Control Valves","url":"https:\/\/nafse24.hamlet2.hamrenmedia.se\/","logo":{"@type":"ImageObject","inLanguage":"sv-SE","@id":"https:\/\/nafse24.hamlet2.hamrenmedia.se\/#\/schema\/logo\/image\/","url":"https:\/\/nafse24.hamlet2.hamrenmedia.se\/wp-content\/uploads\/2018\/08\/flowserve-naf-logo-white-retina.png","contentUrl":"https:\/\/nafse24.hamlet2.hamrenmedia.se\/wp-content\/uploads\/2018\/08\/flowserve-naf-logo-white-retina.png","width":275,"height":146,"caption":"NAF Control Valves"},"image":{"@id":"https:\/\/nafse24.hamlet2.hamrenmedia.se\/#\/schema\/logo\/image\/"}}]}},"_links":{"self":[{"href":"https:\/\/nafse24.hamlet2.hamrenmedia.se\/sv\/wp-json\/wp\/v2\/pages\/540"}],"collection":[{"href":"https:\/\/nafse24.hamlet2.hamrenmedia.se\/sv\/wp-json\/wp\/v2\/pages"}],"about":[{"href":"https:\/\/nafse24.hamlet2.hamrenmedia.se\/sv\/wp-json\/wp\/v2\/types\/page"}],"author":[{"embeddable":true,"href":"https:\/\/nafse24.hamlet2.hamrenmedia.se\/sv\/wp-json\/wp\/v2\/users\/1"}],"replies":[{"embeddable":true,"href":"https:\/\/nafse24.hamlet2.hamrenmedia.se\/sv\/wp-json\/wp\/v2\/comments?post=540"}],"version-history":[{"count":2,"href":"https:\/\/nafse24.hamlet2.hamrenmedia.se\/sv\/wp-json\/wp\/v2\/pages\/540\/revisions"}],"predecessor-version":[{"id":1992,"href":"https:\/\/nafse24.hamlet2.hamrenmedia.se\/sv\/wp-json\/wp\/v2\/pages\/540\/revisions\/1992"}],"up":[{"embeddable":true,"href":"https:\/\/nafse24.hamlet2.hamrenmedia.se\/sv\/wp-json\/wp\/v2\/pages\/537"}],"wp:featuredmedia":[{"embeddable":true,"href":"https:\/\/nafse24.hamlet2.hamrenmedia.se\/sv\/wp-json\/wp\/v2\/media\/1990"}],"wp:attachment":[{"href":"https:\/\/nafse24.hamlet2.hamrenmedia.se\/sv\/wp-json\/wp\/v2\/media?parent=540"}],"curies":[{"name":"wp","href":"https:\/\/api.w.org\/{rel}","templated":true}]}}