{"id":54,"date":"2017-10-19T16:07:14","date_gmt":"2017-10-19T14:07:14","guid":{"rendered":"http:\/\/naf.se\/?page_id=54"},"modified":"2024-04-26T17:15:54","modified_gmt":"2024-04-26T15:15:54","slug":"om-naf","status":"publish","type":"page","link":"https:\/\/nafse24.hamlet2.hamrenmedia.se\/sv\/om-naf\/","title":{"rendered":"Om NAF"},"content":{"rendered":"<p><div class=\"fusion-fullwidth fullwidth-box fusion-builder-row-1 nonhundred-percent-fullwidth non-hundred-percent-height-scrolling\" style=\"--awb-border-radius-top-left:0px;--awb-border-radius-top-right:0px;--awb-border-radius-bottom-right:0px;--awb-border-radius-bottom-left:0px;--awb-flex-wrap:wrap;\" ><div class=\"fusion-builder-row fusion-row\"><div class=\"fusion-layout-column fusion_builder_column fusion-builder-column-0 fusion_builder_column_1_1 1_1 fusion-one-full fusion-column-first fusion-column-last\" style=\"--awb-bg-size:cover;\"><div class=\"fusion-column-wrapper fusion-flex-column-wrapper-legacy\"><div class=\"fusion-title title fusion-title-1 fusion-sep-none fusion-title-text fusion-title-size-one\"><h1 class=\"fusion-title-heading title-heading-left\" style=\"margin:0;\"><strong>NAF<\/strong><\/h1><\/div><div class=\"fusion-text fusion-text-1\"><pre>NAF \u00e4r en ledande leverant\u00f6r av avancerade styrenheter, man\u00f6verdon och ventiler f\u00f6r full kontroll och s\u00e4ker drift inom Papper- och Massa, Kemi- och Petrokemi-, Olja och Gas-, Kraftverks- och St\u00e5lverksindustrier \u00f6ver hela v\u00e4rlden.<\/pre>\n<\/div><div class=\"fusion-clearfix\"><\/div><\/div><\/div><\/div><\/div><div class=\"fusion-fullwidth fullwidth-box fusion-builder-row-2 nonhundred-percent-fullwidth non-hundred-percent-height-scrolling\" style=\"--awb-border-radius-top-left:0px;--awb-border-radius-top-right:0px;--awb-border-radius-bottom-right:0px;--awb-border-radius-bottom-left:0px;--awb-flex-wrap:wrap;\" ><div class=\"fusion-builder-row fusion-row\"><div class=\"fusion-layout-column fusion_builder_column fusion-builder-column-1 fusion_builder_column_1_1 1_1 fusion-one-full fusion-column-first fusion-column-last\" style=\"--awb-bg-size:cover;\"><div class=\"fusion-column-wrapper fusion-flex-column-wrapper-legacy\"><div class=\"fusion-title title fusion-title-2 fusion-sep-none fusion-title-text fusion-title-size-two\"><h2 class=\"fusion-title-heading title-heading-left\" style=\"margin:0;\">NAF &#8211; innovat\u00f6ren<\/h2><\/div><div class=\"fusion-image-element in-legacy-container\" style=\"--awb-caption-title-font-family:var(--h2_typography-font-family);--awb-caption-title-font-weight:var(--h2_typography-font-weight);--awb-caption-title-font-style:var(--h2_typography-font-style);--awb-caption-title-size:var(--h2_typography-font-size);--awb-caption-title-transform:var(--h2_typography-text-transform);--awb-caption-title-line-height:var(--h2_typography-line-height);--awb-caption-title-letter-spacing:var(--h2_typography-letter-spacing);\"><span class=\" fusion-imageframe imageframe-none imageframe-1 hover-type-none\"><img decoding=\"async\" width=\"1024\" height=\"610\" title=\"Kulventilutveckling 3\" src=\"https:\/\/nafse24.hamlet2.hamrenmedia.se\/wp-content\/uploads\/2018\/06\/Kulventilutveckling-3-1-1024x610.jpg\" alt class=\"img-responsive wp-image-3243\" srcset=\"https:\/\/nafse24.hamlet2.hamrenmedia.se\/wp-content\/uploads\/2018\/06\/Kulventilutveckling-3-1-200x119.jpg 200w, https:\/\/nafse24.hamlet2.hamrenmedia.se\/wp-content\/uploads\/2018\/06\/Kulventilutveckling-3-1-400x238.jpg 400w, https:\/\/nafse24.hamlet2.hamrenmedia.se\/wp-content\/uploads\/2018\/06\/Kulventilutveckling-3-1-600x358.jpg 600w, https:\/\/nafse24.hamlet2.hamrenmedia.se\/wp-content\/uploads\/2018\/06\/Kulventilutveckling-3-1-800x477.jpg 800w, https:\/\/nafse24.hamlet2.hamrenmedia.se\/wp-content\/uploads\/2018\/06\/Kulventilutveckling-3-1-1200x715.jpg 1200w, https:\/\/nafse24.hamlet2.hamrenmedia.se\/wp-content\/uploads\/2018\/06\/Kulventilutveckling-3-1.jpg 1309w\" sizes=\"(max-width: 800px) 100vw, 1200px\" \/><\/span><\/div><div class=\"fusion-sep-clear\"><\/div><div class=\"fusion-separator fusion-full-width-sep\" style=\"margin-left: auto;margin-right: auto;margin-top:20px;width:100%;\"><div class=\"fusion-separator-border sep-double\" style=\"--awb-height:20px;--awb-amount:20px;border-color:#e0dede;border-top-width:0px;border-bottom-width:0px;\"><\/div><\/div><div class=\"fusion-sep-clear\"><\/div><div class=\"fusion-text fusion-text-2\"><p>NAF startade sin verksamhet redan 1899. \u00c5r 1904 levererade f\u00f6retaget sina f\u00f6rsta ventiler i rostfritt st\u00e5l f\u00f6r processindustrin. Och 1933 presenterade vi v\u00e4rldens f\u00f6rsta kulventil, n\u00e5got vi \u00e4r mycket stolta \u00f6ver.<\/p>\n<p>Med v\u00e5r unikt l\u00e5nga erfarenhet \u00e4r vi idag en v\u00e4rldsledande leverant\u00f6r av avancerade ventill\u00f6sningar till Papper- och Massaindustrin. Vi levererar \u00e4ven till annan processindustri, exempelvis Kemi- och Petrokemi-, Olja och Gas- samt till Kraftverks- och St\u00e5lverksindustrier.<\/p>\n<p>Genom \u00e5ren har NAF presenterat flera innovativa l\u00f6sningar, som uppfyller branschens h\u00e5rda krav.<\/p>\n<\/div><div class=\"fusion-clearfix\"><\/div><\/div><\/div><\/div><\/div><div class=\"fusion-fullwidth fullwidth-box fusion-builder-row-3 nonhundred-percent-fullwidth non-hundred-percent-height-scrolling fusion-equal-height-columns\" style=\"--awb-border-radius-top-left:0px;--awb-border-radius-top-right:0px;--awb-border-radius-bottom-right:0px;--awb-border-radius-bottom-left:0px;--awb-flex-wrap:wrap;\" ><div class=\"fusion-builder-row fusion-row\"><div class=\"fusion-layout-column fusion_builder_column fusion-builder-column-2 fusion_builder_column_1_2 1_2 fusion-one-half fusion-column-first\" style=\"--awb-bg-size:cover;width:50%;width:calc(50% - ( ( 4% ) * 0.5 ) );margin-right: 4%;\"><div class=\"fusion-column-wrapper fusion-flex-column-wrapper-legacy\"><div class=\"fusion-column-content-centered\"><div class=\"fusion-column-content\"><\/div><\/div><div class=\"fusion-clearfix\"><\/div><\/div><\/div><div class=\"fusion-layout-column fusion_builder_column fusion-builder-column-3 fusion_builder_column_1_2 1_2 fusion-one-half fusion-column-last\" style=\"--awb-bg-size:cover;width:50%;width:calc(50% - ( ( 4% ) * 0.5 ) );\"><div class=\"fusion-column-wrapper fusion-flex-column-wrapper-legacy\"><div class=\"fusion-clearfix\"><\/div><\/div><\/div><\/div><\/div><div class=\"fusion-fullwidth fullwidth-box fusion-builder-row-4 section nonhundred-percent-fullwidth non-hundred-percent-height-scrolling\" style=\"--awb-border-radius-top-left:0px;--awb-border-radius-top-right:0px;--awb-border-radius-bottom-right:0px;--awb-border-radius-bottom-left:0px;--awb-flex-wrap:wrap;\" ><div class=\"fusion-builder-row fusion-row\"><div class=\"fusion-layout-column fusion_builder_column fusion-builder-column-4 fusion_builder_column_1_1 1_1 fusion-one-full fusion-column-first fusion-column-last\" style=\"--awb-bg-size:cover;\"><div class=\"fusion-column-wrapper fusion-flex-column-wrapper-legacy\"><div class=\"fusion-title title fusion-title-3 fusion-sep-none fusion-title-text fusion-title-size-three\"><h3 class=\"fusion-title-heading title-heading-left\" style=\"margin:0;\">H\u00e4mta v\u00e5r f\u00f6retagsbroschyr<\/h3><\/div><ul class=\"docs\"><li><a href=\"https:\/\/nafse24.hamlet2.hamrenmedia.se\/wp-content\/uploads\/2017\/10\/company_brochure_GB.pdf\" download>\n\t\t<span class=\"file-icon\"><i class=\"far fa-file\"><\/i><\/span> \n\t\t<span class=\"wrap\">\n\t\t\t<span class=\"file-name\">Company brochure<\/span> \n\t\t\t<span class=\"file-ext\">pdf<\/span>\n\t\t\t<span class=\"lang\">en<\/span>\n\t\t<\/span>\n\t<i class=\"fas fa-arrow-down\"><\/i><\/a><\/li><li><a href=\"https:\/\/nafse24.hamlet2.hamrenmedia.se\/wp-content\/uploads\/2017\/10\/foretagsbroschyr_SE.pdf\" download>\n\t\t<span class=\"file-icon\"><i class=\"far fa-file\"><\/i><\/span> \n\t\t<span class=\"wrap\">\n\t\t\t<span class=\"file-name\">F\u00f6retagsbroschyr<\/span> \n\t\t\t<span class=\"file-ext\">pdf<\/span>\n\t\t\t<span class=\"lang\">se<\/span>\n\t\t<\/span>\n\t<i class=\"fas fa-arrow-down\"><\/i><\/a><\/li><\/ul><div class=\"fusion-clearfix\"><\/div><\/div><\/div><\/div><\/div><\/p>\n","protected":false},"excerpt":{"rendered":"","protected":false},"author":1,"featured_media":0,"parent":0,"menu_order":15,"comment_status":"closed","ping_status":"closed","template":"templates\/undersidor.php","meta":{"footnotes":""},"acf":[],"yoast_head":"<!-- This site is optimized with the Yoast SEO plugin v21.0 - https:\/\/yoast.com\/wordpress\/plugins\/seo\/ -->\n<title>Om NAF | NAF Control Valves<\/title>\n<meta name=\"description\" content=\"NAF \u00e4r en ledande leverant\u00f6r av avancerade styrenheter, man\u00f6verdon och ventiler f\u00f6r full kontroll och s\u00e4ker drift inom Papper- och Massa, Kemi- och Petrokemi-, Olja och Gas-, Kraftverks- och St\u00e5lverksindustrier \u00f6ver hela v\u00e4rlden.\" \/>\n<meta name=\"robots\" content=\"noindex, follow, max-snippet:-1, max-image-preview:large, max-video-preview:-1\" \/>\n<meta property=\"og:locale\" content=\"sv_SE\" \/>\n<meta property=\"og:type\" content=\"article\" \/>\n<meta property=\"og:title\" content=\"Om NAF | NAF Control Valves\" \/>\n<meta property=\"og:description\" content=\"NAF \u00e4r en ledande leverant\u00f6r av avancerade styrenheter, man\u00f6verdon och ventiler f\u00f6r full kontroll och s\u00e4ker drift inom Papper- och Massa, Kemi- och Petrokemi-, Olja och Gas-, Kraftverks- och St\u00e5lverksindustrier \u00f6ver hela v\u00e4rlden.\" \/>\n<meta property=\"og:url\" content=\"https:\/\/nafse24.hamlet2.hamrenmedia.se\/sv\/om-naf\/\" \/>\n<meta property=\"og:site_name\" content=\"NAF Control Valves\" \/>\n<meta property=\"article:modified_time\" content=\"2024-04-26T15:15:54+00:00\" \/>\n<meta name=\"twitter:card\" content=\"summary_large_image\" \/>\n<meta name=\"twitter:label1\" content=\"Ber\u00e4knad l\u00e4stid\" \/>\n\t<meta name=\"twitter:data1\" content=\"3 minuter\" \/>\n<script type=\"application\/ld+json\" class=\"yoast-schema-graph\">{\"@context\":\"https:\/\/schema.org\",\"@graph\":[{\"@type\":\"WebPage\",\"@id\":\"https:\/\/nafse24.hamlet2.hamrenmedia.se\/sv\/om-naf\/\",\"url\":\"https:\/\/nafse24.hamlet2.hamrenmedia.se\/sv\/om-naf\/\",\"name\":\"Om NAF | NAF Control Valves\",\"isPartOf\":{\"@id\":\"https:\/\/nafse24.hamlet2.hamrenmedia.se\/#website\"},\"datePublished\":\"2017-10-19T14:07:14+00:00\",\"dateModified\":\"2024-04-26T15:15:54+00:00\",\"description\":\"NAF \u00e4r en ledande leverant\u00f6r av avancerade styrenheter, man\u00f6verdon och ventiler f\u00f6r full kontroll och s\u00e4ker drift inom Papper- och Massa, Kemi- och Petrokemi-, Olja och Gas-, Kraftverks- och St\u00e5lverksindustrier \u00f6ver hela v\u00e4rlden.\",\"breadcrumb\":{\"@id\":\"https:\/\/nafse24.hamlet2.hamrenmedia.se\/sv\/om-naf\/#breadcrumb\"},\"inLanguage\":\"sv-SE\",\"potentialAction\":[{\"@type\":\"ReadAction\",\"target\":[\"https:\/\/nafse24.hamlet2.hamrenmedia.se\/sv\/om-naf\/\"]}]},{\"@type\":\"BreadcrumbList\",\"@id\":\"https:\/\/nafse24.hamlet2.hamrenmedia.se\/sv\/om-naf\/#breadcrumb\",\"itemListElement\":[{\"@type\":\"ListItem\",\"position\":1,\"name\":\"Hem\",\"item\":\"https:\/\/nafse24.hamlet2.hamrenmedia.se\/sv\/\"},{\"@type\":\"ListItem\",\"position\":2,\"name\":\"Om NAF\"}]},{\"@type\":\"WebSite\",\"@id\":\"https:\/\/nafse24.hamlet2.hamrenmedia.se\/#website\",\"url\":\"https:\/\/nafse24.hamlet2.hamrenmedia.se\/\",\"name\":\"NAF Control Valves\",\"description\":\"\",\"publisher\":{\"@id\":\"https:\/\/nafse24.hamlet2.hamrenmedia.se\/#organization\"},\"potentialAction\":[{\"@type\":\"SearchAction\",\"target\":{\"@type\":\"EntryPoint\",\"urlTemplate\":\"https:\/\/nafse24.hamlet2.hamrenmedia.se\/?s={search_term_string}\"},\"query-input\":\"required name=search_term_string\"}],\"inLanguage\":\"sv-SE\"},{\"@type\":\"Organization\",\"@id\":\"https:\/\/nafse24.hamlet2.hamrenmedia.se\/#organization\",\"name\":\"NAF Control Valves\",\"url\":\"https:\/\/nafse24.hamlet2.hamrenmedia.se\/\",\"logo\":{\"@type\":\"ImageObject\",\"inLanguage\":\"sv-SE\",\"@id\":\"https:\/\/nafse24.hamlet2.hamrenmedia.se\/#\/schema\/logo\/image\/\",\"url\":\"https:\/\/nafse24.hamlet2.hamrenmedia.se\/wp-content\/uploads\/2018\/08\/flowserve-naf-logo-white-retina.png\",\"contentUrl\":\"https:\/\/nafse24.hamlet2.hamrenmedia.se\/wp-content\/uploads\/2018\/08\/flowserve-naf-logo-white-retina.png\",\"width\":275,\"height\":146,\"caption\":\"NAF Control Valves\"},\"image\":{\"@id\":\"https:\/\/nafse24.hamlet2.hamrenmedia.se\/#\/schema\/logo\/image\/\"}}]}<\/script>\n<!-- \/ Yoast SEO plugin. -->","yoast_head_json":{"title":"Om NAF | NAF Control Valves","description":"NAF \u00e4r en ledande leverant\u00f6r av avancerade styrenheter, man\u00f6verdon och ventiler f\u00f6r full kontroll och s\u00e4ker drift inom Papper- och Massa, Kemi- och Petrokemi-, Olja och Gas-, Kraftverks- och St\u00e5lverksindustrier \u00f6ver hela v\u00e4rlden.","robots":{"index":"noindex","follow":"follow","max-snippet":"max-snippet:-1","max-image-preview":"max-image-preview:large","max-video-preview":"max-video-preview:-1"},"og_locale":"sv_SE","og_type":"article","og_title":"Om NAF | NAF Control Valves","og_description":"NAF \u00e4r en ledande leverant\u00f6r av avancerade styrenheter, man\u00f6verdon och ventiler f\u00f6r full kontroll och s\u00e4ker drift inom Papper- och Massa, Kemi- och Petrokemi-, Olja och Gas-, Kraftverks- och St\u00e5lverksindustrier \u00f6ver hela v\u00e4rlden.","og_url":"https:\/\/nafse24.hamlet2.hamrenmedia.se\/sv\/om-naf\/","og_site_name":"NAF Control Valves","article_modified_time":"2024-04-26T15:15:54+00:00","twitter_card":"summary_large_image","twitter_misc":{"Ber\u00e4knad l\u00e4stid":"3 minuter"},"schema":{"@context":"https:\/\/schema.org","@graph":[{"@type":"WebPage","@id":"https:\/\/nafse24.hamlet2.hamrenmedia.se\/sv\/om-naf\/","url":"https:\/\/nafse24.hamlet2.hamrenmedia.se\/sv\/om-naf\/","name":"Om NAF | NAF Control Valves","isPartOf":{"@id":"https:\/\/nafse24.hamlet2.hamrenmedia.se\/#website"},"datePublished":"2017-10-19T14:07:14+00:00","dateModified":"2024-04-26T15:15:54+00:00","description":"NAF \u00e4r en ledande leverant\u00f6r av avancerade styrenheter, man\u00f6verdon och ventiler f\u00f6r full kontroll och s\u00e4ker drift inom Papper- och Massa, Kemi- och Petrokemi-, Olja och Gas-, Kraftverks- och St\u00e5lverksindustrier \u00f6ver hela v\u00e4rlden.","breadcrumb":{"@id":"https:\/\/nafse24.hamlet2.hamrenmedia.se\/sv\/om-naf\/#breadcrumb"},"inLanguage":"sv-SE","potentialAction":[{"@type":"ReadAction","target":["https:\/\/nafse24.hamlet2.hamrenmedia.se\/sv\/om-naf\/"]}]},{"@type":"BreadcrumbList","@id":"https:\/\/nafse24.hamlet2.hamrenmedia.se\/sv\/om-naf\/#breadcrumb","itemListElement":[{"@type":"ListItem","position":1,"name":"Hem","item":"https:\/\/nafse24.hamlet2.hamrenmedia.se\/sv\/"},{"@type":"ListItem","position":2,"name":"Om NAF"}]},{"@type":"WebSite","@id":"https:\/\/nafse24.hamlet2.hamrenmedia.se\/#website","url":"https:\/\/nafse24.hamlet2.hamrenmedia.se\/","name":"NAF Control Valves","description":"","publisher":{"@id":"https:\/\/nafse24.hamlet2.hamrenmedia.se\/#organization"},"potentialAction":[{"@type":"SearchAction","target":{"@type":"EntryPoint","urlTemplate":"https:\/\/nafse24.hamlet2.hamrenmedia.se\/?s={search_term_string}"},"query-input":"required name=search_term_string"}],"inLanguage":"sv-SE"},{"@type":"Organization","@id":"https:\/\/nafse24.hamlet2.hamrenmedia.se\/#organization","name":"NAF Control Valves","url":"https:\/\/nafse24.hamlet2.hamrenmedia.se\/","logo":{"@type":"ImageObject","inLanguage":"sv-SE","@id":"https:\/\/nafse24.hamlet2.hamrenmedia.se\/#\/schema\/logo\/image\/","url":"https:\/\/nafse24.hamlet2.hamrenmedia.se\/wp-content\/uploads\/2018\/08\/flowserve-naf-logo-white-retina.png","contentUrl":"https:\/\/nafse24.hamlet2.hamrenmedia.se\/wp-content\/uploads\/2018\/08\/flowserve-naf-logo-white-retina.png","width":275,"height":146,"caption":"NAF Control Valves"},"image":{"@id":"https:\/\/nafse24.hamlet2.hamrenmedia.se\/#\/schema\/logo\/image\/"}}]}},"_links":{"self":[{"href":"https:\/\/nafse24.hamlet2.hamrenmedia.se\/sv\/wp-json\/wp\/v2\/pages\/54"}],"collection":[{"href":"https:\/\/nafse24.hamlet2.hamrenmedia.se\/sv\/wp-json\/wp\/v2\/pages"}],"about":[{"href":"https:\/\/nafse24.hamlet2.hamrenmedia.se\/sv\/wp-json\/wp\/v2\/types\/page"}],"author":[{"embeddable":true,"href":"https:\/\/nafse24.hamlet2.hamrenmedia.se\/sv\/wp-json\/wp\/v2\/users\/1"}],"replies":[{"embeddable":true,"href":"https:\/\/nafse24.hamlet2.hamrenmedia.se\/sv\/wp-json\/wp\/v2\/comments?post=54"}],"version-history":[{"count":5,"href":"https:\/\/nafse24.hamlet2.hamrenmedia.se\/sv\/wp-json\/wp\/v2\/pages\/54\/revisions"}],"predecessor-version":[{"id":6678,"href":"https:\/\/nafse24.hamlet2.hamrenmedia.se\/sv\/wp-json\/wp\/v2\/pages\/54\/revisions\/6678"}],"wp:attachment":[{"href":"https:\/\/nafse24.hamlet2.hamrenmedia.se\/sv\/wp-json\/wp\/v2\/media?parent=54"}],"curies":[{"name":"wp","href":"https:\/\/api.w.org\/{rel}","templated":true}]}}