{"id":533,"date":"2017-11-20T10:34:41","date_gmt":"2017-11-20T09:34:41","guid":{"rendered":"http:\/\/naf.se\/?page_id=533"},"modified":"2018-06-07T13:52:13","modified_gmt":"2018-06-07T11:52:13","slug":"kemisk-massaframstallning","status":"publish","type":"page","link":"https:\/\/nafse24.hamlet2.hamrenmedia.se\/sv\/applikationer\/kemisk-massaframstallning\/","title":{"rendered":"Kemisk Massaframst\u00e4llning"},"content":{"rendered":"<p><div class=\"fusion-fullwidth fullwidth-box fusion-builder-row-1 nonhundred-percent-fullwidth non-hundred-percent-height-scrolling\" style=\"--awb-border-radius-top-left:0px;--awb-border-radius-top-right:0px;--awb-border-radius-bottom-right:0px;--awb-border-radius-bottom-left:0px;--awb-flex-wrap:wrap;\" ><div class=\"fusion-builder-row fusion-row\"><div class=\"fusion-layout-column fusion_builder_column fusion-builder-column-0 fusion_builder_column_1_1 1_1 fusion-one-full fusion-column-first fusion-column-last\" style=\"--awb-bg-size:cover;\"><div class=\"fusion-column-wrapper fusion-flex-column-wrapper-legacy\"><div class=\"fusion-title title fusion-title-1 fusion-sep-none fusion-title-text fusion-title-size-one\"><h1 class=\"fusion-title-heading title-heading-left\" style=\"margin:0;\">Kemisk Massaframst\u00e4llning<\/h1><\/div><div class=\"fusion-text fusion-text-1\"><pre>B\u00f6cker, tidningar och tidskrifter, kataloger och handb\u00f6cker, brevpapper, gratulationskort, kuvert, frim\u00e4rken, kartongf\u00f6rpackningar, papper, etiketter, v\u00e4vnader, papperstallrikar och muggar, hush\u00e5lls- och toalettpapper, bl\u00f6jor, tapeter. Dessa \u00e4r bara n\u00e5gra av de tusentals olika produkter som skapas av massa- och pappersindustrin.<\/pre>\n<p>Detta \u00e4r en bransch som \u00e4r beroende av en effektiv och p\u00e5litlig produktion, 24 timmar om dygnet, 365 dagar om \u00e5ret. Ska utrustningen kunna arbeta kontinuerligt i media som \u00e4r starkt korrosiva, tr\u00f6gflytande, under h\u00f6ga tryck och temperaturer och ibland v\u00e4ldigt erosiva, ja d\u00e5 m\u00e5ste utrustningen h\u00e5lla h\u00f6gsta kvalitet d\u00e5 ett haveri i processen kan leda till stora kostnader.<\/p>\n<\/div><div class=\"fusion-clearfix\"><\/div><\/div><\/div><\/div><\/div><div class=\"fusion-fullwidth fullwidth-box fusion-builder-row-2 nonhundred-percent-fullwidth non-hundred-percent-height-scrolling\" style=\"--awb-border-radius-top-left:0px;--awb-border-radius-top-right:0px;--awb-border-radius-bottom-right:0px;--awb-border-radius-bottom-left:0px;--awb-flex-wrap:wrap;\" ><div class=\"fusion-builder-row fusion-row\"><div class=\"fusion-layout-column fusion_builder_column fusion-builder-column-1 fusion_builder_column_1_1 1_1 fusion-one-full fusion-column-first fusion-column-last\" style=\"--awb-bg-size:cover;\"><div class=\"fusion-column-wrapper fusion-flex-column-wrapper-legacy\"><div class=\"fusion-title title fusion-title-2 fusion-sep-none fusion-title-text fusion-title-size-two\" style=\"--awb-margin-bottom:2%;\"><h2 class=\"fusion-title-heading title-heading-left\" style=\"margin:0;\">Vi skapar extraordin\u00e4ra fl\u00f6desl\u00f6sningar<\/h2><\/div><div class=\"fusion-text fusion-text-2 awb-text-cols fusion-text-columns-2\" style=\"--awb-columns:2;--awb-column-spacing:2em;--awb-column-min-width:100px;\"><p><strong>Flowserve NAF har en unik bredd av vridande regler-, on\/off- och manuella ventiler f\u00f6r n\u00e4stan alla applikationer inom massa- och pappersindustrin. <\/strong><\/p>\n<p>Vi arbetar n\u00e4ra v\u00e5ra kunder och utvecklar och tillverkar \u00e4ven specialvarianter mot specifika anv\u00e4ndarkrav. Vi har faktiskt gjort det i mer \u00e4n ett sekel &#8211; de allra f\u00f6rsta NAF-ventilerna utvecklades i n\u00e4ra samarbete med kunder s\u00e5 tidigt som 1899. S\u00e5 redan fr\u00e5n b\u00f6rjan har vi f\u00f6rst\u00e5tt de krav och utmaningar som finns inom massa- och pappersindustrin.<\/p>\n<p>Massa- och pappersindustrin h\u00e5ller \u00e4ven p\u00e5 att f\u00f6r\u00e4ndras. Den \u00e4r en viktig del av omst\u00e4llningen till mer klimatsmarta l\u00f6sningar eftersom skogsr\u00e5varan \u00e4r en f\u00f6rnyelsebar resurs. Redan idag tillverkas textiler baserade p\u00e5 tr\u00e4fibrer, biobr\u00e4nslen fr\u00e5n restprodukter ers\u00e4tter fosila br\u00e4nslen, kolfiber b\u00f6rjar tillverkas fr\u00e5n restprodukten lignin. Allt detta och m\u00e5nga fler produkter kommer vi att se fram\u00f6ver. Nya processer inneb\u00e4r nya krav p\u00e5 v\u00e5ra produkter. D\u00e4rf\u00f6r forts\u00e4tter vi att utveckla v\u00e5ra produkter tillsammans med v\u00e5ra kunder f\u00f6r att se till att deras processer ocks\u00e5 i framtiden fungerar utan problem.<\/p>\n<p>Flowserve NAF \u00e4r idag globalt representerade och har en bred kundbas som litar p\u00e5 v\u00e5ra produkter. 24 timmar om dygnet, 365 dagar om \u00e5ret. \u00c5r efter \u00e5r.<\/p>\n<\/div><div class=\"fusion-clearfix\"><\/div><\/div><\/div><\/div><\/div><div class=\"fusion-fullwidth fullwidth-box fusion-builder-row-3 section nonhundred-percent-fullwidth non-hundred-percent-height-scrolling\" style=\"--awb-border-radius-top-left:0px;--awb-border-radius-top-right:0px;--awb-border-radius-bottom-right:0px;--awb-border-radius-bottom-left:0px;--awb-flex-wrap:wrap;\" ><div class=\"fusion-builder-row fusion-row\"><div class=\"fusion-layout-column fusion_builder_column fusion-builder-column-2 fusion_builder_column_1_1 1_1 fusion-one-full fusion-column-first fusion-column-last\" style=\"--awb-bg-size:cover;\"><div class=\"fusion-column-wrapper fusion-flex-column-wrapper-legacy\">\t<div class=\"wrap_svl_center\">\r\n\t<div class=\"wrap_svl_center_box\">\r\n\t<div class=\"wrap_svl\" id=\"body_drag_617\">\r\n\t\t<div class=\"images_wrap\">\r\n\t\t<img src=\"https:\/\/nafse24.hamlet2.hamrenmedia.se\/wp-content\/uploads\/2018\/01\/Slide-1-e1516866759513.jpg\">\r\n\t\t<\/div>\t\r\n\t\t \t\t \t\t <div class=\"drag_element tips \" style=\"top:53.24%;left:56.75%;\" >\r\n\t\t \t<div class=\"point_style  ihotspot_tooltop_html\" data-placement=\"n\" data-html=\"\t\t \t\t\t                  &lt;div class=&quot;box_view_html&quot;&gt;&lt;span class=&quot;close_ihp&quot;&gt;&lt;svg version=&quot;1.1&quot; xmlns=&quot;http:\/\/www.w3.org\/2000\/svg&quot; xmlns:xlink=&quot;http:\/\/www.w3.org\/1999\/xlink&quot; x=&quot;0px&quot; y=&quot;0px&quot; viewBox=&quot;0 0 1000 1000&quot; enable-background=&quot;new 0 0 1000 1000&quot; xml:space=&quot;preserve&quot;&gt;&lt;g&gt;&lt;path d=&quot;M153.7,153.7C57.9,249.5,10,365.3,10,499c0,135.7,47.9,251.5,143.7,347.3l0,0C249.5,942.1,363.3,990,499,990c135.7,0,251.5-47.9,347.3-143.7C942.1,750.5,990,634.7,990,499c0-135.7-47.9-249.5-143.7-345.3l0,0C750.5,57.9,634.7,10,499,10C365.3,10,249.5,57.9,153.7,153.7z M209.6,211.6l2-2C289.4,129.7,387.2,89.8,499,89.8c113.8,0,209.6,39.9,291.4,121.8c79.8,77.8,119.8,175.6,119.8,287.4c0,113.8-39.9,209.6-119.8,291.4C708.6,870.3,612.8,910.2,499,910.2c-111.8,0-209.6-39.9-287.4-119.8C129.8,708.6,89.8,612.8,89.8,499C89.8,387.2,129.8,289.4,209.6,211.6z&quot;\/&gt;&lt;path d=&quot;M293.4,331.3c0,12,4,22,12,29.9L443.1,497L305.4,632.7c-8,8-12,18-12,29.9c0,10,4,18,12,26c8,8,18,12,28,12c12,0,20-4,27.9-10L499,552.9l135.7,137.7c8,6,16,10,28,10c12,0,21.9-4,27.9-10c8-8,12-18,12-28c0-12-4-21.9-12-29.9L554.9,497l135.7-135.7c8-8,12-18,12-27.9c0-12-4-22-12-29.9c-6-8-16-12-25.9-12c-12,0-21.9,4-29.9,12L499,441.1L363.3,303.4c-8-8-18-12-29.9-12c-10,0-20,4-28,12C297.4,311.4,293.4,321.4,293.4,331.3z&quot;\/&gt;&lt;\/g&gt;&lt;\/svg&gt;&lt;\/span&gt;&lt;p&gt;Fiberlinjen&lt;\/p&gt;\n&lt;\/div&gt;\r\n\t\t\t \t\t \t\t \">\r\n\t\t \t\t<a href=\"\/sv\/applikationer\/kemisk-massaframstallning\/fiberline\/\" title=\"\" target=\"_self\">\t\t\t \t\t\t\t\t \t\t\t<div class=\"pins_animation ihotspot_pulse\" style=\"top:-15px;left:-15px;height:30px;width:30px\"><\/div>\r\n\t\t\t \t\t\t\t\t \t\t<img src=\"https:\/\/nafse24.hamlet2.hamrenmedia.se\/wp-content\/uploads\/2018\/01\/naf-pin-1.png\" class=\"pins_image ihotspot_hastooltop\" style=\"top:-15px;left:-15px\">\r\n\t\t\t \t\t\t\t \t\t<\/a>\t\t \t<\/div>\r\n\t\t <\/div>\r\n\t\t \t\t <div class=\"drag_element tips \" style=\"top:74.81%;left:36.04%;\" >\r\n\t\t \t<div class=\"point_style  ihotspot_tooltop_html\" data-placement=\"n\" data-html=\"\t\t \t\t\t                  &lt;div class=&quot;box_view_html&quot;&gt;&lt;span class=&quot;close_ihp&quot;&gt;&lt;svg version=&quot;1.1&quot; xmlns=&quot;http:\/\/www.w3.org\/2000\/svg&quot; xmlns:xlink=&quot;http:\/\/www.w3.org\/1999\/xlink&quot; x=&quot;0px&quot; y=&quot;0px&quot; viewBox=&quot;0 0 1000 1000&quot; enable-background=&quot;new 0 0 1000 1000&quot; xml:space=&quot;preserve&quot;&gt;&lt;g&gt;&lt;path d=&quot;M153.7,153.7C57.9,249.5,10,365.3,10,499c0,135.7,47.9,251.5,143.7,347.3l0,0C249.5,942.1,363.3,990,499,990c135.7,0,251.5-47.9,347.3-143.7C942.1,750.5,990,634.7,990,499c0-135.7-47.9-249.5-143.7-345.3l0,0C750.5,57.9,634.7,10,499,10C365.3,10,249.5,57.9,153.7,153.7z M209.6,211.6l2-2C289.4,129.7,387.2,89.8,499,89.8c113.8,0,209.6,39.9,291.4,121.8c79.8,77.8,119.8,175.6,119.8,287.4c0,113.8-39.9,209.6-119.8,291.4C708.6,870.3,612.8,910.2,499,910.2c-111.8,0-209.6-39.9-287.4-119.8C129.8,708.6,89.8,612.8,89.8,499C89.8,387.2,129.8,289.4,209.6,211.6z&quot;\/&gt;&lt;path d=&quot;M293.4,331.3c0,12,4,22,12,29.9L443.1,497L305.4,632.7c-8,8-12,18-12,29.9c0,10,4,18,12,26c8,8,18,12,28,12c12,0,20-4,27.9-10L499,552.9l135.7,137.7c8,6,16,10,28,10c12,0,21.9-4,27.9-10c8-8,12-18,12-28c0-12-4-21.9-12-29.9L554.9,497l135.7-135.7c8-8,12-18,12-27.9c0-12-4-22-12-29.9c-6-8-16-12-25.9-12c-12,0-21.9,4-29.9,12L499,441.1L363.3,303.4c-8-8-18-12-29.9-12c-10,0-20,4-28,12C297.4,311.4,293.4,321.4,293.4,331.3z&quot;\/&gt;&lt;\/g&gt;&lt;\/svg&gt;&lt;\/span&gt;&lt;p&gt;Kemikalie\u00e5tervinning och energiproduktion&lt;\/p&gt;\n&lt;\/div&gt;\r\n\t\t\t \t\t \t\t \">\r\n\t\t \t\t<a href=\"\/sv\/applikationer\/kemisk-massaframstallning\/kemikalieatervinning\/\" title=\"\" target=\"_self\">\t\t\t \t\t\t\t\t \t\t\t<div class=\"pins_animation ihotspot_pulse\" style=\"top:-15px;left:-15px;height:30px;width:30px\"><\/div>\r\n\t\t\t \t\t\t\t\t \t\t<img src=\"https:\/\/nafse24.hamlet2.hamrenmedia.se\/wp-content\/uploads\/2018\/01\/naf-pin-1.png\" class=\"pins_image ihotspot_hastooltop\" style=\"top:-15px;left:-15px\">\r\n\t\t\t \t\t\t\t \t\t<\/a>\t\t \t<\/div>\r\n\t\t <\/div>\r\n\t\t \t\t \r\n\t\t  \t\t \t\r\n\t <\/div>\r\n\t <\/div>\r\n\t <\/div>\r\n\t<div class=\"fusion-text fusion-text-3\"><p style=\"text-align: center;\"><i>Massabruksillustrationen publicerad med tillst\u00e5nd <\/i><i>av ANDRITZ.<\/i><\/p>\n<p style=\"text-align: center;\"><i>Klicka p\u00e5 bilden f\u00f6r att unders\u00f6ka hur Flowserve NAFs produktl\u00f6sningar kan bidra till att \u00f6ka produktiviteten b\u00e5de i fiberlinjen och i \u00e5tervinningsprocessen hos en kemisk massafabrik.<\/i><\/p>\n<\/div><div class=\"fusion-clearfix\"><\/div><\/div><\/div><\/div><\/div><\/p>\n","protected":false},"excerpt":{"rendered":"","protected":false},"author":1,"featured_media":618,"parent":529,"menu_order":1,"comment_status":"closed","ping_status":"closed","template":"templates\/undersidor.php","meta":{"footnotes":""},"acf":[],"yoast_head":"<!-- This site is optimized with the Yoast SEO plugin v21.0 - https:\/\/yoast.com\/wordpress\/plugins\/seo\/ -->\n<title>Kemisk Massaframst\u00e4llning | NAF Control Valves<\/title>\n<meta name=\"description\" content=\"Flowserve NAF har en unik bredd av vridande regler-, on\/off- och manuella ventiler f\u00f6r n\u00e4stan alla applikationer inom massa- och pappersindustrin.\" \/>\n<meta name=\"robots\" content=\"noindex, follow, max-snippet:-1, max-image-preview:large, max-video-preview:-1\" \/>\n<meta property=\"og:locale\" content=\"sv_SE\" \/>\n<meta property=\"og:type\" content=\"article\" \/>\n<meta property=\"og:title\" content=\"Kemisk Massaframst\u00e4llning | NAF Control Valves\" \/>\n<meta property=\"og:description\" content=\"Flowserve NAF har en unik bredd av vridande regler-, on\/off- och manuella ventiler f\u00f6r n\u00e4stan alla applikationer inom massa- och pappersindustrin.\" \/>\n<meta property=\"og:url\" content=\"https:\/\/nafse24.hamlet2.hamrenmedia.se\/sv\/applikationer\/kemisk-massaframstallning\/\" \/>\n<meta property=\"og:site_name\" content=\"NAF Control Valves\" \/>\n<meta property=\"article:modified_time\" content=\"2018-06-07T11:52:13+00:00\" \/>\n<meta property=\"og:image\" content=\"https:\/\/nafse24.hamlet2.hamrenmedia.se\/wp-content\/uploads\/2018\/01\/Slide-1-e1516866759513.jpg\" \/>\n\t<meta property=\"og:image:width\" content=\"1000\" \/>\n\t<meta property=\"og:image:height\" content=\"600\" \/>\n\t<meta property=\"og:image:type\" content=\"image\/jpeg\" \/>\n<meta name=\"twitter:card\" content=\"summary_large_image\" \/>\n<meta name=\"twitter:label1\" content=\"Ber\u00e4knad l\u00e4stid\" \/>\n\t<meta name=\"twitter:data1\" content=\"5 minuter\" \/>\n<script type=\"application\/ld+json\" class=\"yoast-schema-graph\">{\"@context\":\"https:\/\/schema.org\",\"@graph\":[{\"@type\":\"WebPage\",\"@id\":\"https:\/\/nafse24.hamlet2.hamrenmedia.se\/sv\/applikationer\/kemisk-massaframstallning\/\",\"url\":\"https:\/\/nafse24.hamlet2.hamrenmedia.se\/sv\/applikationer\/kemisk-massaframstallning\/\",\"name\":\"Kemisk Massaframst\u00e4llning | NAF Control Valves\",\"isPartOf\":{\"@id\":\"https:\/\/nafse24.hamlet2.hamrenmedia.se\/#website\"},\"datePublished\":\"2017-11-20T09:34:41+00:00\",\"dateModified\":\"2018-06-07T11:52:13+00:00\",\"description\":\"Flowserve NAF har en unik bredd av vridande regler-, on\/off- och manuella ventiler f\u00f6r n\u00e4stan alla applikationer inom massa- och pappersindustrin.\",\"breadcrumb\":{\"@id\":\"https:\/\/nafse24.hamlet2.hamrenmedia.se\/sv\/applikationer\/kemisk-massaframstallning\/#breadcrumb\"},\"inLanguage\":\"sv-SE\",\"potentialAction\":[{\"@type\":\"ReadAction\",\"target\":[\"https:\/\/nafse24.hamlet2.hamrenmedia.se\/sv\/applikationer\/kemisk-massaframstallning\/\"]}]},{\"@type\":\"BreadcrumbList\",\"@id\":\"https:\/\/nafse24.hamlet2.hamrenmedia.se\/sv\/applikationer\/kemisk-massaframstallning\/#breadcrumb\",\"itemListElement\":[{\"@type\":\"ListItem\",\"position\":1,\"name\":\"Hem\",\"item\":\"https:\/\/nafse24.hamlet2.hamrenmedia.se\/sv\/\"},{\"@type\":\"ListItem\",\"position\":2,\"name\":\"Applikationer\",\"item\":\"https:\/\/nafse24.hamlet2.hamrenmedia.se\/sv\/applikationer\/\"},{\"@type\":\"ListItem\",\"position\":3,\"name\":\"Kemisk Massaframst\u00e4llning\"}]},{\"@type\":\"WebSite\",\"@id\":\"https:\/\/nafse24.hamlet2.hamrenmedia.se\/#website\",\"url\":\"https:\/\/nafse24.hamlet2.hamrenmedia.se\/\",\"name\":\"NAF Control Valves\",\"description\":\"\",\"publisher\":{\"@id\":\"https:\/\/nafse24.hamlet2.hamrenmedia.se\/#organization\"},\"potentialAction\":[{\"@type\":\"SearchAction\",\"target\":{\"@type\":\"EntryPoint\",\"urlTemplate\":\"https:\/\/nafse24.hamlet2.hamrenmedia.se\/?s={search_term_string}\"},\"query-input\":\"required name=search_term_string\"}],\"inLanguage\":\"sv-SE\"},{\"@type\":\"Organization\",\"@id\":\"https:\/\/nafse24.hamlet2.hamrenmedia.se\/#organization\",\"name\":\"NAF Control Valves\",\"url\":\"https:\/\/nafse24.hamlet2.hamrenmedia.se\/\",\"logo\":{\"@type\":\"ImageObject\",\"inLanguage\":\"sv-SE\",\"@id\":\"https:\/\/nafse24.hamlet2.hamrenmedia.se\/#\/schema\/logo\/image\/\",\"url\":\"https:\/\/nafse24.hamlet2.hamrenmedia.se\/wp-content\/uploads\/2018\/08\/flowserve-naf-logo-white-retina.png\",\"contentUrl\":\"https:\/\/nafse24.hamlet2.hamrenmedia.se\/wp-content\/uploads\/2018\/08\/flowserve-naf-logo-white-retina.png\",\"width\":275,\"height\":146,\"caption\":\"NAF Control Valves\"},\"image\":{\"@id\":\"https:\/\/nafse24.hamlet2.hamrenmedia.se\/#\/schema\/logo\/image\/\"}}]}<\/script>\n<!-- \/ Yoast SEO plugin. -->","yoast_head_json":{"title":"Kemisk Massaframst\u00e4llning | NAF Control Valves","description":"Flowserve NAF har en unik bredd av vridande regler-, on\/off- och manuella ventiler f\u00f6r n\u00e4stan alla applikationer inom massa- och pappersindustrin.","robots":{"index":"noindex","follow":"follow","max-snippet":"max-snippet:-1","max-image-preview":"max-image-preview:large","max-video-preview":"max-video-preview:-1"},"og_locale":"sv_SE","og_type":"article","og_title":"Kemisk Massaframst\u00e4llning | NAF Control Valves","og_description":"Flowserve NAF har en unik bredd av vridande regler-, on\/off- och manuella ventiler f\u00f6r n\u00e4stan alla applikationer inom massa- och pappersindustrin.","og_url":"https:\/\/nafse24.hamlet2.hamrenmedia.se\/sv\/applikationer\/kemisk-massaframstallning\/","og_site_name":"NAF Control Valves","article_modified_time":"2018-06-07T11:52:13+00:00","og_image":[{"width":1000,"height":600,"url":"https:\/\/nafse24.hamlet2.hamrenmedia.se\/wp-content\/uploads\/2018\/01\/Slide-1-e1516866759513.jpg","type":"image\/jpeg"}],"twitter_card":"summary_large_image","twitter_misc":{"Ber\u00e4knad l\u00e4stid":"5 minuter"},"schema":{"@context":"https:\/\/schema.org","@graph":[{"@type":"WebPage","@id":"https:\/\/nafse24.hamlet2.hamrenmedia.se\/sv\/applikationer\/kemisk-massaframstallning\/","url":"https:\/\/nafse24.hamlet2.hamrenmedia.se\/sv\/applikationer\/kemisk-massaframstallning\/","name":"Kemisk Massaframst\u00e4llning | NAF Control Valves","isPartOf":{"@id":"https:\/\/nafse24.hamlet2.hamrenmedia.se\/#website"},"datePublished":"2017-11-20T09:34:41+00:00","dateModified":"2018-06-07T11:52:13+00:00","description":"Flowserve NAF har en unik bredd av vridande regler-, on\/off- och manuella ventiler f\u00f6r n\u00e4stan alla applikationer inom massa- och pappersindustrin.","breadcrumb":{"@id":"https:\/\/nafse24.hamlet2.hamrenmedia.se\/sv\/applikationer\/kemisk-massaframstallning\/#breadcrumb"},"inLanguage":"sv-SE","potentialAction":[{"@type":"ReadAction","target":["https:\/\/nafse24.hamlet2.hamrenmedia.se\/sv\/applikationer\/kemisk-massaframstallning\/"]}]},{"@type":"BreadcrumbList","@id":"https:\/\/nafse24.hamlet2.hamrenmedia.se\/sv\/applikationer\/kemisk-massaframstallning\/#breadcrumb","itemListElement":[{"@type":"ListItem","position":1,"name":"Hem","item":"https:\/\/nafse24.hamlet2.hamrenmedia.se\/sv\/"},{"@type":"ListItem","position":2,"name":"Applikationer","item":"https:\/\/nafse24.hamlet2.hamrenmedia.se\/sv\/applikationer\/"},{"@type":"ListItem","position":3,"name":"Kemisk Massaframst\u00e4llning"}]},{"@type":"WebSite","@id":"https:\/\/nafse24.hamlet2.hamrenmedia.se\/#website","url":"https:\/\/nafse24.hamlet2.hamrenmedia.se\/","name":"NAF Control Valves","description":"","publisher":{"@id":"https:\/\/nafse24.hamlet2.hamrenmedia.se\/#organization"},"potentialAction":[{"@type":"SearchAction","target":{"@type":"EntryPoint","urlTemplate":"https:\/\/nafse24.hamlet2.hamrenmedia.se\/?s={search_term_string}"},"query-input":"required name=search_term_string"}],"inLanguage":"sv-SE"},{"@type":"Organization","@id":"https:\/\/nafse24.hamlet2.hamrenmedia.se\/#organization","name":"NAF Control Valves","url":"https:\/\/nafse24.hamlet2.hamrenmedia.se\/","logo":{"@type":"ImageObject","inLanguage":"sv-SE","@id":"https:\/\/nafse24.hamlet2.hamrenmedia.se\/#\/schema\/logo\/image\/","url":"https:\/\/nafse24.hamlet2.hamrenmedia.se\/wp-content\/uploads\/2018\/08\/flowserve-naf-logo-white-retina.png","contentUrl":"https:\/\/nafse24.hamlet2.hamrenmedia.se\/wp-content\/uploads\/2018\/08\/flowserve-naf-logo-white-retina.png","width":275,"height":146,"caption":"NAF Control Valves"},"image":{"@id":"https:\/\/nafse24.hamlet2.hamrenmedia.se\/#\/schema\/logo\/image\/"}}]}},"_links":{"self":[{"href":"https:\/\/nafse24.hamlet2.hamrenmedia.se\/sv\/wp-json\/wp\/v2\/pages\/533"}],"collection":[{"href":"https:\/\/nafse24.hamlet2.hamrenmedia.se\/sv\/wp-json\/wp\/v2\/pages"}],"about":[{"href":"https:\/\/nafse24.hamlet2.hamrenmedia.se\/sv\/wp-json\/wp\/v2\/types\/page"}],"author":[{"embeddable":true,"href":"https:\/\/nafse24.hamlet2.hamrenmedia.se\/sv\/wp-json\/wp\/v2\/users\/1"}],"replies":[{"embeddable":true,"href":"https:\/\/nafse24.hamlet2.hamrenmedia.se\/sv\/wp-json\/wp\/v2\/comments?post=533"}],"version-history":[{"count":2,"href":"https:\/\/nafse24.hamlet2.hamrenmedia.se\/sv\/wp-json\/wp\/v2\/pages\/533\/revisions"}],"predecessor-version":[{"id":2023,"href":"https:\/\/nafse24.hamlet2.hamrenmedia.se\/sv\/wp-json\/wp\/v2\/pages\/533\/revisions\/2023"}],"up":[{"embeddable":true,"href":"https:\/\/nafse24.hamlet2.hamrenmedia.se\/sv\/wp-json\/wp\/v2\/pages\/529"}],"wp:featuredmedia":[{"embeddable":true,"href":"https:\/\/nafse24.hamlet2.hamrenmedia.se\/sv\/wp-json\/wp\/v2\/media\/618"}],"wp:attachment":[{"href":"https:\/\/nafse24.hamlet2.hamrenmedia.se\/sv\/wp-json\/wp\/v2\/media?parent=533"}],"curies":[{"name":"wp","href":"https:\/\/api.w.org\/{rel}","templated":true}]}}