{"id":529,"date":"2017-11-20T10:33:42","date_gmt":"2017-11-20T09:33:42","guid":{"rendered":"http:\/\/naf.se\/?page_id=529"},"modified":"2018-06-08T08:57:06","modified_gmt":"2018-06-08T06:57:06","slug":"applikationer","status":"publish","type":"page","link":"https:\/\/nafse24.hamlet2.hamrenmedia.se\/sv\/applikationer\/","title":{"rendered":"Applikationer"},"content":{"rendered":"<p><div class=\"fusion-fullwidth fullwidth-box fusion-builder-row-1 nonhundred-percent-fullwidth non-hundred-percent-height-scrolling\" style=\"--awb-border-radius-top-left:0px;--awb-border-radius-top-right:0px;--awb-border-radius-bottom-right:0px;--awb-border-radius-bottom-left:0px;--awb-flex-wrap:wrap;\" ><div class=\"fusion-builder-row fusion-row\"><div class=\"fusion-layout-column fusion_builder_column fusion-builder-column-0 fusion_builder_column_1_1 1_1 fusion-one-full fusion-column-first fusion-column-last\" style=\"--awb-bg-size:cover;\"><div class=\"fusion-column-wrapper fusion-flex-column-wrapper-legacy\"><div class=\"fusion-title title fusion-title-1 fusion-sep-none fusion-title-text fusion-title-size-one\"><h1 class=\"fusion-title-heading title-heading-left\" style=\"margin:0;\">Applikationer<\/h1><\/div><div class=\"fusion-clearfix\"><\/div><\/div><\/div><\/div><\/div><div class=\"fusion-fullwidth fullwidth-box fusion-builder-row-2 nonhundred-percent-fullwidth non-hundred-percent-height-scrolling\" style=\"--awb-border-radius-top-left:0px;--awb-border-radius-top-right:0px;--awb-border-radius-bottom-right:0px;--awb-border-radius-bottom-left:0px;--awb-flex-wrap:wrap;\" ><div class=\"fusion-builder-row fusion-row\"><div class=\"fusion-layout-column fusion_builder_column fusion-builder-column-1 fusion_builder_column_1_1 1_1 fusion-one-full fusion-column-first fusion-column-last\" style=\"--awb-bg-size:cover;\"><div class=\"fusion-column-wrapper fusion-flex-column-wrapper-legacy\">\t<div class=\"articles-wrapper children clearfix\">\n   \t\t\n\t\t<a href=\"https:\/\/nafse24.hamlet2.hamrenmedia.se\/sv\/?post_type=page&p=533\" class=\"article \" style=\"background-image: url(https:\/\/nafse24.hamlet2.hamrenmedia.se\/wp-content\/uploads\/2018\/01\/Slide-1-e1516866759513.jpg)\">\n\t\t\t<div class=\"article-inner\">\n\t\t\t\t<span class=\"entry-title\">Kemisk Massaframst\u00e4llning<\/span>\n\t\t\t\t\t\t\t<\/div>\n\t\t<\/a>\n\t\t\t\n\t\t<a href=\"https:\/\/nafse24.hamlet2.hamrenmedia.se\/sv\/?post_type=page&p=537\" class=\"article \" style=\"background-image: url(https:\/\/nafse24.hamlet2.hamrenmedia.se\/wp-content\/uploads\/2018\/01\/Slide-2-e1516866784122.jpg)\">\n\t\t\t<div class=\"article-inner\">\n\t\t\t\t<span class=\"entry-title\">Fiberlinjen<\/span>\n\t\t\t\t\t\t\t<\/div>\n\t\t<\/a>\n\t\t\t\n\t\t<a href=\"https:\/\/nafse24.hamlet2.hamrenmedia.se\/sv\/?post_type=page&p=544\" class=\"article \" style=\"background-image: url(https:\/\/nafse24.hamlet2.hamrenmedia.se\/wp-content\/uploads\/2018\/06\/Kokeri-1.jpg)\">\n\t\t\t<div class=\"article-inner\">\n\t\t\t\t<span class=\"entry-title\">Kokeri<\/span>\n\t\t\t\t\t\t\t<\/div>\n\t\t<\/a>\n\t\t\t\n\t\t<a href=\"https:\/\/nafse24.hamlet2.hamrenmedia.se\/sv\/?post_type=page&p=566\" class=\"article \" style=\"background-image: url(https:\/\/nafse24.hamlet2.hamrenmedia.se\/wp-content\/uploads\/2018\/05\/Kokeri-Satsvis-kokare-1.jpg)\">\n\t\t\t<div class=\"article-inner\">\n\t\t\t\t<span class=\"entry-title\">Satsvis kokare<\/span>\n\t\t\t\t\t\t\t<\/div>\n\t\t<\/a>\n\t\t\t\n\t\t<a href=\"https:\/\/nafse24.hamlet2.hamrenmedia.se\/sv\/?post_type=page&p=563\" class=\"article \" style=\"background-image: url(https:\/\/nafse24.hamlet2.hamrenmedia.se\/wp-content\/uploads\/2018\/05\/Kontinuerlig-kokare.jpg)\">\n\t\t\t<div class=\"article-inner\">\n\t\t\t\t<span class=\"entry-title\">Kontinuerlig kokare<\/span>\n\t\t\t\t\t\t\t<\/div>\n\t\t<\/a>\n\t\t\t\n\t\t<a href=\"https:\/\/nafse24.hamlet2.hamrenmedia.se\/sv\/?post_type=page&p=540\" class=\"article \" style=\"background-image: url(https:\/\/nafse24.hamlet2.hamrenmedia.se\/wp-content\/uploads\/2018\/05\/Tv\u00e4ttning-och-Sileri.jpg)\">\n\t\t\t<div class=\"article-inner\">\n\t\t\t\t<span class=\"entry-title\">Tv\u00e4ttning och Sileri<\/span>\n\t\t\t\t\t\t\t<\/div>\n\t\t<\/a>\n\t\t\t\n\t\t<a href=\"https:\/\/nafse24.hamlet2.hamrenmedia.se\/sv\/?post_type=page&p=542\" class=\"article \" style=\"background-image: url(https:\/\/nafse24.hamlet2.hamrenmedia.se\/wp-content\/uploads\/2018\/05\/Syrgasdelignifiering-och-Blekeri-1.jpg)\">\n\t\t\t<div class=\"article-inner\">\n\t\t\t\t<span class=\"entry-title\">Syrgasdelignifiering och Blekeri<\/span>\n\t\t\t\t\t\t\t<\/div>\n\t\t<\/a>\n\t\t\t\n\t\t<a href=\"https:\/\/nafse24.hamlet2.hamrenmedia.se\/sv\/?post_type=page&p=535\" class=\"article \" style=\"background-image: url(https:\/\/nafse24.hamlet2.hamrenmedia.se\/wp-content\/uploads\/2018\/01\/Slide-8-e1516866775628.jpg)\">\n\t\t\t<div class=\"article-inner\">\n\t\t\t\t<span class=\"entry-title\">Kemikalie\u00e5tervinning och Energiproduktion<\/span>\n\t\t\t\t\t\t\t<\/div>\n\t\t<\/a>\n\t\t\t\n\t\t<a href=\"https:\/\/nafse24.hamlet2.hamrenmedia.se\/sv\/?post_type=page&p=648\" class=\"article \" style=\"background-image: url(https:\/\/nafse24.hamlet2.hamrenmedia.se\/wp-content\/uploads\/2018\/05\/Indunstning.jpg)\">\n\t\t\t<div class=\"article-inner\">\n\t\t\t\t<span class=\"entry-title\">Indunstning<\/span>\n\t\t\t\t\t\t\t<\/div>\n\t\t<\/a>\n\t\t\t\n\t\t<a href=\"https:\/\/nafse24.hamlet2.hamrenmedia.se\/sv\/?post_type=page&p=650\" class=\"article \" style=\"background-image: url(https:\/\/nafse24.hamlet2.hamrenmedia.se\/wp-content\/uploads\/2018\/05\/Sodapanna.jpg)\">\n\t\t\t<div class=\"article-inner\">\n\t\t\t\t<span class=\"entry-title\">Sodapanna<\/span>\n\t\t\t\t\t\t\t<\/div>\n\t\t<\/a>\n\t\t\t\n\t\t<a href=\"https:\/\/nafse24.hamlet2.hamrenmedia.se\/sv\/?post_type=page&p=652\" class=\"article \" style=\"background-image: url(https:\/\/nafse24.hamlet2.hamrenmedia.se\/wp-content\/uploads\/2018\/05\/Vitlutspreparering-1.jpg)\">\n\t\t\t<div class=\"article-inner\">\n\t\t\t\t<span class=\"entry-title\">Vitlutframst\u00e4llning<\/span>\n\t\t\t\t\t\t\t<\/div>\n\t\t<\/a>\n\t\t<\/div>\n<div class=\"fusion-clearfix\"><\/div><\/div><\/div><\/div><\/div><\/p>\n","protected":false},"excerpt":{"rendered":"","protected":false},"author":1,"featured_media":0,"parent":0,"menu_order":0,"comment_status":"closed","ping_status":"closed","template":"templates\/undersidor.php","meta":{"footnotes":""},"acf":[],"yoast_head":"<!-- This site is optimized with the Yoast SEO plugin v21.0 - https:\/\/yoast.com\/wordpress\/plugins\/seo\/ -->\n<title>Applikationer | NAF Control Valves<\/title>\n<meta name=\"description\" content=\"NAF \u00e4r specialisten p\u00e5 90-graders ventiler \u2013 h\u00f6gpresterande, underh\u00e5llsfria och intelligenta reglerventilspaket med direktmontage, d\u00e4r alla delar \u00e4r moduluppbyggda och konstruerade f\u00f6r att prestera optimalt tillsammans.\" \/>\n<meta name=\"robots\" content=\"noindex, follow, max-snippet:-1, max-image-preview:large, max-video-preview:-1\" \/>\n<meta property=\"og:locale\" content=\"sv_SE\" \/>\n<meta property=\"og:type\" content=\"article\" \/>\n<meta property=\"og:title\" content=\"Applikationer | NAF Control Valves\" \/>\n<meta property=\"og:description\" content=\"NAF \u00e4r specialisten p\u00e5 90-graders ventiler \u2013 h\u00f6gpresterande, underh\u00e5llsfria och intelligenta reglerventilspaket med direktmontage, d\u00e4r alla delar \u00e4r moduluppbyggda och konstruerade f\u00f6r att prestera optimalt tillsammans.\" \/>\n<meta property=\"og:url\" content=\"https:\/\/nafse24.hamlet2.hamrenmedia.se\/sv\/applikationer\/\" \/>\n<meta property=\"og:site_name\" content=\"NAF Control Valves\" \/>\n<meta property=\"article:modified_time\" content=\"2018-06-08T06:57:06+00:00\" \/>\n<meta name=\"twitter:card\" content=\"summary_large_image\" \/>\n<meta name=\"twitter:label1\" content=\"Ber\u00e4knad l\u00e4stid\" \/>\n\t<meta name=\"twitter:data1\" content=\"2 minuter\" \/>\n<script type=\"application\/ld+json\" class=\"yoast-schema-graph\">{\"@context\":\"https:\/\/schema.org\",\"@graph\":[{\"@type\":\"WebPage\",\"@id\":\"https:\/\/nafse24.hamlet2.hamrenmedia.se\/sv\/applikationer\/\",\"url\":\"https:\/\/nafse24.hamlet2.hamrenmedia.se\/sv\/applikationer\/\",\"name\":\"Applikationer | NAF Control Valves\",\"isPartOf\":{\"@id\":\"https:\/\/nafse24.hamlet2.hamrenmedia.se\/#website\"},\"datePublished\":\"2017-11-20T09:33:42+00:00\",\"dateModified\":\"2018-06-08T06:57:06+00:00\",\"description\":\"NAF \u00e4r specialisten p\u00e5 90-graders ventiler \u2013 h\u00f6gpresterande, underh\u00e5llsfria och intelligenta reglerventilspaket med direktmontage, d\u00e4r alla delar \u00e4r moduluppbyggda och konstruerade f\u00f6r att prestera optimalt tillsammans.\",\"breadcrumb\":{\"@id\":\"https:\/\/nafse24.hamlet2.hamrenmedia.se\/sv\/applikationer\/#breadcrumb\"},\"inLanguage\":\"sv-SE\",\"potentialAction\":[{\"@type\":\"ReadAction\",\"target\":[\"https:\/\/nafse24.hamlet2.hamrenmedia.se\/sv\/applikationer\/\"]}]},{\"@type\":\"BreadcrumbList\",\"@id\":\"https:\/\/nafse24.hamlet2.hamrenmedia.se\/sv\/applikationer\/#breadcrumb\",\"itemListElement\":[{\"@type\":\"ListItem\",\"position\":1,\"name\":\"Hem\",\"item\":\"https:\/\/nafse24.hamlet2.hamrenmedia.se\/sv\/\"},{\"@type\":\"ListItem\",\"position\":2,\"name\":\"Applikationer\"}]},{\"@type\":\"WebSite\",\"@id\":\"https:\/\/nafse24.hamlet2.hamrenmedia.se\/#website\",\"url\":\"https:\/\/nafse24.hamlet2.hamrenmedia.se\/\",\"name\":\"NAF Control Valves\",\"description\":\"\",\"publisher\":{\"@id\":\"https:\/\/nafse24.hamlet2.hamrenmedia.se\/#organization\"},\"potentialAction\":[{\"@type\":\"SearchAction\",\"target\":{\"@type\":\"EntryPoint\",\"urlTemplate\":\"https:\/\/nafse24.hamlet2.hamrenmedia.se\/?s={search_term_string}\"},\"query-input\":\"required name=search_term_string\"}],\"inLanguage\":\"sv-SE\"},{\"@type\":\"Organization\",\"@id\":\"https:\/\/nafse24.hamlet2.hamrenmedia.se\/#organization\",\"name\":\"NAF Control Valves\",\"url\":\"https:\/\/nafse24.hamlet2.hamrenmedia.se\/\",\"logo\":{\"@type\":\"ImageObject\",\"inLanguage\":\"sv-SE\",\"@id\":\"https:\/\/nafse24.hamlet2.hamrenmedia.se\/#\/schema\/logo\/image\/\",\"url\":\"https:\/\/nafse24.hamlet2.hamrenmedia.se\/wp-content\/uploads\/2018\/08\/flowserve-naf-logo-white-retina.png\",\"contentUrl\":\"https:\/\/nafse24.hamlet2.hamrenmedia.se\/wp-content\/uploads\/2018\/08\/flowserve-naf-logo-white-retina.png\",\"width\":275,\"height\":146,\"caption\":\"NAF Control Valves\"},\"image\":{\"@id\":\"https:\/\/nafse24.hamlet2.hamrenmedia.se\/#\/schema\/logo\/image\/\"}}]}<\/script>\n<!-- \/ Yoast SEO plugin. -->","yoast_head_json":{"title":"Applikationer | NAF Control Valves","description":"NAF \u00e4r specialisten p\u00e5 90-graders ventiler \u2013 h\u00f6gpresterande, underh\u00e5llsfria och intelligenta reglerventilspaket med direktmontage, d\u00e4r alla delar \u00e4r moduluppbyggda och konstruerade f\u00f6r att prestera optimalt tillsammans.","robots":{"index":"noindex","follow":"follow","max-snippet":"max-snippet:-1","max-image-preview":"max-image-preview:large","max-video-preview":"max-video-preview:-1"},"og_locale":"sv_SE","og_type":"article","og_title":"Applikationer | NAF Control Valves","og_description":"NAF \u00e4r specialisten p\u00e5 90-graders ventiler \u2013 h\u00f6gpresterande, underh\u00e5llsfria och intelligenta reglerventilspaket med direktmontage, d\u00e4r alla delar \u00e4r moduluppbyggda och konstruerade f\u00f6r att prestera optimalt tillsammans.","og_url":"https:\/\/nafse24.hamlet2.hamrenmedia.se\/sv\/applikationer\/","og_site_name":"NAF Control Valves","article_modified_time":"2018-06-08T06:57:06+00:00","twitter_card":"summary_large_image","twitter_misc":{"Ber\u00e4knad l\u00e4stid":"2 minuter"},"schema":{"@context":"https:\/\/schema.org","@graph":[{"@type":"WebPage","@id":"https:\/\/nafse24.hamlet2.hamrenmedia.se\/sv\/applikationer\/","url":"https:\/\/nafse24.hamlet2.hamrenmedia.se\/sv\/applikationer\/","name":"Applikationer | NAF Control Valves","isPartOf":{"@id":"https:\/\/nafse24.hamlet2.hamrenmedia.se\/#website"},"datePublished":"2017-11-20T09:33:42+00:00","dateModified":"2018-06-08T06:57:06+00:00","description":"NAF \u00e4r specialisten p\u00e5 90-graders ventiler \u2013 h\u00f6gpresterande, underh\u00e5llsfria och intelligenta reglerventilspaket med direktmontage, d\u00e4r alla delar \u00e4r moduluppbyggda och konstruerade f\u00f6r att prestera optimalt tillsammans.","breadcrumb":{"@id":"https:\/\/nafse24.hamlet2.hamrenmedia.se\/sv\/applikationer\/#breadcrumb"},"inLanguage":"sv-SE","potentialAction":[{"@type":"ReadAction","target":["https:\/\/nafse24.hamlet2.hamrenmedia.se\/sv\/applikationer\/"]}]},{"@type":"BreadcrumbList","@id":"https:\/\/nafse24.hamlet2.hamrenmedia.se\/sv\/applikationer\/#breadcrumb","itemListElement":[{"@type":"ListItem","position":1,"name":"Hem","item":"https:\/\/nafse24.hamlet2.hamrenmedia.se\/sv\/"},{"@type":"ListItem","position":2,"name":"Applikationer"}]},{"@type":"WebSite","@id":"https:\/\/nafse24.hamlet2.hamrenmedia.se\/#website","url":"https:\/\/nafse24.hamlet2.hamrenmedia.se\/","name":"NAF Control Valves","description":"","publisher":{"@id":"https:\/\/nafse24.hamlet2.hamrenmedia.se\/#organization"},"potentialAction":[{"@type":"SearchAction","target":{"@type":"EntryPoint","urlTemplate":"https:\/\/nafse24.hamlet2.hamrenmedia.se\/?s={search_term_string}"},"query-input":"required name=search_term_string"}],"inLanguage":"sv-SE"},{"@type":"Organization","@id":"https:\/\/nafse24.hamlet2.hamrenmedia.se\/#organization","name":"NAF Control Valves","url":"https:\/\/nafse24.hamlet2.hamrenmedia.se\/","logo":{"@type":"ImageObject","inLanguage":"sv-SE","@id":"https:\/\/nafse24.hamlet2.hamrenmedia.se\/#\/schema\/logo\/image\/","url":"https:\/\/nafse24.hamlet2.hamrenmedia.se\/wp-content\/uploads\/2018\/08\/flowserve-naf-logo-white-retina.png","contentUrl":"https:\/\/nafse24.hamlet2.hamrenmedia.se\/wp-content\/uploads\/2018\/08\/flowserve-naf-logo-white-retina.png","width":275,"height":146,"caption":"NAF Control Valves"},"image":{"@id":"https:\/\/nafse24.hamlet2.hamrenmedia.se\/#\/schema\/logo\/image\/"}}]}},"_links":{"self":[{"href":"https:\/\/nafse24.hamlet2.hamrenmedia.se\/sv\/wp-json\/wp\/v2\/pages\/529"}],"collection":[{"href":"https:\/\/nafse24.hamlet2.hamrenmedia.se\/sv\/wp-json\/wp\/v2\/pages"}],"about":[{"href":"https:\/\/nafse24.hamlet2.hamrenmedia.se\/sv\/wp-json\/wp\/v2\/types\/page"}],"author":[{"embeddable":true,"href":"https:\/\/nafse24.hamlet2.hamrenmedia.se\/sv\/wp-json\/wp\/v2\/users\/1"}],"replies":[{"embeddable":true,"href":"https:\/\/nafse24.hamlet2.hamrenmedia.se\/sv\/wp-json\/wp\/v2\/comments?post=529"}],"version-history":[{"count":2,"href":"https:\/\/nafse24.hamlet2.hamrenmedia.se\/sv\/wp-json\/wp\/v2\/pages\/529\/revisions"}],"predecessor-version":[{"id":3152,"href":"https:\/\/nafse24.hamlet2.hamrenmedia.se\/sv\/wp-json\/wp\/v2\/pages\/529\/revisions\/3152"}],"wp:attachment":[{"href":"https:\/\/nafse24.hamlet2.hamrenmedia.se\/sv\/wp-json\/wp\/v2\/media?parent=529"}],"curies":[{"name":"wp","href":"https:\/\/api.w.org\/{rel}","templated":true}]}}