{"id":3077,"date":"2018-05-31T15:32:45","date_gmt":"2018-05-31T13:32:45","guid":{"rendered":"http:\/\/naf.se\/?page_id=3077"},"modified":"2018-06-07T13:48:10","modified_gmt":"2018-06-07T11:48:10","slug":"cookies","status":"publish","type":"page","link":"https:\/\/nafse24.hamlet2.hamrenmedia.se\/sv\/cookies\/","title":{"rendered":"Cookies"},"content":{"rendered":"<div class=\"fusion-fullwidth fullwidth-box fusion-builder-row-1 nonhundred-percent-fullwidth non-hundred-percent-height-scrolling\" style=\"--awb-border-radius-top-left:0px;--awb-border-radius-top-right:0px;--awb-border-radius-bottom-right:0px;--awb-border-radius-bottom-left:0px;--awb-flex-wrap:wrap;\" ><div class=\"fusion-builder-row fusion-row\"><div class=\"fusion-layout-column fusion_builder_column fusion-builder-column-0 fusion_builder_column_1_1 1_1 fusion-one-full fusion-column-first fusion-column-last\" style=\"--awb-bg-size:cover;--awb-margin-bottom:0px;\"><div class=\"fusion-column-wrapper fusion-flex-column-wrapper-legacy\"><div class=\"fusion-text fusion-text-1\"><h1>Cookies<\/h1>\n<p>F\u00f6r att f\u00e5 den h\u00e4r webbplatsen att fungera ordentligt anv\u00e4nder vi oss av cookies. Cookies \u00e4r sm\u00e5 textfiler som lagras i din dator. Ofta handlar det om s\u00e4rskild information, s\u00e5 som f\u00f6rvalda spr\u00e5kinst\u00e4llningar, som tack vare cookies snabbt kan \u00e5terl\u00e4sas n\u00e4sta g\u00e5ng du bes\u00f6ker v\u00e5r hemsida (beroende p\u00e5 cookiens livsl\u00e4ngd).<\/p>\n<h2>N\u00f6dv\u00e4ndiga cookies<\/h2>\n<p>N\u00f6dv\u00e4ndiga cookies beh\u00f6vs f\u00f6r att du ska kunna anv\u00e4nda v\u00e5r webbplats p\u00e5 ett optimalt s\u00e4tt. Dessa raderas n\u00e4r du st\u00e4nger din webbl\u00e4sare. De n\u00f6dv\u00e4ndiga cookies vi anv\u00e4nder p\u00e5 v\u00e5r webbplats \u00e4r:<\/p>\n<h3>Inst\u00e4llningar f\u00f6r cookies<\/h3>\n<p>F\u00f6r att du ska slippa g\u00f6ra inst\u00e4llningen f\u00f6r cookies varje g\u00e5ng du bes\u00f6ker v\u00e5r webbplats, sparar vi dina preferenser i en cookie. Ingen \u00f6vrig information om dig sparas i denna cookie.<\/p>\n<h3>Inst\u00e4llningar f\u00f6r spr\u00e5k<\/h3>\n<p>F\u00f6r att du ska se r\u00e4tt spr\u00e5kversion av v\u00e5r webbplats beh\u00f6ver vi spara information om dina spr\u00e5kinst\u00e4llningar som en cookie.<\/p>\n<h2>Funktionella cookies<\/h2>\n<p>Cookies som anv\u00e4nds f\u00f6r webbanalys kan spara information om ditt anv\u00e4ndande av webbplatsen. Denna data \u00e4r anonym, och anv\u00e4nds f\u00f6r att vi ska kunna m\u00e4ta prestanda f\u00f6r att f\u00f6rb\u00e4ttra din upplevelse. De cookies f\u00f6r webbanalys som anv\u00e4nds p\u00e5 v\u00e5r webbplats \u00e4r:<\/p>\n<h3>Google analytics<\/h3>\n<p>Webbplatsen anv\u00e4nder Google Analytics, vilket \u00e4r en tj\u00e4nst f\u00f6r webbanalys tillhandah\u00e5llen av Google Inc., 1600 Amphitheatre Parkway, Mountain View, CA 94043, United States (\u201cGoogle\u201d).<\/p>\n<p>Om du godk\u00e4nner att cookies lagras kommer Google att samla information om hur du anv\u00e4nder webbplatsen, i form av till exempel vilka sidor du bes\u00f6kt, vilka spr\u00e5kinst\u00e4llningar du har, ditt operativsystem m.m. Datan som samlas in \u00e4r anonym f\u00f6r oss och anv\u00e4nds enbart i statistiskt syfte.<\/p>\n<h2>Hur kan du kontrollera cookies?<\/h2>\n<h3>P\u00e5 v\u00e5r webbplats<\/h3>\n<p>Du kan n\u00e4r som helst \u00e4ndra dina cookies-preferenser genom att trycka p\u00e5 fliken &#8221;cookies&#8221;, l\u00e4ngst ner till h\u00f6ger p\u00e5 sidan. G\u00f6r dina val och tryck p\u00e5 krysset, s\u00e5 sparas dina \u00e4ndringar.<\/p>\n<h3>Generellt<\/h3>\n<p>Du kan sj\u00e4lv kontrollera och radera cookies precis som du vill. L\u00e4s mer om detta p\u00e5 <a href=\"http:\/\/www.aboutcookies.org\/\">aboutcookies.org<\/a>.\u00a0 Du kan ta bort alla cookies som finns p\u00e5 din dator och du kan st\u00e4lla in webbl\u00e4saren s\u00e5 att den inte tar emot n\u00e5gra cookies. I s\u00e5 fall m\u00e5ste du eventuellt g\u00f6ra om vissa inst\u00e4llningar varje g\u00e5ng du g\u00e5r in p\u00e5 en webbplats och vissa tj\u00e4nster och funktioner kanske inte fungerar.<\/p>\n<\/div><div class=\"fusion-clearfix\"><\/div><\/div><\/div><\/div><\/div>\n","protected":false},"excerpt":{"rendered":"","protected":false},"author":1,"featured_media":0,"parent":0,"menu_order":4,"comment_status":"closed","ping_status":"closed","template":"templates\/undersidor.php","meta":{"footnotes":""},"acf":[],"yoast_head":"<!-- This site is optimized with the Yoast SEO plugin v21.0 - https:\/\/yoast.com\/wordpress\/plugins\/seo\/ -->\n<title>Cookies | NAF Control Valves<\/title>\n<meta name=\"robots\" content=\"noindex, follow, max-snippet:-1, max-image-preview:large, max-video-preview:-1\" \/>\n<meta property=\"og:locale\" content=\"sv_SE\" \/>\n<meta property=\"og:type\" content=\"article\" \/>\n<meta property=\"og:title\" content=\"Cookies | NAF Control Valves\" \/>\n<meta property=\"og:url\" content=\"https:\/\/nafse24.hamlet2.hamrenmedia.se\/sv\/cookies\/\" \/>\n<meta property=\"og:site_name\" content=\"NAF Control Valves\" \/>\n<meta property=\"article:modified_time\" content=\"2018-06-07T11:48:10+00:00\" \/>\n<meta name=\"twitter:card\" content=\"summary_large_image\" \/>\n<meta name=\"twitter:label1\" content=\"Ber\u00e4knad l\u00e4stid\" \/>\n\t<meta name=\"twitter:data1\" content=\"3 minuter\" \/>\n<script type=\"application\/ld+json\" class=\"yoast-schema-graph\">{\"@context\":\"https:\/\/schema.org\",\"@graph\":[{\"@type\":\"WebPage\",\"@id\":\"https:\/\/nafse24.hamlet2.hamrenmedia.se\/sv\/cookies\/\",\"url\":\"https:\/\/nafse24.hamlet2.hamrenmedia.se\/sv\/cookies\/\",\"name\":\"Cookies | NAF Control Valves\",\"isPartOf\":{\"@id\":\"https:\/\/nafse24.hamlet2.hamrenmedia.se\/#website\"},\"datePublished\":\"2018-05-31T13:32:45+00:00\",\"dateModified\":\"2018-06-07T11:48:10+00:00\",\"breadcrumb\":{\"@id\":\"https:\/\/nafse24.hamlet2.hamrenmedia.se\/sv\/cookies\/#breadcrumb\"},\"inLanguage\":\"sv-SE\",\"potentialAction\":[{\"@type\":\"ReadAction\",\"target\":[\"https:\/\/nafse24.hamlet2.hamrenmedia.se\/sv\/cookies\/\"]}]},{\"@type\":\"BreadcrumbList\",\"@id\":\"https:\/\/nafse24.hamlet2.hamrenmedia.se\/sv\/cookies\/#breadcrumb\",\"itemListElement\":[{\"@type\":\"ListItem\",\"position\":1,\"name\":\"Hem\",\"item\":\"https:\/\/nafse24.hamlet2.hamrenmedia.se\/sv\/\"},{\"@type\":\"ListItem\",\"position\":2,\"name\":\"Cookies\"}]},{\"@type\":\"WebSite\",\"@id\":\"https:\/\/nafse24.hamlet2.hamrenmedia.se\/#website\",\"url\":\"https:\/\/nafse24.hamlet2.hamrenmedia.se\/\",\"name\":\"NAF Control Valves\",\"description\":\"\",\"publisher\":{\"@id\":\"https:\/\/nafse24.hamlet2.hamrenmedia.se\/#organization\"},\"potentialAction\":[{\"@type\":\"SearchAction\",\"target\":{\"@type\":\"EntryPoint\",\"urlTemplate\":\"https:\/\/nafse24.hamlet2.hamrenmedia.se\/?s={search_term_string}\"},\"query-input\":\"required name=search_term_string\"}],\"inLanguage\":\"sv-SE\"},{\"@type\":\"Organization\",\"@id\":\"https:\/\/nafse24.hamlet2.hamrenmedia.se\/#organization\",\"name\":\"NAF Control Valves\",\"url\":\"https:\/\/nafse24.hamlet2.hamrenmedia.se\/\",\"logo\":{\"@type\":\"ImageObject\",\"inLanguage\":\"sv-SE\",\"@id\":\"https:\/\/nafse24.hamlet2.hamrenmedia.se\/#\/schema\/logo\/image\/\",\"url\":\"https:\/\/nafse24.hamlet2.hamrenmedia.se\/wp-content\/uploads\/2018\/08\/flowserve-naf-logo-white-retina.png\",\"contentUrl\":\"https:\/\/nafse24.hamlet2.hamrenmedia.se\/wp-content\/uploads\/2018\/08\/flowserve-naf-logo-white-retina.png\",\"width\":275,\"height\":146,\"caption\":\"NAF Control Valves\"},\"image\":{\"@id\":\"https:\/\/nafse24.hamlet2.hamrenmedia.se\/#\/schema\/logo\/image\/\"}}]}<\/script>\n<!-- \/ Yoast SEO plugin. -->","yoast_head_json":{"title":"Cookies | NAF Control Valves","robots":{"index":"noindex","follow":"follow","max-snippet":"max-snippet:-1","max-image-preview":"max-image-preview:large","max-video-preview":"max-video-preview:-1"},"og_locale":"sv_SE","og_type":"article","og_title":"Cookies | NAF Control Valves","og_url":"https:\/\/nafse24.hamlet2.hamrenmedia.se\/sv\/cookies\/","og_site_name":"NAF Control Valves","article_modified_time":"2018-06-07T11:48:10+00:00","twitter_card":"summary_large_image","twitter_misc":{"Ber\u00e4knad l\u00e4stid":"3 minuter"},"schema":{"@context":"https:\/\/schema.org","@graph":[{"@type":"WebPage","@id":"https:\/\/nafse24.hamlet2.hamrenmedia.se\/sv\/cookies\/","url":"https:\/\/nafse24.hamlet2.hamrenmedia.se\/sv\/cookies\/","name":"Cookies | NAF Control Valves","isPartOf":{"@id":"https:\/\/nafse24.hamlet2.hamrenmedia.se\/#website"},"datePublished":"2018-05-31T13:32:45+00:00","dateModified":"2018-06-07T11:48:10+00:00","breadcrumb":{"@id":"https:\/\/nafse24.hamlet2.hamrenmedia.se\/sv\/cookies\/#breadcrumb"},"inLanguage":"sv-SE","potentialAction":[{"@type":"ReadAction","target":["https:\/\/nafse24.hamlet2.hamrenmedia.se\/sv\/cookies\/"]}]},{"@type":"BreadcrumbList","@id":"https:\/\/nafse24.hamlet2.hamrenmedia.se\/sv\/cookies\/#breadcrumb","itemListElement":[{"@type":"ListItem","position":1,"name":"Hem","item":"https:\/\/nafse24.hamlet2.hamrenmedia.se\/sv\/"},{"@type":"ListItem","position":2,"name":"Cookies"}]},{"@type":"WebSite","@id":"https:\/\/nafse24.hamlet2.hamrenmedia.se\/#website","url":"https:\/\/nafse24.hamlet2.hamrenmedia.se\/","name":"NAF Control Valves","description":"","publisher":{"@id":"https:\/\/nafse24.hamlet2.hamrenmedia.se\/#organization"},"potentialAction":[{"@type":"SearchAction","target":{"@type":"EntryPoint","urlTemplate":"https:\/\/nafse24.hamlet2.hamrenmedia.se\/?s={search_term_string}"},"query-input":"required name=search_term_string"}],"inLanguage":"sv-SE"},{"@type":"Organization","@id":"https:\/\/nafse24.hamlet2.hamrenmedia.se\/#organization","name":"NAF Control Valves","url":"https:\/\/nafse24.hamlet2.hamrenmedia.se\/","logo":{"@type":"ImageObject","inLanguage":"sv-SE","@id":"https:\/\/nafse24.hamlet2.hamrenmedia.se\/#\/schema\/logo\/image\/","url":"https:\/\/nafse24.hamlet2.hamrenmedia.se\/wp-content\/uploads\/2018\/08\/flowserve-naf-logo-white-retina.png","contentUrl":"https:\/\/nafse24.hamlet2.hamrenmedia.se\/wp-content\/uploads\/2018\/08\/flowserve-naf-logo-white-retina.png","width":275,"height":146,"caption":"NAF Control Valves"},"image":{"@id":"https:\/\/nafse24.hamlet2.hamrenmedia.se\/#\/schema\/logo\/image\/"}}]}},"_links":{"self":[{"href":"https:\/\/nafse24.hamlet2.hamrenmedia.se\/sv\/wp-json\/wp\/v2\/pages\/3077"}],"collection":[{"href":"https:\/\/nafse24.hamlet2.hamrenmedia.se\/sv\/wp-json\/wp\/v2\/pages"}],"about":[{"href":"https:\/\/nafse24.hamlet2.hamrenmedia.se\/sv\/wp-json\/wp\/v2\/types\/page"}],"author":[{"embeddable":true,"href":"https:\/\/nafse24.hamlet2.hamrenmedia.se\/sv\/wp-json\/wp\/v2\/users\/1"}],"replies":[{"embeddable":true,"href":"https:\/\/nafse24.hamlet2.hamrenmedia.se\/sv\/wp-json\/wp\/v2\/comments?post=3077"}],"version-history":[{"count":1,"href":"https:\/\/nafse24.hamlet2.hamrenmedia.se\/sv\/wp-json\/wp\/v2\/pages\/3077\/revisions"}],"predecessor-version":[{"id":3079,"href":"https:\/\/nafse24.hamlet2.hamrenmedia.se\/sv\/wp-json\/wp\/v2\/pages\/3077\/revisions\/3079"}],"wp:attachment":[{"href":"https:\/\/nafse24.hamlet2.hamrenmedia.se\/sv\/wp-json\/wp\/v2\/media?parent=3077"}],"curies":[{"name":"wp","href":"https:\/\/api.w.org\/{rel}","templated":true}]}}