{"id":170,"date":"2017-10-25T09:40:25","date_gmt":"2017-10-25T07:40:25","guid":{"rendered":"http:\/\/naf.se\/?page_id=170"},"modified":"2022-08-30T17:04:13","modified_gmt":"2022-08-30T15:04:13","slug":"kvalitet","status":"publish","type":"page","link":"https:\/\/nafse24.hamlet2.hamrenmedia.se\/sv\/om-naf\/kvalitet\/","title":{"rendered":"Kvalitet"},"content":{"rendered":"<p><div class=\"fusion-fullwidth fullwidth-box fusion-builder-row-1 nonhundred-percent-fullwidth non-hundred-percent-height-scrolling\" style=\"--awb-border-radius-top-left:0px;--awb-border-radius-top-right:0px;--awb-border-radius-bottom-right:0px;--awb-border-radius-bottom-left:0px;--awb-flex-wrap:wrap;\" ><div class=\"fusion-builder-row fusion-row\"><div class=\"fusion-layout-column fusion_builder_column fusion-builder-column-0 fusion_builder_column_1_1 1_1 fusion-one-full fusion-column-first fusion-column-last\" style=\"--awb-bg-size:cover;\"><div class=\"fusion-column-wrapper fusion-flex-column-wrapper-legacy\"><div class=\"fusion-title title fusion-title-1 fusion-sep-none fusion-title-text fusion-title-size-one\"><h1 class=\"fusion-title-heading title-heading-left\" style=\"margin:0;\">NAF st\u00e5r f\u00f6r kvalitet<\/h1><\/div><div class=\"fusion-text fusion-text-1\"><pre>N\u00f6jda kunder \u00e4r v\u00e5r syn p\u00e5 r\u00e4tt kvalitet. Oavsett om man pratar om kundservice, leveranss\u00e4kerhet eller produkterna i sig, s\u00e5 handlar allt om kvalitet.\u00a0F\u00f6r att s\u00e4kerst\u00e4lla att produkterna m\u00f6ter kundens krav och f\u00f6rv\u00e4ntningar reglerar vi v\u00e5ra formella kvalitetssystem mycket omsorgsfullt. De viktigaste best\u00e5ndsdelarna i v\u00e5r kvalitetsprocess \u00e4r:<\/pre>\n<\/div><div class=\"fusion-clearfix\"><\/div><\/div><\/div><\/div><\/div><div class=\"fusion-fullwidth fullwidth-box fusion-builder-row-2 section nonhundred-percent-fullwidth non-hundred-percent-height-scrolling fusion-equal-height-columns\" style=\"--awb-border-radius-top-left:0px;--awb-border-radius-top-right:0px;--awb-border-radius-bottom-right:0px;--awb-border-radius-bottom-left:0px;--awb-flex-wrap:wrap;\" ><div class=\"fusion-builder-row fusion-row\"><div class=\"fusion-layout-column fusion_builder_column fusion-builder-column-1 fusion_builder_column_1_2 1_2 fusion-one-half fusion-column-first\" style=\"--awb-bg-size:cover;width:50%;width:calc(50% - ( ( 4% ) * 0.5 ) );margin-right: 4%;\"><div class=\"fusion-column-wrapper fusion-flex-column-wrapper-legacy\"><div class=\"fusion-title title fusion-title-2 fusion-sep-none fusion-title-text fusion-title-size-two\"><h2 class=\"fusion-title-heading title-heading-left\" style=\"margin:0;\"><span class=\"Verdanarubrik\">ISO 9001-2015<\/span><\/h2><\/div><div class=\"fusion-text fusion-text-2\"><p>Beskriver v\u00e5rt \u00f6verordnade kvalitetssystem med h\u00e4nsyn till hur vi konstruerar, producerar och marknadsf\u00f6r v\u00e5ra ventiler. Vi \u00e4r ISO 9000-certifierade sedan 1994. Vi \u00e4r certifierade av Kiwa Inspecta.<\/p>\n<\/div><div class=\"fusion-title title fusion-title-3 fusion-sep-none fusion-title-text fusion-title-size-two\"><h2 class=\"fusion-title-heading title-heading-left\" style=\"margin:0;\"><span class=\"Verdanarubrik\">PED\/CE<\/span><\/h2><\/div><div class=\"fusion-text fusion-text-3\"><p>NAF var den f\u00f6rsta svenska tillverkaren av ventiler som blev certifierade f\u00f6r modul H och H1 (PED) 2002. Det betyder att vi har r\u00e4tten att CE-m\u00e4rka v\u00e5ra ventiler f\u00f6r de mest kr\u00e4vande applikationerna. Certifieringsorganet h\u00e4r \u00e4r Kiwa Inspecta.<\/p>\n<\/div><div class=\"fusion-title title fusion-title-4 fusion-sep-none fusion-title-text fusion-title-size-two\"><h2 class=\"fusion-title-heading title-heading-left\" style=\"margin:0;\"><span class=\"Verdanarubrik\">SS-EN ISO 3834-2<\/span><\/h2><\/div><div class=\"fusion-text fusion-text-4\"><p>F\u00f6r att garantera en optimal kvalitet i v\u00e5r svetsprocess har vi till fullo implementerat SS-EN ISO 3834-2 standarden. Systemet \u00e4r externt certifierat av Kiwa Inspecta.<\/p>\n<\/div><div class=\"fusion-clearfix\"><\/div><\/div><\/div><div class=\"fusion-layout-column fusion_builder_column fusion-builder-column-2 fusion_builder_column_1_2 1_2 fusion-one-half fusion-column-last image\" style=\"--awb-bg-image:url(&#039;https:\/\/nafse24.hamlet2.hamrenmedia.se\/wp-content\/uploads\/2022\/08\/Kvalitetsdokument-2022-3.jpg&#039;);--awb-bg-position:center center;--awb-bg-size:cover;width:50%;width:calc(50% - ( ( 4% ) * 0.5 ) );\"><div class=\"fusion-column-wrapper fusion-column-has-shadow fusion-flex-column-wrapper-legacy fusion-empty-column-bg-image fusion-column-has-bg-image\" data-bg-url=\"https:\/\/nafse24.hamlet2.hamrenmedia.se\/wp-content\/uploads\/2022\/08\/Kvalitetsdokument-2022-3.jpg\"><img class=\"fusion-empty-dims-img-placeholder fusion-no-large-visibility\" src=\"data:image\/svg+xml,%3Csvg%20xmlns%3D%27http%3A%2F%2Fwww.w3.org%2F2000%2Fsvg%27%20width%3D%27615%27%20height%3D%27540%27%20viewBox%3D%270%200%20615%20540%27%3E%3Crect%20width%3D%27615%27%20height%3D%27540%27%20fill-opacity%3D%220%22%2F%3E%3C%2Fsvg%3E\"><div class=\"fusion-clearfix\"><\/div><\/div><\/div><\/div><\/div><div class=\"fusion-fullwidth fullwidth-box fusion-builder-row-3 section nonhundred-percent-fullwidth non-hundred-percent-height-scrolling\" style=\"--awb-border-radius-top-left:0px;--awb-border-radius-top-right:0px;--awb-border-radius-bottom-right:0px;--awb-border-radius-bottom-left:0px;--awb-flex-wrap:wrap;\" ><div class=\"fusion-builder-row fusion-row\"><div class=\"fusion-layout-column fusion_builder_column fusion-builder-column-3 fusion_builder_column_1_1 1_1 fusion-one-full fusion-column-first fusion-column-last\" style=\"--awb-bg-size:cover;\"><div class=\"fusion-column-wrapper fusion-flex-column-wrapper-legacy\"><div class=\"fusion-title title fusion-title-5 fusion-sep-none fusion-title-text fusion-title-size-three\"><h3 class=\"fusion-title-heading title-heading-left\" style=\"margin:0;\">Certifikat och dokument<\/h3><\/div><ul class=\"docs\"><li><a href=\"https:\/\/nafse24.hamlet2.hamrenmedia.se\/wp-content\/uploads\/2023\/05\/Linkoping-plant-Control-Valve-certificate-2023.pdf\" download>\n\t\t<span class=\"file-icon\"><i class=\"far fa-file\"><\/i><\/span> \n\t\t<span class=\"wrap\">\n\t\t\t<span class=\"file-name\">TSG Type Test Certificate, Control Valves<\/span> \n\t\t\t<span class=\"file-ext\">pdf<\/span>\n\t\t\t<span class=\"lang\">en<\/span>\n\t\t<\/span>\n\t<i class=\"fas fa-arrow-down\"><\/i><\/a><\/li><li><a href=\"https:\/\/nafse24.hamlet2.hamrenmedia.se\/wp-content\/uploads\/2023\/05\/Linkoping-plant-Ball-Valve-certificate-2023.pdf\" download>\n\t\t<span class=\"file-icon\"><i class=\"far fa-file\"><\/i><\/span> \n\t\t<span class=\"wrap\">\n\t\t\t<span class=\"file-name\">TSG Type Test Certificate, Ball Valves<\/span> \n\t\t\t<span class=\"file-ext\">pdf<\/span>\n\t\t\t<span class=\"lang\">en<\/span>\n\t\t<\/span>\n\t<i class=\"fas fa-arrow-down\"><\/i><\/a><\/li><li><a href=\"https:\/\/nafse24.hamlet2.hamrenmedia.se\/wp-content\/uploads\/2023\/05\/Linkoping-plant-Butterfly-Valve-certificate-2023.pdf\" download>\n\t\t<span class=\"file-icon\"><i class=\"far fa-file\"><\/i><\/span> \n\t\t<span class=\"wrap\">\n\t\t\t<span class=\"file-name\">TSG Type Test Certificate, Butterfly Valves<\/span> \n\t\t\t<span class=\"file-ext\">pdf<\/span>\n\t\t\t<span class=\"lang\">en<\/span>\n\t\t<\/span>\n\t<i class=\"fas fa-arrow-down\"><\/i><\/a><\/li><li><a href=\"https:\/\/nafse24.hamlet2.hamrenmedia.se\/wp-content\/uploads\/2019\/01\/NAF-Declaration-of-conformity_ATEX_rev.-2.pdf\" download>\n\t\t<span class=\"file-icon\"><i class=\"far fa-file\"><\/i><\/span> \n\t\t<span class=\"wrap\">\n\t\t\t<span class=\"file-name\">Declaration of Conformity- Atex<\/span> \n\t\t\t<span class=\"file-ext\">pdf<\/span>\n\t\t\t<span class=\"lang\">en<\/span>\n\t\t<\/span>\n\t<i class=\"fas fa-arrow-down\"><\/i><\/a><\/li><li><a href=\"https:\/\/nafse24.hamlet2.hamrenmedia.se\/wp-content\/uploads\/2018\/08\/NAF-070721-C005-ShearStream-Valve-61508-Certificate-R3_1-A4.pdf\" download>\n\t\t<span class=\"file-icon\"><i class=\"far fa-file\"><\/i><\/span> \n\t\t<span class=\"wrap\">\n\t\t\t<span class=\"file-name\">Valtek ShearStream SB- Certificate SIL<\/span> \n\t\t\t<span class=\"file-ext\">pdf<\/span>\n\t\t\t<span class=\"lang\">en<\/span>\n\t\t<\/span>\n\t<i class=\"fas fa-arrow-down\"><\/i><\/a><\/li><li><a href=\"https:\/\/nafse24.hamlet2.hamrenmedia.se\/wp-content\/uploads\/2018\/08\/NAF-1006013-C001-Trunnball-DL-Valve-61508-Certificate-R2_3-A4.pdf\" download>\n\t\t<span class=\"file-icon\"><i class=\"far fa-file\"><\/i><\/span> \n\t\t<span class=\"wrap\">\n\t\t\t<span class=\"file-name\">NAF Trunnball DL- Certificate SIL<\/span> \n\t\t\t<span class=\"file-ext\">pdf<\/span>\n\t\t\t<span class=\"lang\">en<\/span>\n\t\t<\/span>\n\t<i class=\"fas fa-arrow-down\"><\/i><\/a><\/li><li><a href=\"https:\/\/nafse24.hamlet2.hamrenmedia.se\/wp-content\/uploads\/2018\/08\/NAF-070721-C004-Torex-Valve-61508-Certificate-R3_1-A4.pdf\" download>\n\t\t<span class=\"file-icon\"><i class=\"far fa-file\"><\/i><\/span> \n\t\t<span class=\"wrap\">\n\t\t\t<span class=\"file-name\">NAF Torex- Certificate SIL<\/span> \n\t\t\t<span class=\"file-ext\">pdf<\/span>\n\t\t\t<span class=\"lang\">en<\/span>\n\t\t<\/span>\n\t<i class=\"fas fa-arrow-down\"><\/i><\/a><\/li><li><a href=\"https:\/\/nafse24.hamlet2.hamrenmedia.se\/wp-content\/uploads\/2018\/08\/NAF-070721-C003-Turnex-Actuator-61508-Certificate-R3_2-A4.pdf\" download>\n\t\t<span class=\"file-icon\"><i class=\"far fa-file\"><\/i><\/span> \n\t\t<span class=\"wrap\">\n\t\t\t<span class=\"file-name\">NAF Turnex- Certificate SIL<\/span> \n\t\t\t<span class=\"file-ext\">pdf<\/span>\n\t\t\t<span class=\"lang\">en<\/span>\n\t\t<\/span>\n\t<i class=\"fas fa-arrow-down\"><\/i><\/a><\/li><li><a href=\"https:\/\/nafse24.hamlet2.hamrenmedia.se\/wp-content\/uploads\/2017\/10\/TRCU010cert_ballcheckvalves.pdf\" download>\n\t\t<span class=\"file-icon\"><i class=\"far fa-file\"><\/i><\/span> \n\t\t<span class=\"wrap\">\n\t\t\t<span class=\"file-name\">Certificate TR_CU 010_2011, Ball, Ball Sector and Check Valves<\/span> \n\t\t\t<span class=\"file-ext\">pdf<\/span>\n\t\t\t<span class=\"lang\">ru<\/span>\n\t\t<\/span>\n\t<i class=\"fas fa-arrow-down\"><\/i><\/a><\/li><li><a href=\"https:\/\/nafse24.hamlet2.hamrenmedia.se\/wp-content\/uploads\/2017\/10\/CertificateofconformityFire-SafeforDuballDL.pdf\" download>\n\t\t<span class=\"file-icon\"><i class=\"far fa-file\"><\/i><\/span> \n\t\t<span class=\"wrap\">\n\t\t\t<span class=\"file-name\">Certificate Fire-Safe for NAF Duball DL<\/span> \n\t\t\t<span class=\"file-ext\">pdf<\/span>\n\t\t\t<span class=\"lang\">en<\/span>\n\t\t<\/span>\n\t<i class=\"fas fa-arrow-down\"><\/i><\/a><\/li><li><a href=\"https:\/\/nafse24.hamlet2.hamrenmedia.se\/wp-content\/uploads\/2017\/10\/CertificateofconformityFire-SafeforTrunnballDL.pdf\" download>\n\t\t<span class=\"file-icon\"><i class=\"far fa-file\"><\/i><\/span> \n\t\t<span class=\"wrap\">\n\t\t\t<span class=\"file-name\">Certificate Fire-Safe for NAF Trunnball DL<\/span> \n\t\t\t<span class=\"file-ext\">pdf<\/span>\n\t\t\t<span class=\"lang\">en<\/span>\n\t\t<\/span>\n\t<i class=\"fas fa-arrow-down\"><\/i><\/a><\/li><li><a href=\"https:\/\/nafse24.hamlet2.hamrenmedia.se\/wp-content\/uploads\/2018\/04\/TRCU012ControlCheckBallTOBVPlugValvesnon-electric.pdf\" download>\n\t\t<span class=\"file-icon\"><i class=\"far fa-file\"><\/i><\/span> \n\t\t<span class=\"wrap\">\n\t\t\t<span class=\"file-name\">Certificate TR_CU 012_2011_Valves<\/span> \n\t\t\t<span class=\"file-ext\">pdf<\/span>\n\t\t\t<span class=\"lang\">ru<\/span>\n\t\t<\/span>\n\t<i class=\"fas fa-arrow-down\"><\/i><\/a><\/li><li><a href=\"https:\/\/nafse24.hamlet2.hamrenmedia.se\/wp-content\/uploads\/2018\/04\/TRCU012PneumaticActuatorsnon-electric.pdf\" download>\n\t\t<span class=\"file-icon\"><i class=\"far fa-file\"><\/i><\/span> \n\t\t<span class=\"wrap\">\n\t\t\t<span class=\"file-name\">Certificate TR_CU 012_2011_Actuators<\/span> \n\t\t\t<span class=\"file-ext\">pdf<\/span>\n\t\t\t<span class=\"lang\">ru<\/span>\n\t\t<\/span>\n\t<i class=\"fas fa-arrow-down\"><\/i><\/a><\/li><li><a href=\"https:\/\/nafse24.hamlet2.hamrenmedia.se\/wp-content\/uploads\/2017\/10\/TR_CU010butterflyvalves.pdf\" download>\n\t\t<span class=\"file-icon\"><i class=\"far fa-file\"><\/i><\/span> \n\t\t<span class=\"wrap\">\n\t\t\t<span class=\"file-name\">Certificate TR_CU 010_2011, Butterfly Valves<\/span> \n\t\t\t<span class=\"file-ext\">pdf<\/span>\n\t\t\t<span class=\"lang\">ru<\/span>\n\t\t<\/span>\n\t<i class=\"fas fa-arrow-down\"><\/i><\/a><\/li><li><a href=\"https:\/\/nafse24.hamlet2.hamrenmedia.se\/wp-content\/uploads\/2018\/04\/VLENDS4152-00-A4_HiRes.pdf\" download>\n\t\t<span class=\"file-icon\"><i class=\"far fa-file\"><\/i><\/span> \n\t\t<span class=\"wrap\">\n\t\t\t<span class=\"file-name\">Valtek Shearstream SB- SIL Safety Manual<\/span> \n\t\t\t<span class=\"file-ext\">pdf<\/span>\n\t\t\t<span class=\"lang\">en<\/span>\n\t\t<\/span>\n\t<i class=\"fas fa-arrow-down\"><\/i><\/a><\/li><li><a href=\"https:\/\/nafse24.hamlet2.hamrenmedia.se\/wp-content\/uploads\/2018\/04\/TRCU032_certificate.pdf\" download>\n\t\t<span class=\"file-icon\"><i class=\"far fa-file\"><\/i><\/span> \n\t\t<span class=\"wrap\">\n\t\t\t<span class=\"file-name\">Certificate TR_CU 032_2013<\/span> \n\t\t\t<span class=\"file-ext\">pdf<\/span>\n\t\t\t<span class=\"lang\">ru<\/span>\n\t\t<\/span>\n\t<i class=\"fas fa-arrow-down\"><\/i><\/a><\/li><li><a href=\"https:\/\/nafse24.hamlet2.hamrenmedia.se\/wp-content\/uploads\/2018\/04\/TRCU032_declaration.pdf\" download>\n\t\t<span class=\"file-icon\"><i class=\"far fa-file\"><\/i><\/span> \n\t\t<span class=\"wrap\">\n\t\t\t<span class=\"file-name\">Declaration TR_CU 032_2013<\/span> \n\t\t\t<span class=\"file-ext\">pdf<\/span>\n\t\t\t<span class=\"lang\">ru<\/span>\n\t\t<\/span>\n\t<i class=\"fas fa-arrow-down\"><\/i><\/a><\/li><li><a href=\"https:\/\/nafse24.hamlet2.hamrenmedia.se\/wp-content\/uploads\/2018\/04\/NAF-070721-C001-Duball-DL-Valve-61508-Certificate-R3-A4-1.pdf\" download>\n\t\t<span class=\"file-icon\"><i class=\"far fa-file\"><\/i><\/span> \n\t\t<span class=\"wrap\">\n\t\t\t<span class=\"file-name\">NAF Duball DL &#8211; Certificate SIL<\/span> \n\t\t\t<span class=\"file-ext\">pdf<\/span>\n\t\t\t<span class=\"lang\">en<\/span>\n\t\t<\/span>\n\t<i class=\"fas fa-arrow-down\"><\/i><\/a><\/li><li><a href=\"https:\/\/nafse24.hamlet2.hamrenmedia.se\/wp-content\/uploads\/2018\/04\/NAF-070721-C002-Setball-Valve-61508-Certificate-R3_1-A4.pdf\" download>\n\t\t<span class=\"file-icon\"><i class=\"far fa-file\"><\/i><\/span> \n\t\t<span class=\"wrap\">\n\t\t\t<span class=\"file-name\">NAF Setball- Certificate SIL<\/span> \n\t\t\t<span class=\"file-ext\">pdf<\/span>\n\t\t\t<span class=\"lang\">en<\/span>\n\t\t<\/span>\n\t<i class=\"fas fa-arrow-down\"><\/i><\/a><\/li><li><a href=\"https:\/\/nafse24.hamlet2.hamrenmedia.se\/wp-content\/uploads\/2018\/04\/ISO-9001_2015-valid-until-2026-07-01_eng.pdf\" download>\n\t\t<span class=\"file-icon\"><i class=\"far fa-file\"><\/i><\/span> \n\t\t<span class=\"wrap\">\n\t\t\t<span class=\"file-name\">ISO 9001-2015<\/span> \n\t\t\t<span class=\"file-ext\">pdf<\/span>\n\t\t\t<span class=\"lang\">en<\/span>\n\t\t<\/span>\n\t<i class=\"fas fa-arrow-down\"><\/i><\/a><\/li><li><a href=\"https:\/\/nafse24.hamlet2.hamrenmedia.se\/wp-content\/uploads\/2018\/04\/ISO-3834-2_welding-valid-to-2026-05-29_eng.pdf\" download>\n\t\t<span class=\"file-icon\"><i class=\"far fa-file\"><\/i><\/span> \n\t\t<span class=\"wrap\">\n\t\t\t<span class=\"file-name\">CE Welding<\/span> \n\t\t\t<span class=\"file-ext\">pdf<\/span>\n\t\t\t<span class=\"lang\">en<\/span>\n\t\t<\/span>\n\t<i class=\"fas fa-arrow-down\"><\/i><\/a><\/li><li><a href=\"https:\/\/nafse24.hamlet2.hamrenmedia.se\/wp-content\/uploads\/2018\/04\/PED-Certificate-2023-with-encl-1-and-encl-2-valid-until-2026-02-20_rev2.pdf\" download>\n\t\t<span class=\"file-icon\"><i class=\"far fa-file\"><\/i><\/span> \n\t\t<span class=\"wrap\">\n\t\t\t<span class=\"file-name\">PED\/CE- Certificate Module H<\/span> \n\t\t\t<span class=\"file-ext\">pdf<\/span>\n\t\t\t<span class=\"lang\">en<\/span>\n\t\t<\/span>\n\t<i class=\"fas fa-arrow-down\"><\/i><\/a><\/li><li><a href=\"https:\/\/nafse24.hamlet2.hamrenmedia.se\/wp-content\/uploads\/2018\/04\/NAF_CE_Fi984011_Declaration-of-conformity_ENG.pdf\" download>\n\t\t<span class=\"file-icon\"><i class=\"far fa-file\"><\/i><\/span> \n\t\t<span class=\"wrap\">\n\t\t\t<span class=\"file-name\">Fi 98.40 Declaration of conformity<\/span> \n\t\t\t<span class=\"file-ext\">pdf<\/span>\n\t\t\t<span class=\"lang\">en<\/span>\n\t\t<\/span>\n\t<i class=\"fas fa-arrow-down\"><\/i><\/a><\/li><\/ul><div class=\"fusion-clearfix\"><\/div><\/div><\/div><\/div><\/div><\/p>\n","protected":false},"excerpt":{"rendered":"","protected":false},"author":1,"featured_media":0,"parent":54,"menu_order":0,"comment_status":"closed","ping_status":"closed","template":"templates\/undersidor.php","meta":{"footnotes":""},"acf":[],"yoast_head":"<!-- This site is optimized with the Yoast SEO plugin v21.0 - https:\/\/yoast.com\/wordpress\/plugins\/seo\/ -->\n<title>Kvalitet | NAF Control Valves<\/title>\n<meta name=\"description\" content=\"NAF st\u00e5r f\u00f6r kvalitet - oavsett om man pratar om kundservice, leveranss\u00e4kerhet eller produkterna i sig, s\u00e5 handlar allt om kvalitet. F\u00f6r att s\u00e4kerst\u00e4lla att produkterna m\u00f6ter kundens krav och f\u00f6rv\u00e4ntningar reglerar vi v\u00e5ra formella kvalitetssystem mycket omsorgsfullt.\" \/>\n<meta name=\"robots\" content=\"noindex, follow, max-snippet:-1, max-image-preview:large, max-video-preview:-1\" \/>\n<meta property=\"og:locale\" content=\"sv_SE\" \/>\n<meta property=\"og:type\" content=\"article\" \/>\n<meta property=\"og:title\" content=\"Kvalitet | NAF Control Valves\" \/>\n<meta property=\"og:description\" content=\"NAF st\u00e5r f\u00f6r kvalitet - oavsett om man pratar om kundservice, leveranss\u00e4kerhet eller produkterna i sig, s\u00e5 handlar allt om kvalitet. F\u00f6r att s\u00e4kerst\u00e4lla att produkterna m\u00f6ter kundens krav och f\u00f6rv\u00e4ntningar reglerar vi v\u00e5ra formella kvalitetssystem mycket omsorgsfullt.\" \/>\n<meta property=\"og:url\" content=\"https:\/\/nafse24.hamlet2.hamrenmedia.se\/sv\/om-naf\/kvalitet\/\" \/>\n<meta property=\"og:site_name\" content=\"NAF Control Valves\" \/>\n<meta property=\"article:modified_time\" content=\"2022-08-30T15:04:13+00:00\" \/>\n<meta name=\"twitter:card\" content=\"summary_large_image\" \/>\n<meta name=\"twitter:label1\" content=\"Ber\u00e4knad l\u00e4stid\" \/>\n\t<meta name=\"twitter:data1\" content=\"3 minuter\" \/>\n<script type=\"application\/ld+json\" class=\"yoast-schema-graph\">{\"@context\":\"https:\/\/schema.org\",\"@graph\":[{\"@type\":\"WebPage\",\"@id\":\"https:\/\/nafse24.hamlet2.hamrenmedia.se\/sv\/om-naf\/kvalitet\/\",\"url\":\"https:\/\/nafse24.hamlet2.hamrenmedia.se\/sv\/om-naf\/kvalitet\/\",\"name\":\"Kvalitet | NAF Control Valves\",\"isPartOf\":{\"@id\":\"https:\/\/nafse24.hamlet2.hamrenmedia.se\/#website\"},\"datePublished\":\"2017-10-25T07:40:25+00:00\",\"dateModified\":\"2022-08-30T15:04:13+00:00\",\"description\":\"NAF st\u00e5r f\u00f6r kvalitet - oavsett om man pratar om kundservice, leveranss\u00e4kerhet eller produkterna i sig, s\u00e5 handlar allt om kvalitet. F\u00f6r att s\u00e4kerst\u00e4lla att produkterna m\u00f6ter kundens krav och f\u00f6rv\u00e4ntningar reglerar vi v\u00e5ra formella kvalitetssystem mycket omsorgsfullt.\",\"breadcrumb\":{\"@id\":\"https:\/\/nafse24.hamlet2.hamrenmedia.se\/sv\/om-naf\/kvalitet\/#breadcrumb\"},\"inLanguage\":\"sv-SE\",\"potentialAction\":[{\"@type\":\"ReadAction\",\"target\":[\"https:\/\/nafse24.hamlet2.hamrenmedia.se\/sv\/om-naf\/kvalitet\/\"]}]},{\"@type\":\"BreadcrumbList\",\"@id\":\"https:\/\/nafse24.hamlet2.hamrenmedia.se\/sv\/om-naf\/kvalitet\/#breadcrumb\",\"itemListElement\":[{\"@type\":\"ListItem\",\"position\":1,\"name\":\"Hem\",\"item\":\"https:\/\/nafse24.hamlet2.hamrenmedia.se\/sv\/\"},{\"@type\":\"ListItem\",\"position\":2,\"name\":\"Om NAF\",\"item\":\"https:\/\/nafse24.hamlet2.hamrenmedia.se\/sv\/om-naf\/\"},{\"@type\":\"ListItem\",\"position\":3,\"name\":\"Kvalitet\"}]},{\"@type\":\"WebSite\",\"@id\":\"https:\/\/nafse24.hamlet2.hamrenmedia.se\/#website\",\"url\":\"https:\/\/nafse24.hamlet2.hamrenmedia.se\/\",\"name\":\"NAF Control Valves\",\"description\":\"\",\"publisher\":{\"@id\":\"https:\/\/nafse24.hamlet2.hamrenmedia.se\/#organization\"},\"potentialAction\":[{\"@type\":\"SearchAction\",\"target\":{\"@type\":\"EntryPoint\",\"urlTemplate\":\"https:\/\/nafse24.hamlet2.hamrenmedia.se\/?s={search_term_string}\"},\"query-input\":\"required name=search_term_string\"}],\"inLanguage\":\"sv-SE\"},{\"@type\":\"Organization\",\"@id\":\"https:\/\/nafse24.hamlet2.hamrenmedia.se\/#organization\",\"name\":\"NAF Control Valves\",\"url\":\"https:\/\/nafse24.hamlet2.hamrenmedia.se\/\",\"logo\":{\"@type\":\"ImageObject\",\"inLanguage\":\"sv-SE\",\"@id\":\"https:\/\/nafse24.hamlet2.hamrenmedia.se\/#\/schema\/logo\/image\/\",\"url\":\"https:\/\/nafse24.hamlet2.hamrenmedia.se\/wp-content\/uploads\/2018\/08\/flowserve-naf-logo-white-retina.png\",\"contentUrl\":\"https:\/\/nafse24.hamlet2.hamrenmedia.se\/wp-content\/uploads\/2018\/08\/flowserve-naf-logo-white-retina.png\",\"width\":275,\"height\":146,\"caption\":\"NAF Control Valves\"},\"image\":{\"@id\":\"https:\/\/nafse24.hamlet2.hamrenmedia.se\/#\/schema\/logo\/image\/\"}}]}<\/script>\n<!-- \/ Yoast SEO plugin. -->","yoast_head_json":{"title":"Kvalitet | NAF Control Valves","description":"NAF st\u00e5r f\u00f6r kvalitet - oavsett om man pratar om kundservice, leveranss\u00e4kerhet eller produkterna i sig, s\u00e5 handlar allt om kvalitet. F\u00f6r att s\u00e4kerst\u00e4lla att produkterna m\u00f6ter kundens krav och f\u00f6rv\u00e4ntningar reglerar vi v\u00e5ra formella kvalitetssystem mycket omsorgsfullt.","robots":{"index":"noindex","follow":"follow","max-snippet":"max-snippet:-1","max-image-preview":"max-image-preview:large","max-video-preview":"max-video-preview:-1"},"og_locale":"sv_SE","og_type":"article","og_title":"Kvalitet | NAF Control Valves","og_description":"NAF st\u00e5r f\u00f6r kvalitet - oavsett om man pratar om kundservice, leveranss\u00e4kerhet eller produkterna i sig, s\u00e5 handlar allt om kvalitet. F\u00f6r att s\u00e4kerst\u00e4lla att produkterna m\u00f6ter kundens krav och f\u00f6rv\u00e4ntningar reglerar vi v\u00e5ra formella kvalitetssystem mycket omsorgsfullt.","og_url":"https:\/\/nafse24.hamlet2.hamrenmedia.se\/sv\/om-naf\/kvalitet\/","og_site_name":"NAF Control Valves","article_modified_time":"2022-08-30T15:04:13+00:00","twitter_card":"summary_large_image","twitter_misc":{"Ber\u00e4knad l\u00e4stid":"3 minuter"},"schema":{"@context":"https:\/\/schema.org","@graph":[{"@type":"WebPage","@id":"https:\/\/nafse24.hamlet2.hamrenmedia.se\/sv\/om-naf\/kvalitet\/","url":"https:\/\/nafse24.hamlet2.hamrenmedia.se\/sv\/om-naf\/kvalitet\/","name":"Kvalitet | NAF Control Valves","isPartOf":{"@id":"https:\/\/nafse24.hamlet2.hamrenmedia.se\/#website"},"datePublished":"2017-10-25T07:40:25+00:00","dateModified":"2022-08-30T15:04:13+00:00","description":"NAF st\u00e5r f\u00f6r kvalitet - oavsett om man pratar om kundservice, leveranss\u00e4kerhet eller produkterna i sig, s\u00e5 handlar allt om kvalitet. F\u00f6r att s\u00e4kerst\u00e4lla att produkterna m\u00f6ter kundens krav och f\u00f6rv\u00e4ntningar reglerar vi v\u00e5ra formella kvalitetssystem mycket omsorgsfullt.","breadcrumb":{"@id":"https:\/\/nafse24.hamlet2.hamrenmedia.se\/sv\/om-naf\/kvalitet\/#breadcrumb"},"inLanguage":"sv-SE","potentialAction":[{"@type":"ReadAction","target":["https:\/\/nafse24.hamlet2.hamrenmedia.se\/sv\/om-naf\/kvalitet\/"]}]},{"@type":"BreadcrumbList","@id":"https:\/\/nafse24.hamlet2.hamrenmedia.se\/sv\/om-naf\/kvalitet\/#breadcrumb","itemListElement":[{"@type":"ListItem","position":1,"name":"Hem","item":"https:\/\/nafse24.hamlet2.hamrenmedia.se\/sv\/"},{"@type":"ListItem","position":2,"name":"Om NAF","item":"https:\/\/nafse24.hamlet2.hamrenmedia.se\/sv\/om-naf\/"},{"@type":"ListItem","position":3,"name":"Kvalitet"}]},{"@type":"WebSite","@id":"https:\/\/nafse24.hamlet2.hamrenmedia.se\/#website","url":"https:\/\/nafse24.hamlet2.hamrenmedia.se\/","name":"NAF Control Valves","description":"","publisher":{"@id":"https:\/\/nafse24.hamlet2.hamrenmedia.se\/#organization"},"potentialAction":[{"@type":"SearchAction","target":{"@type":"EntryPoint","urlTemplate":"https:\/\/nafse24.hamlet2.hamrenmedia.se\/?s={search_term_string}"},"query-input":"required name=search_term_string"}],"inLanguage":"sv-SE"},{"@type":"Organization","@id":"https:\/\/nafse24.hamlet2.hamrenmedia.se\/#organization","name":"NAF Control Valves","url":"https:\/\/nafse24.hamlet2.hamrenmedia.se\/","logo":{"@type":"ImageObject","inLanguage":"sv-SE","@id":"https:\/\/nafse24.hamlet2.hamrenmedia.se\/#\/schema\/logo\/image\/","url":"https:\/\/nafse24.hamlet2.hamrenmedia.se\/wp-content\/uploads\/2018\/08\/flowserve-naf-logo-white-retina.png","contentUrl":"https:\/\/nafse24.hamlet2.hamrenmedia.se\/wp-content\/uploads\/2018\/08\/flowserve-naf-logo-white-retina.png","width":275,"height":146,"caption":"NAF Control Valves"},"image":{"@id":"https:\/\/nafse24.hamlet2.hamrenmedia.se\/#\/schema\/logo\/image\/"}}]}},"_links":{"self":[{"href":"https:\/\/nafse24.hamlet2.hamrenmedia.se\/sv\/wp-json\/wp\/v2\/pages\/170"}],"collection":[{"href":"https:\/\/nafse24.hamlet2.hamrenmedia.se\/sv\/wp-json\/wp\/v2\/pages"}],"about":[{"href":"https:\/\/nafse24.hamlet2.hamrenmedia.se\/sv\/wp-json\/wp\/v2\/types\/page"}],"author":[{"embeddable":true,"href":"https:\/\/nafse24.hamlet2.hamrenmedia.se\/sv\/wp-json\/wp\/v2\/users\/1"}],"replies":[{"embeddable":true,"href":"https:\/\/nafse24.hamlet2.hamrenmedia.se\/sv\/wp-json\/wp\/v2\/comments?post=170"}],"version-history":[{"count":12,"href":"https:\/\/nafse24.hamlet2.hamrenmedia.se\/sv\/wp-json\/wp\/v2\/pages\/170\/revisions"}],"predecessor-version":[{"id":6562,"href":"https:\/\/nafse24.hamlet2.hamrenmedia.se\/sv\/wp-json\/wp\/v2\/pages\/170\/revisions\/6562"}],"up":[{"embeddable":true,"href":"https:\/\/nafse24.hamlet2.hamrenmedia.se\/sv\/wp-json\/wp\/v2\/pages\/54"}],"wp:attachment":[{"href":"https:\/\/nafse24.hamlet2.hamrenmedia.se\/sv\/wp-json\/wp\/v2\/media?parent=170"}],"curies":[{"name":"wp","href":"https:\/\/api.w.org\/{rel}","templated":true}]}}